{"id":697061,"date":"2025-08-27T14:38:01","date_gmt":"2025-08-27T11:38:01","guid":{"rendered":"https:\/\/roveyayinevi.com.tr\/index.php\/urun\/yakari-ile-boz-ayi-4\/"},"modified":"2026-04-16T02:06:51","modified_gmt":"2026-04-15T23:06:51","slug":"yakari-ile-boz-ayi-4","status":"publish","type":"product","link":"https:\/\/roveyayinevi.com.tr\/index.php\/urun\/yakari-ile-boz-ayi-4\/","title":{"rendered":"Yakari ile Boz Ay\u0131 4"},"content":{"rendered":"<p>Yakari. Cesur, yard\u0131msever, k\u00fc\u00e7\u00fck bir K\u0131z\u0131lderili. \u0130nsanlarla hayvanlar\u0131n uyum i\u00e7inde ya\u015fad\u0131\u011f\u0131 u\u00e7suz bucaks\u0131z topraklarda, sad\u0131k dostu \u015eim\u015fek ve yol g\u00f6stericisi Ulu Kartal ile birlikte maceradan maceraya ko\u015fuyor. Hayvanlarla konu\u015fabildi\u011fini ke\u015ffedince bamba\u015fka bir d\u00fcnyan\u0131n kap\u0131lar\u0131 aralan\u0131yor \u00f6n\u00fcnde. Atlardan bizonlara, ay\u0131lardan kunduzlara, k\u00fc\u00e7\u00fck b\u00fcy\u00fck her hayvan\u0131n yard\u0131m\u0131na ko\u015fuyor; dertlerine, sevin\u00e7lerine ortak oluyor. Her yeni macerada bize de sevgi, sayg\u0131, ho\u015fg\u00f6r\u00fc ve dayan\u0131\u015fman\u0131n g\u00fczelliklerine dair yepyeni \u015feyler \u00f6\u011fretiyor. <\/p>\n","protected":false},"excerpt":{"rendered":"<p>Yakari. Cesur, yard\u0131msever, k\u00fc\u00e7\u00fck bir K\u0131z\u0131lderili. \u0130nsanlarla hayvanlar\u0131n uyum i\u00e7inde ya\u015fad\u0131\u011f\u0131 u\u00e7suz bucaks\u0131z topraklarda, sad\u0131k dostu \u015eim\u015fek ve yol g\u00f6stericisi Ulu Kartal ile birlikte maceradan maceraya<span class=\"excerpt-hellip\"> [\u2026]<\/span><\/p>\n","protected":false},"featured_media":0,"template":"","meta":{"_monsterinsights_skip_tracking":false,"_monsterinsights_sitenote_active":false,"_monsterinsights_sitenote_note":"","_monsterinsights_sitenote_category":0},"product_brand":[],"product_cat":[12689,12274],"product_tag":[],"class_list":{"0":"post-697061","1":"product","2":"type-product","3":"status-publish","5":"product_cat-cizgi-roman-cocuk-ve-genclik-kitaplari","6":"product_cat-cocuk-ve-genclik-kitaplari","7":"pa_tur-kitap","8":"pa_yayinevi-bilge-kultur-sanat","9":"pa_yazar-derib-job","11":"first","12":"instock","13":"sale","14":"shipping-taxable","15":"purchasable","16":"product-type-simple"},"_links":{"self":[{"href":"https:\/\/roveyayinevi.com.tr\/index.php\/wp-json\/wp\/v2\/product\/697061","targetHints":{"allow":["GET"]}}],"collection":[{"href":"https:\/\/roveyayinevi.com.tr\/index.php\/wp-json\/wp\/v2\/product"}],"about":[{"href":"https:\/\/roveyayinevi.com.tr\/index.php\/wp-json\/wp\/v2\/types\/product"}],"wp:attachment":[{"href":"https:\/\/roveyayinevi.com.tr\/index.php\/wp-json\/wp\/v2\/media?parent=697061"}],"wp:term":[{"taxonomy":"product_brand","embeddable":true,"href":"https:\/\/roveyayinevi.com.tr\/index.php\/wp-json\/wp\/v2\/product_brand?post=697061"},{"taxonomy":"product_cat","embeddable":true,"href":"https:\/\/roveyayinevi.com.tr\/index.php\/wp-json\/wp\/v2\/product_cat?post=697061"},{"taxonomy":"product_tag","embeddable":true,"href":"https:\/\/roveyayinevi.com.tr\/index.php\/wp-json\/wp\/v2\/product_tag?post=697061"}],"curies":[{"name":"wp","href":"https:\/\/api.w.org\/{rel}","templated":true}]}}