{"id":697055,"date":"2025-08-27T14:37:59","date_gmt":"2025-08-27T11:37:59","guid":{"rendered":"https:\/\/roveyayinevi.com.tr\/index.php\/urun\/herkes-icin-rafting\/"},"modified":"2026-04-16T02:06:50","modified_gmt":"2026-04-15T23:06:50","slug":"herkes-icin-rafting","status":"publish","type":"product","link":"https:\/\/roveyayinevi.com.tr\/index.php\/urun\/herkes-icin-rafting\/","title":{"rendered":"Herkes \u0130\u00e7in  Rafting"},"content":{"rendered":"<p>Herkes \u0130\u00e7in   serisi, s\u0131rt \u00e7antas\u0131 ya da botlar gibi, pek \u00e7ok insan\u0131n kamp hayat\u0131n\u0131n vazge\u00e7ilmez bir par\u00e7as\u0131 olmu\u015ftur. Bu kitaplar, y\u0131llar\u0131n deneyimini hem ucuz, hem de rahat ta\u015f\u0131nabilir bir \u015fekilde sizlere sunuyor. Yapmak istedi\u011finiz \u015fey, bir geziye \u00e7\u0131kmak ya da bu konular hakk\u0131nda bilgi sahibi olmaksa,   Herkes \u0130\u00e7in   kitaplar\u0131 size bilmek istedi\u011finiz her \u015feyi \u00f6\u011fretecek. <\/p>\n","protected":false},"excerpt":{"rendered":"<p>Herkes \u0130\u00e7in serisi, s\u0131rt \u00e7antas\u0131 ya da botlar gibi, pek \u00e7ok insan\u0131n kamp hayat\u0131n\u0131n vazge\u00e7ilmez bir par\u00e7as\u0131 olmu\u015ftur. Bu kitaplar, y\u0131llar\u0131n deneyimini hem ucuz, hem de<span class=\"excerpt-hellip\"> [\u2026]<\/span><\/p>\n","protected":false},"featured_media":0,"template":"","meta":{"_monsterinsights_skip_tracking":false,"_monsterinsights_sitenote_active":false,"_monsterinsights_sitenote_note":"","_monsterinsights_sitenote_category":0},"product_brand":[],"product_cat":[28265,15563],"product_tag":[],"class_list":{"0":"post-697055","1":"product","2":"type-product","3":"status-publish","5":"product_cat-diger-hobi","6":"product_cat-hobi","7":"pa_tur-kitap","8":"pa_yayinevi-bilge-kultur-sanat","9":"pa_yazar-jib-ellison","11":"first","12":"instock","13":"sale","14":"shipping-taxable","15":"purchasable","16":"product-type-simple"},"_links":{"self":[{"href":"https:\/\/roveyayinevi.com.tr\/index.php\/wp-json\/wp\/v2\/product\/697055","targetHints":{"allow":["GET"]}}],"collection":[{"href":"https:\/\/roveyayinevi.com.tr\/index.php\/wp-json\/wp\/v2\/product"}],"about":[{"href":"https:\/\/roveyayinevi.com.tr\/index.php\/wp-json\/wp\/v2\/types\/product"}],"wp:attachment":[{"href":"https:\/\/roveyayinevi.com.tr\/index.php\/wp-json\/wp\/v2\/media?parent=697055"}],"wp:term":[{"taxonomy":"product_brand","embeddable":true,"href":"https:\/\/roveyayinevi.com.tr\/index.php\/wp-json\/wp\/v2\/product_brand?post=697055"},{"taxonomy":"product_cat","embeddable":true,"href":"https:\/\/roveyayinevi.com.tr\/index.php\/wp-json\/wp\/v2\/product_cat?post=697055"},{"taxonomy":"product_tag","embeddable":true,"href":"https:\/\/roveyayinevi.com.tr\/index.php\/wp-json\/wp\/v2\/product_tag?post=697055"}],"curies":[{"name":"wp","href":"https:\/\/api.w.org\/{rel}","templated":true}]}}