{"id":697054,"date":"2025-08-27T14:37:59","date_gmt":"2025-08-27T11:37:59","guid":{"rendered":"https:\/\/roveyayinevi.com.tr\/index.php\/urun\/hayvan-sebze-mucize\/"},"modified":"2026-04-16T02:06:50","modified_gmt":"2026-04-15T23:06:50","slug":"hayvan-sebze-mucize","status":"publish","type":"product","link":"https:\/\/roveyayinevi.com.tr\/index.php\/urun\/hayvan-sebze-mucize\/","title":{"rendered":"Hayvan, Sebze, Mucize"},"content":{"rendered":"<p>Bu kitap&#8230; bir y\u0131l\u0131 \u00e7al\u0131\u015ft\u0131\u011f\u0131m\u0131z yerde \u00fcretilen yiyecekleri t\u00fcketerek, kom\u015fular\u0131m\u0131zla iyi ge\u00e7inerek, \u00e7evremizdeki suyu i\u00e7ip havay\u0131 soluyarak ge\u00e7irmenin ailemizi nas\u0131l de\u011fi\u015ftirdi\u011fini anlat\u0131yor. <\/p>\n","protected":false},"excerpt":{"rendered":"<p>Bu kitap&#8230; bir y\u0131l\u0131 \u00e7al\u0131\u015ft\u0131\u011f\u0131m\u0131z yerde \u00fcretilen yiyecekleri t\u00fcketerek, kom\u015fular\u0131m\u0131zla iyi ge\u00e7inerek, \u00e7evremizdeki suyu i\u00e7ip havay\u0131 soluyarak ge\u00e7irmenin ailemizi nas\u0131l de\u011fi\u015ftirdi\u011fini anlat\u0131yor.<\/p>\n","protected":false},"featured_media":0,"template":"","meta":{"_monsterinsights_skip_tracking":false,"_monsterinsights_sitenote_active":false,"_monsterinsights_sitenote_note":"","_monsterinsights_sitenote_category":0},"product_brand":[],"product_cat":[13366,13365],"product_tag":[],"class_list":{"0":"post-697054","1":"product","2":"type-product","3":"status-publish","5":"product_cat-diger-saglik","6":"product_cat-saglik","7":"pa_tur-kitap","8":"pa_yayinevi-bilge-kultur-sanat","9":"pa_yazar-barbara-kingsolver","11":"first","12":"instock","13":"sale","14":"shipping-taxable","15":"purchasable","16":"product-type-simple"},"_links":{"self":[{"href":"https:\/\/roveyayinevi.com.tr\/index.php\/wp-json\/wp\/v2\/product\/697054","targetHints":{"allow":["GET"]}}],"collection":[{"href":"https:\/\/roveyayinevi.com.tr\/index.php\/wp-json\/wp\/v2\/product"}],"about":[{"href":"https:\/\/roveyayinevi.com.tr\/index.php\/wp-json\/wp\/v2\/types\/product"}],"wp:attachment":[{"href":"https:\/\/roveyayinevi.com.tr\/index.php\/wp-json\/wp\/v2\/media?parent=697054"}],"wp:term":[{"taxonomy":"product_brand","embeddable":true,"href":"https:\/\/roveyayinevi.com.tr\/index.php\/wp-json\/wp\/v2\/product_brand?post=697054"},{"taxonomy":"product_cat","embeddable":true,"href":"https:\/\/roveyayinevi.com.tr\/index.php\/wp-json\/wp\/v2\/product_cat?post=697054"},{"taxonomy":"product_tag","embeddable":true,"href":"https:\/\/roveyayinevi.com.tr\/index.php\/wp-json\/wp\/v2\/product_tag?post=697054"}],"curies":[{"name":"wp","href":"https:\/\/api.w.org\/{rel}","templated":true}]}}