{"id":697053,"date":"2025-08-27T14:37:59","date_gmt":"2025-08-27T11:37:59","guid":{"rendered":"https:\/\/roveyayinevi.com.tr\/index.php\/urun\/hayatta-kalma-kilavuzu\/"},"modified":"2026-04-16T02:06:50","modified_gmt":"2026-04-15T23:06:50","slug":"hayatta-kalma-kilavuzu","status":"publish","type":"product","link":"https:\/\/roveyayinevi.com.tr\/index.php\/urun\/hayatta-kalma-kilavuzu\/","title":{"rendered":"Hayatta Kalma K\u0131lavuzu"},"content":{"rendered":"<p>Bu kitap, daha ziyade bir el kitab\u0131 veya k\u0131lavuz kitap niteli\u011finde d\u00fczenlenmi\u015ftir. Daha \u00e7ok askeri e\u011fitim alm\u0131\u015f ya da alacak ki\u015filer i\u00e7in d\u00fczenlenmi\u015f olsa da, konunun \u00f6z\u00fcnde ya\u015fam oldu\u011fu i\u00e7in herkesin faydalanabilece\u011fini d\u00fc\u015f\u00fcn\u00fcyoruz. \u0130\u00e7eri\u011fine genel bir bak\u0131\u015f yapt\u0131\u011f\u0131m\u0131zda; kutuplar, \u00e7\u00f6ller, b\u00fcy\u00fck ormanlar veya okyanuslar gibi ortamlarda zor ko\u015fullar alt\u0131na girdi\u011finizde (\u00f6rne\u011fin u\u00e7ak veya deniz kazas\u0131 sonucu) hayatta kalmay\u0131 nas\u0131l ba\u015farabilece\u011finizi g\u00f6rebilirsiniz. Nas\u0131l yol alaca\u011f\u0131n\u0131z, y\u00f6n\u00fcn\u00fcz\u00fc nas\u0131l bulaca\u011f\u0131n\u0131z, ilkyard\u0131m bilgileri, sa\u011fl\u0131k \u00f6nlemleri, hastaland\u0131\u011f\u0131n\u0131zda ya da yaraland\u0131\u011f\u0131n\u0131zda neler yapaca\u011f\u0131n\u0131z, su ve yiyece\u011finizi nas\u0131l bulaca\u011f\u0131n\u0131z gibi bilgiler detayl\u0131 olarak ele al\u0131nm\u0131\u015f; bunlar ele al\u0131n\u0131rken yan\u0131n\u0131zda gerekli malzeme olmad\u0131\u011f\u0131 g\u00f6z \u00f6n\u00fcnde bulundurularak do\u011fadan ve \u00f6\u011felerinden nas\u0131l faydalanabilece\u011finiz detayl\u0131 resimler e\u015fli\u011finde anlat\u0131lm\u0131\u015ft\u0131r. Bitkileri, b\u00f6cekleri ve baz\u0131 hayvanlar\u0131 da resimleriyle ve ayr\u0131nt\u0131lar\u0131yla tan\u0131yabilece\u011finiz bu \u2018Hayatta Kalma K\u0131lavuzu\u2019ndan herkes bir \u015feyler \u00f6\u011frenebilir, kendine g\u00f6re bir \u015feyler bulabilir. \ufffcTan\u0131t\u0131m Metni<\/p>\n","protected":false},"excerpt":{"rendered":"<p>Bu kitap, daha ziyade bir el kitab\u0131 veya k\u0131lavuz kitap niteli\u011finde d\u00fczenlenmi\u015ftir. Daha \u00e7ok askeri e\u011fitim alm\u0131\u015f ya da alacak ki\u015filer i\u00e7in d\u00fczenlenmi\u015f olsa da, konunun<span class=\"excerpt-hellip\"> [\u2026]<\/span><\/p>\n","protected":false},"featured_media":0,"template":"","meta":{"_monsterinsights_skip_tracking":false,"_monsterinsights_sitenote_active":false,"_monsterinsights_sitenote_note":"","_monsterinsights_sitenote_category":0},"product_brand":[],"product_cat":[12365,12364],"product_tag":[],"class_list":{"0":"post-697053","1":"product","2":"type-product","3":"status-publish","5":"product_cat-diger-genel-konular","6":"product_cat-genel-konular","7":"pa_tur-kitap","8":"pa_yayinevi-bilge-kultur-sanat","9":"pa_yazar-derleme","11":"first","12":"instock","13":"sale","14":"shipping-taxable","15":"purchasable","16":"product-type-simple"},"_links":{"self":[{"href":"https:\/\/roveyayinevi.com.tr\/index.php\/wp-json\/wp\/v2\/product\/697053","targetHints":{"allow":["GET"]}}],"collection":[{"href":"https:\/\/roveyayinevi.com.tr\/index.php\/wp-json\/wp\/v2\/product"}],"about":[{"href":"https:\/\/roveyayinevi.com.tr\/index.php\/wp-json\/wp\/v2\/types\/product"}],"wp:attachment":[{"href":"https:\/\/roveyayinevi.com.tr\/index.php\/wp-json\/wp\/v2\/media?parent=697053"}],"wp:term":[{"taxonomy":"product_brand","embeddable":true,"href":"https:\/\/roveyayinevi.com.tr\/index.php\/wp-json\/wp\/v2\/product_brand?post=697053"},{"taxonomy":"product_cat","embeddable":true,"href":"https:\/\/roveyayinevi.com.tr\/index.php\/wp-json\/wp\/v2\/product_cat?post=697053"},{"taxonomy":"product_tag","embeddable":true,"href":"https:\/\/roveyayinevi.com.tr\/index.php\/wp-json\/wp\/v2\/product_tag?post=697053"}],"curies":[{"name":"wp","href":"https:\/\/api.w.org\/{rel}","templated":true}]}}