{"id":697051,"date":"2025-08-27T14:37:58","date_gmt":"2025-08-27T11:37:58","guid":{"rendered":"https:\/\/roveyayinevi.com.tr\/index.php\/urun\/hancerli-hanim\/"},"modified":"2026-04-16T02:06:50","modified_gmt":"2026-04-15T23:06:50","slug":"hancerli-hanim","status":"publish","type":"product","link":"https:\/\/roveyayinevi.com.tr\/index.php\/urun\/hancerli-hanim\/","title":{"rendered":"Han\u00e7erli Han\u0131m"},"content":{"rendered":"<p>\u0130stanbul\u2019un diline g\u00fczelli\u011fi ile nam salm\u0131\u015f S\u00fcleyman isimli gen\u00e7, babas\u0131n\u0131n \u00f6l\u00fcm\u00fcnden sonra, servet d\u00fc\u015fmanlar\u0131n\u0131n oyununa gelir. Bir yandan babas\u0131n\u0131n b\u0131rakt\u0131\u011f\u0131 mal varl\u0131\u011f\u0131nda g\u00f6z\u00fc olanlar, onu tatl\u0131 s\u00f6zlerle kand\u0131rmaya \u00e7al\u0131\u015f\u0131rken di\u011fer yandan \u015fehirde pek \u00e7ok kad\u0131n onu elde etmenin yollar\u0131n\u0131 arar. S\u00fcleyman, b\u00fct\u00fcn bu karma\u015fan\u0131n i\u00e7inde servetini dalkavuklara yedirir ve bir s\u00fcre sefalet i\u00e7inde ya\u015far. Tekrar sakin bir hayat ya\u015famaya ba\u015flay\u0131nca da Han\u00e7erli Han\u0131m\u2019la kar\u015f\u0131la\u015f\u0131r, ama Han\u00e7erli Han\u0131m\u2019\u0131n kendisine de\u011fil k\u00f6lesi Kamer\u2019e \u00e2\u015f\u0131k olur. Bunu \u00f6\u011frenen Han\u00e7erli Han\u0131m iki sevgiliyi \u00f6ld\u00fcrmeye kalk\u0131\u015f\u0131r. <\/p>\n","protected":false},"excerpt":{"rendered":"<p>\u0130stanbul\u2019un diline g\u00fczelli\u011fi ile nam salm\u0131\u015f S\u00fcleyman isimli gen\u00e7, babas\u0131n\u0131n \u00f6l\u00fcm\u00fcnden sonra, servet d\u00fc\u015fmanlar\u0131n\u0131n oyununa gelir. Bir yandan babas\u0131n\u0131n b\u0131rakt\u0131\u011f\u0131 mal varl\u0131\u011f\u0131nda g\u00f6z\u00fc olanlar, onu tatl\u0131<span class=\"excerpt-hellip\"> [\u2026]<\/span><\/p>\n","protected":false},"featured_media":0,"template":"","meta":{"_monsterinsights_skip_tracking":false,"_monsterinsights_sitenote_active":false,"_monsterinsights_sitenote_note":"","_monsterinsights_sitenote_category":0},"product_brand":[],"product_cat":[12291,12745],"product_tag":[],"class_list":{"0":"post-697051","1":"product","2":"type-product","3":"status-publish","5":"product_cat-edebiyat","6":"product_cat-tarihi-roman","7":"pa_tur-kitap","8":"pa_yayinevi-bilge-kultur-sanat","9":"pa_yazar-osman-sevim","11":"first","12":"instock","13":"sale","14":"shipping-taxable","15":"purchasable","16":"product-type-simple"},"_links":{"self":[{"href":"https:\/\/roveyayinevi.com.tr\/index.php\/wp-json\/wp\/v2\/product\/697051","targetHints":{"allow":["GET"]}}],"collection":[{"href":"https:\/\/roveyayinevi.com.tr\/index.php\/wp-json\/wp\/v2\/product"}],"about":[{"href":"https:\/\/roveyayinevi.com.tr\/index.php\/wp-json\/wp\/v2\/types\/product"}],"wp:attachment":[{"href":"https:\/\/roveyayinevi.com.tr\/index.php\/wp-json\/wp\/v2\/media?parent=697051"}],"wp:term":[{"taxonomy":"product_brand","embeddable":true,"href":"https:\/\/roveyayinevi.com.tr\/index.php\/wp-json\/wp\/v2\/product_brand?post=697051"},{"taxonomy":"product_cat","embeddable":true,"href":"https:\/\/roveyayinevi.com.tr\/index.php\/wp-json\/wp\/v2\/product_cat?post=697051"},{"taxonomy":"product_tag","embeddable":true,"href":"https:\/\/roveyayinevi.com.tr\/index.php\/wp-json\/wp\/v2\/product_tag?post=697051"}],"curies":[{"name":"wp","href":"https:\/\/api.w.org\/{rel}","templated":true}]}}