{"id":697050,"date":"2025-08-27T14:37:58","date_gmt":"2025-08-27T11:37:58","guid":{"rendered":"https:\/\/roveyayinevi.com.tr\/index.php\/urun\/haci-bektas\/"},"modified":"2026-04-16T02:06:50","modified_gmt":"2026-04-15T23:06:50","slug":"haci-bektas","status":"publish","type":"product","link":"https:\/\/roveyayinevi.com.tr\/index.php\/urun\/haci-bektas\/","title":{"rendered":"Hac\u0131 Bekta\u015f"},"content":{"rendered":"<p>Fikir eserleri akla, \u015fiir g\u00f6nle hitap eder. Roman hem akla, hem g\u00f6nle\u2026 Roman\u0131n as\u0131l \u00fcst\u00fcnl\u00fc\u011f\u00fc de bu olsa gerek. Tasavvuf da s\u0131r d\u00fc\u015f\u00fcnmekle anla\u015f\u0131lamaz. \u0130lla ya\u015fanmas\u0131 gerekir. Tasavvuf dervi\u015flikle ya\u015fan\u0131r. Dervi\u015f d\u00fc\u015f\u00fcn\u00fcrken hisseder, hissederken d\u00fc\u015f\u00fcn\u00fcr. Hem g\u00f6z\u00fcyle, hem g\u00f6n\u00fcl g\u00f6z\u00fcyle g\u00f6r\u00fcr.Yunus, Hac\u0131 Bekta\u015f, Hac\u0131 Bayram, Niyazi M\u0131sr\u00ee tasavvuf zirvelerini de hem anlamak, hem de hissetmek gerekir; ayn\u0131 anda. \u00c7a\u011f\u0131m\u0131zda hepimiz dervi\u015f olamayaca\u011f\u0131m\u0131za g\u00f6re bunu ba\u015farman\u0131n en uygun yolu, onlar\u0131 Emine I\u015f\u0131nsu gibi bir kalemden okumakt\u0131r. Anlarken hissetmek hissederken anlamak i\u00e7in. <\/p>\n","protected":false},"excerpt":{"rendered":"<p>Fikir eserleri akla, \u015fiir g\u00f6nle hitap eder. Roman hem akla, hem g\u00f6nle\u2026 Roman\u0131n as\u0131l \u00fcst\u00fcnl\u00fc\u011f\u00fc de bu olsa gerek. Tasavvuf da s\u0131r d\u00fc\u015f\u00fcnmekle anla\u015f\u0131lamaz. \u0130lla ya\u015fanmas\u0131<span class=\"excerpt-hellip\"> [\u2026]<\/span><\/p>\n","protected":false},"featured_media":0,"template":"","meta":{"_monsterinsights_skip_tracking":false,"_monsterinsights_sitenote_active":false,"_monsterinsights_sitenote_note":"","_monsterinsights_sitenote_category":0},"product_brand":[],"product_cat":[12718,18102,12719],"product_tag":[],"class_list":{"0":"post-697050","1":"product","2":"type-product","3":"status-publish","5":"product_cat-din","6":"product_cat-edebiyat-roman","7":"product_cat-islam","8":"pa_tur-kitap","9":"pa_yayinevi-bilge-kultur-sanat","10":"pa_yazar-emine-isinsu","12":"first","13":"instock","14":"sale","15":"shipping-taxable","16":"purchasable","17":"product-type-simple"},"_links":{"self":[{"href":"https:\/\/roveyayinevi.com.tr\/index.php\/wp-json\/wp\/v2\/product\/697050","targetHints":{"allow":["GET"]}}],"collection":[{"href":"https:\/\/roveyayinevi.com.tr\/index.php\/wp-json\/wp\/v2\/product"}],"about":[{"href":"https:\/\/roveyayinevi.com.tr\/index.php\/wp-json\/wp\/v2\/types\/product"}],"wp:attachment":[{"href":"https:\/\/roveyayinevi.com.tr\/index.php\/wp-json\/wp\/v2\/media?parent=697050"}],"wp:term":[{"taxonomy":"product_brand","embeddable":true,"href":"https:\/\/roveyayinevi.com.tr\/index.php\/wp-json\/wp\/v2\/product_brand?post=697050"},{"taxonomy":"product_cat","embeddable":true,"href":"https:\/\/roveyayinevi.com.tr\/index.php\/wp-json\/wp\/v2\/product_cat?post=697050"},{"taxonomy":"product_tag","embeddable":true,"href":"https:\/\/roveyayinevi.com.tr\/index.php\/wp-json\/wp\/v2\/product_tag?post=697050"}],"curies":[{"name":"wp","href":"https:\/\/api.w.org\/{rel}","templated":true}]}}