{"id":697048,"date":"2025-08-27T14:37:57","date_gmt":"2025-08-27T11:37:57","guid":{"rendered":"https:\/\/roveyayinevi.com.tr\/index.php\/urun\/elifin-olaganustu-dusleri-2\/"},"modified":"2026-04-16T02:06:50","modified_gmt":"2026-04-15T23:06:50","slug":"elifin-olaganustu-dusleri-2","status":"publish","type":"product","link":"https:\/\/roveyayinevi.com.tr\/index.php\/urun\/elifin-olaganustu-dusleri-2\/","title":{"rendered":"Elif\u2019in Ola\u011fan\u00fcst\u00fc D\u00fc\u015fleri &#8211; 2"},"content":{"rendered":"<p>D\u00fc\u015fle ger\u00e7ek aras\u0131nda keyifli yolculuklara \u00e7\u0131kan Elif, pe\u015fine tak\u0131lan maceraperestleri de reng\u00e2renk diyarlara g\u00f6t\u00fcr\u00fcyor. <\/p>\n","protected":false},"excerpt":{"rendered":"<p>D\u00fc\u015fle ger\u00e7ek aras\u0131nda keyifli yolculuklara \u00e7\u0131kan Elif, pe\u015fine tak\u0131lan maceraperestleri de reng\u00e2renk diyarlara g\u00f6t\u00fcr\u00fcyor.<\/p>\n","protected":false},"featured_media":0,"template":"","meta":{"_monsterinsights_skip_tracking":false,"_monsterinsights_sitenote_active":false,"_monsterinsights_sitenote_note":"","_monsterinsights_sitenote_category":0},"product_brand":[],"product_cat":[12274,12284],"product_tag":[],"class_list":{"0":"post-697048","1":"product","2":"type-product","3":"status-publish","5":"product_cat-cocuk-ve-genclik-kitaplari","6":"product_cat-hikayeler","7":"pa_tur-kitap","8":"pa_yayinevi-bilge-kultur-sanat","9":"pa_yazar-bilgin-adali","11":"first","12":"instock","13":"sale","14":"shipping-taxable","15":"purchasable","16":"product-type-simple"},"_links":{"self":[{"href":"https:\/\/roveyayinevi.com.tr\/index.php\/wp-json\/wp\/v2\/product\/697048","targetHints":{"allow":["GET"]}}],"collection":[{"href":"https:\/\/roveyayinevi.com.tr\/index.php\/wp-json\/wp\/v2\/product"}],"about":[{"href":"https:\/\/roveyayinevi.com.tr\/index.php\/wp-json\/wp\/v2\/types\/product"}],"wp:attachment":[{"href":"https:\/\/roveyayinevi.com.tr\/index.php\/wp-json\/wp\/v2\/media?parent=697048"}],"wp:term":[{"taxonomy":"product_brand","embeddable":true,"href":"https:\/\/roveyayinevi.com.tr\/index.php\/wp-json\/wp\/v2\/product_brand?post=697048"},{"taxonomy":"product_cat","embeddable":true,"href":"https:\/\/roveyayinevi.com.tr\/index.php\/wp-json\/wp\/v2\/product_cat?post=697048"},{"taxonomy":"product_tag","embeddable":true,"href":"https:\/\/roveyayinevi.com.tr\/index.php\/wp-json\/wp\/v2\/product_tag?post=697048"}],"curies":[{"name":"wp","href":"https:\/\/api.w.org\/{rel}","templated":true}]}}