{"id":697040,"date":"2025-08-27T14:37:55","date_gmt":"2025-08-27T11:37:55","guid":{"rendered":"https:\/\/roveyayinevi.com.tr\/index.php\/urun\/cocuklar-icin-sira-disi-oykuler\/"},"modified":"2026-04-16T02:06:50","modified_gmt":"2026-04-15T23:06:50","slug":"cocuklar-icin-sira-disi-oykuler","status":"publish","type":"product","link":"https:\/\/roveyayinevi.com.tr\/index.php\/urun\/cocuklar-icin-sira-disi-oykuler\/","title":{"rendered":"\u00c7ocuklar \u0130\u00e7in S\u0131ra D\u0131\u015f\u0131 \u00d6yk\u00fcler"},"content":{"rendered":"<p>Hande  l\u00fctfen  demiyor, Umur ha babam yemek yiyor. Dilaver her \u015feyi a\u015f\u0131r\u0131yor, Baydur herkese sata\u015f\u0131yor. Nalan\u2019\u0131 hi\u00e7 sormay\u0131n, ha bire yalan s\u00f6yl\u00fcyor. Ama bak\u0131n sonra neler neler oluyor. S\u0131ra d\u0131\u015f\u0131 \u00f6yk\u00fcler d\u00fc\u015f\u00fcnd\u00fcr\u00fcrken e\u011flendiriyor! <\/p>\n","protected":false},"excerpt":{"rendered":"<p>Hande l\u00fctfen demiyor, Umur ha babam yemek yiyor. Dilaver her \u015feyi a\u015f\u0131r\u0131yor, Baydur herkese sata\u015f\u0131yor. Nalan\u2019\u0131 hi\u00e7 sormay\u0131n, ha bire yalan s\u00f6yl\u00fcyor. Ama bak\u0131n sonra neler<span class=\"excerpt-hellip\"> [\u2026]<\/span><\/p>\n","protected":false},"featured_media":0,"template":"","meta":{"_monsterinsights_skip_tracking":false,"_monsterinsights_sitenote_active":false,"_monsterinsights_sitenote_note":"","_monsterinsights_sitenote_category":0},"product_brand":[],"product_cat":[12274,12284],"product_tag":[],"class_list":{"0":"post-697040","1":"product","2":"type-product","3":"status-publish","5":"product_cat-cocuk-ve-genclik-kitaplari","6":"product_cat-hikayeler","7":"pa_tur-kitap","8":"pa_yayinevi-bilge-kultur-sanat","9":"pa_yazar-phil-roxbee-cox","11":"first","12":"instock","13":"sale","14":"shipping-taxable","15":"purchasable","16":"product-type-simple"},"_links":{"self":[{"href":"https:\/\/roveyayinevi.com.tr\/index.php\/wp-json\/wp\/v2\/product\/697040","targetHints":{"allow":["GET"]}}],"collection":[{"href":"https:\/\/roveyayinevi.com.tr\/index.php\/wp-json\/wp\/v2\/product"}],"about":[{"href":"https:\/\/roveyayinevi.com.tr\/index.php\/wp-json\/wp\/v2\/types\/product"}],"wp:attachment":[{"href":"https:\/\/roveyayinevi.com.tr\/index.php\/wp-json\/wp\/v2\/media?parent=697040"}],"wp:term":[{"taxonomy":"product_brand","embeddable":true,"href":"https:\/\/roveyayinevi.com.tr\/index.php\/wp-json\/wp\/v2\/product_brand?post=697040"},{"taxonomy":"product_cat","embeddable":true,"href":"https:\/\/roveyayinevi.com.tr\/index.php\/wp-json\/wp\/v2\/product_cat?post=697040"},{"taxonomy":"product_tag","embeddable":true,"href":"https:\/\/roveyayinevi.com.tr\/index.php\/wp-json\/wp\/v2\/product_tag?post=697040"}],"curies":[{"name":"wp","href":"https:\/\/api.w.org\/{rel}","templated":true}]}}