{"id":697039,"date":"2025-08-27T14:37:55","date_gmt":"2025-08-27T11:37:55","guid":{"rendered":"https:\/\/roveyayinevi.com.tr\/index.php\/urun\/pastoral-amerika\/"},"modified":"2026-04-16T02:06:50","modified_gmt":"2026-04-15T23:06:50","slug":"pastoral-amerika","status":"publish","type":"product","link":"https:\/\/roveyayinevi.com.tr\/index.php\/urun\/pastoral-amerika\/","title":{"rendered":"Pastoral Amerika"},"content":{"rendered":"<p>Philip Roth Pastoral Amerika\u2019da 20. y\u00fczy\u0131l\u0131n en ihtilafl\u0131 ve patlamaya haz\u0131r d\u00f6nemini, 60\u2019l\u0131 y\u0131llar\u0131 te\u015frih masas\u0131na yat\u0131r\u0131yor. Ba\u015fka romanlar\u0131nda da kar\u015f\u0131la\u015ft\u0131\u011f\u0131m\u0131z edebi alter egosu, yazar Nathan Zuckerman, bu kez de lise y\u0131llar\u0131ndan tan\u0131d\u0131\u011f\u0131,   Sar\u0131kafa   lakapl\u0131 beysbol y\u0131ld\u0131z\u0131 Seymour Levov\u2019un bir portresini \u00e7iziyor. \u00d6yk\u00fcy\u00fc, Seymour\u2019un karde\u015fi Jerry\u2019nin anlatt\u0131klar\u0131na, bir iki gazete k\u00fcp\u00fcr\u00fcne ve Sar\u0131kafa\u2019yla iki k\u0131sa kar\u015f\u0131la\u015fmas\u0131nda konu\u015ftuklar\u0131na dayanarak kaleme al\u0131yor. <\/p>\n","protected":false},"excerpt":{"rendered":"<p>Philip Roth Pastoral Amerika\u2019da 20. y\u00fczy\u0131l\u0131n en ihtilafl\u0131 ve patlamaya haz\u0131r d\u00f6nemini, 60\u2019l\u0131 y\u0131llar\u0131 te\u015frih masas\u0131na yat\u0131r\u0131yor. Ba\u015fka romanlar\u0131nda da kar\u015f\u0131la\u015ft\u0131\u011f\u0131m\u0131z edebi alter egosu, yazar Nathan<span class=\"excerpt-hellip\"> [\u2026]<\/span><\/p>\n","protected":false},"featured_media":0,"template":"","meta":{"_monsterinsights_skip_tracking":false,"_monsterinsights_sitenote_active":false,"_monsterinsights_sitenote_note":"","_monsterinsights_sitenote_category":0},"product_brand":[],"product_cat":[12891,12291],"product_tag":[],"class_list":{"0":"post-697039","1":"product","2":"type-product","3":"status-publish","5":"product_cat-amerikan-edebiyati","6":"product_cat-edebiyat","7":"pa_cilt-ciltsiz","8":"pa_tur-kitap","9":"pa_yayinevi-ayrinti-yayinlari","10":"pa_yazar-philip-roth","12":"first","13":"instock","14":"sale","15":"shipping-taxable","16":"purchasable","17":"product-type-simple"},"_links":{"self":[{"href":"https:\/\/roveyayinevi.com.tr\/index.php\/wp-json\/wp\/v2\/product\/697039","targetHints":{"allow":["GET"]}}],"collection":[{"href":"https:\/\/roveyayinevi.com.tr\/index.php\/wp-json\/wp\/v2\/product"}],"about":[{"href":"https:\/\/roveyayinevi.com.tr\/index.php\/wp-json\/wp\/v2\/types\/product"}],"wp:attachment":[{"href":"https:\/\/roveyayinevi.com.tr\/index.php\/wp-json\/wp\/v2\/media?parent=697039"}],"wp:term":[{"taxonomy":"product_brand","embeddable":true,"href":"https:\/\/roveyayinevi.com.tr\/index.php\/wp-json\/wp\/v2\/product_brand?post=697039"},{"taxonomy":"product_cat","embeddable":true,"href":"https:\/\/roveyayinevi.com.tr\/index.php\/wp-json\/wp\/v2\/product_cat?post=697039"},{"taxonomy":"product_tag","embeddable":true,"href":"https:\/\/roveyayinevi.com.tr\/index.php\/wp-json\/wp\/v2\/product_tag?post=697039"}],"curies":[{"name":"wp","href":"https:\/\/api.w.org\/{rel}","templated":true}]}}