{"id":697032,"date":"2025-08-27T14:37:46","date_gmt":"2025-08-27T11:37:46","guid":{"rendered":"https:\/\/roveyayinevi.com.tr\/index.php\/urun\/uc-kiz-kardes\/"},"modified":"2026-04-16T02:06:49","modified_gmt":"2026-04-15T23:06:49","slug":"uc-kiz-kardes","status":"publish","type":"product","link":"https:\/\/roveyayinevi.com.tr\/index.php\/urun\/uc-kiz-kardes\/","title":{"rendered":"\u00dc\u00e7 K\u0131z Karde\u015f"},"content":{"rendered":"<p>Zaman\u0131m\u0131z\u0131n i\u011fren\u00e7 oldu\u011funu, ama gelece\u011fin \u00e7ok g\u00fczel olaca\u011f\u0131n\u0131 d\u00fc\u015f\u00fcn\u00fcyorum! Hafifliyorum gelece\u011fi d\u00fc\u015f\u00fcnd\u00fc\u011f\u00fcmde, ferahl\u0131yorum&#8230; Uzaklarda bir \u0131\u015f\u0131k beliriyor, \u00f6zg\u00fcrl\u00fc\u011f\u00fc g\u00f6r\u00fcyorum; \u00e7ocuklar\u0131m\u0131n da, benim de i\u015fsiz g\u00fc\u00e7s\u00fczl\u00fckten, i\u00e7kiden, kaz etli kapuskadan, yemekten sonra yat\u0131p uyumaktan, asalakl\u0131ktan uzak olaca\u011f\u0131m\u0131z\u0131 g\u00f6r\u00fcyorum&#8230; <\/p>\n","protected":false},"excerpt":{"rendered":"<p>Zaman\u0131m\u0131z\u0131n i\u011fren\u00e7 oldu\u011funu, ama gelece\u011fin \u00e7ok g\u00fczel olaca\u011f\u0131n\u0131 d\u00fc\u015f\u00fcn\u00fcyorum! Hafifliyorum gelece\u011fi d\u00fc\u015f\u00fcnd\u00fc\u011f\u00fcmde, ferahl\u0131yorum&#8230; Uzaklarda bir \u0131\u015f\u0131k beliriyor, \u00f6zg\u00fcrl\u00fc\u011f\u00fc g\u00f6r\u00fcyorum; \u00e7ocuklar\u0131m\u0131n da, benim de i\u015fsiz g\u00fc\u00e7s\u00fczl\u00fckten, i\u00e7kiden,<span class=\"excerpt-hellip\"> [\u2026]<\/span><\/p>\n","protected":false},"featured_media":0,"template":"","meta":{"_monsterinsights_skip_tracking":false,"_monsterinsights_sitenote_active":false,"_monsterinsights_sitenote_note":"","_monsterinsights_sitenote_category":0},"product_brand":[],"product_cat":[12291,13570],"product_tag":[],"class_list":{"0":"post-697032","1":"product","2":"type-product","3":"status-publish","5":"product_cat-edebiyat","6":"product_cat-rus-edebiyati","7":"pa_tur-kitap","8":"pa_yayinevi-bilge-kultur-sanat","9":"pa_yazar-anton-pavlovic-cehov","11":"first","12":"instock","13":"sale","14":"shipping-taxable","15":"purchasable","16":"product-type-simple"},"_links":{"self":[{"href":"https:\/\/roveyayinevi.com.tr\/index.php\/wp-json\/wp\/v2\/product\/697032","targetHints":{"allow":["GET"]}}],"collection":[{"href":"https:\/\/roveyayinevi.com.tr\/index.php\/wp-json\/wp\/v2\/product"}],"about":[{"href":"https:\/\/roveyayinevi.com.tr\/index.php\/wp-json\/wp\/v2\/types\/product"}],"wp:attachment":[{"href":"https:\/\/roveyayinevi.com.tr\/index.php\/wp-json\/wp\/v2\/media?parent=697032"}],"wp:term":[{"taxonomy":"product_brand","embeddable":true,"href":"https:\/\/roveyayinevi.com.tr\/index.php\/wp-json\/wp\/v2\/product_brand?post=697032"},{"taxonomy":"product_cat","embeddable":true,"href":"https:\/\/roveyayinevi.com.tr\/index.php\/wp-json\/wp\/v2\/product_cat?post=697032"},{"taxonomy":"product_tag","embeddable":true,"href":"https:\/\/roveyayinevi.com.tr\/index.php\/wp-json\/wp\/v2\/product_tag?post=697032"}],"curies":[{"name":"wp","href":"https:\/\/api.w.org\/{rel}","templated":true}]}}