{"id":697022,"date":"2025-08-27T14:37:43","date_gmt":"2025-08-27T11:37:43","guid":{"rendered":"https:\/\/roveyayinevi.com.tr\/index.php\/urun\/ankara-ekspresi\/"},"modified":"2026-04-16T02:06:49","modified_gmt":"2026-04-15T23:06:49","slug":"ankara-ekspresi","status":"publish","type":"product","link":"https:\/\/roveyayinevi.com.tr\/index.php\/urun\/ankara-ekspresi\/","title":{"rendered":"Ankara Ekspresi"},"content":{"rendered":"<p>Edebiyat\u0131n ve \u00f6zellikle roman\u0131n sevilmesinde ve geni\u015f kitlelere yay\u0131lmas\u0131nda b\u00fcy\u00fck rol\u00fc olan Esat Mahmut Karakurt\u2019un eserlerini Bilgi Yay\u0131nevi yeniden okurla bulu\u015fturuyor. Ankara Ekspresi\u2019nde, Almanya\u2019n\u0131n \u0130kinci D\u00fcnya Sava\u015f\u0131 s\u0131ras\u0131nda T\u00fcrkiye\u2019yi i\u00e7ten bir bask\u0131nla ele ge\u00e7irme \u00e7abalar\u0131 ve bu \u00e7abalar esnas\u0131nda gizli servisler aras\u0131ndaki m\u00fccadeleler anlat\u0131lmaktad\u0131r <\/p>\n","protected":false},"excerpt":{"rendered":"<p>Edebiyat\u0131n ve \u00f6zellikle roman\u0131n sevilmesinde ve geni\u015f kitlelere yay\u0131lmas\u0131nda b\u00fcy\u00fck rol\u00fc olan Esat Mahmut Karakurt\u2019un eserlerini Bilgi Yay\u0131nevi yeniden okurla bulu\u015fturuyor. Ankara Ekspresi\u2019nde, Almanya\u2019n\u0131n \u0130kinci D\u00fcnya<span class=\"excerpt-hellip\"> [\u2026]<\/span><\/p>\n","protected":false},"featured_media":0,"template":"","meta":{"_monsterinsights_skip_tracking":false,"_monsterinsights_sitenote_active":false,"_monsterinsights_sitenote_note":"","_monsterinsights_sitenote_category":0},"product_brand":[],"product_cat":[14643,12291],"product_tag":[],"class_list":{"0":"post-697022","1":"product","2":"type-product","3":"status-publish","5":"product_cat-ask","6":"product_cat-edebiyat","7":"pa_tur-kitap","8":"pa_yayinevi-bilgi-yayinevi","9":"pa_yazar-esat-mahmut-karakurt","11":"first","12":"instock","13":"sale","14":"shipping-taxable","15":"purchasable","16":"product-type-simple"},"_links":{"self":[{"href":"https:\/\/roveyayinevi.com.tr\/index.php\/wp-json\/wp\/v2\/product\/697022","targetHints":{"allow":["GET"]}}],"collection":[{"href":"https:\/\/roveyayinevi.com.tr\/index.php\/wp-json\/wp\/v2\/product"}],"about":[{"href":"https:\/\/roveyayinevi.com.tr\/index.php\/wp-json\/wp\/v2\/types\/product"}],"wp:attachment":[{"href":"https:\/\/roveyayinevi.com.tr\/index.php\/wp-json\/wp\/v2\/media?parent=697022"}],"wp:term":[{"taxonomy":"product_brand","embeddable":true,"href":"https:\/\/roveyayinevi.com.tr\/index.php\/wp-json\/wp\/v2\/product_brand?post=697022"},{"taxonomy":"product_cat","embeddable":true,"href":"https:\/\/roveyayinevi.com.tr\/index.php\/wp-json\/wp\/v2\/product_cat?post=697022"},{"taxonomy":"product_tag","embeddable":true,"href":"https:\/\/roveyayinevi.com.tr\/index.php\/wp-json\/wp\/v2\/product_tag?post=697022"}],"curies":[{"name":"wp","href":"https:\/\/api.w.org\/{rel}","templated":true}]}}