{"id":697019,"date":"2025-08-27T14:37:42","date_gmt":"2025-08-27T11:37:42","guid":{"rendered":"https:\/\/roveyayinevi.com.tr\/index.php\/urun\/aganta-burina-burinata\/"},"modified":"2026-04-16T02:06:49","modified_gmt":"2026-04-15T23:06:49","slug":"aganta-burina-burinata","status":"publish","type":"product","link":"https:\/\/roveyayinevi.com.tr\/index.php\/urun\/aganta-burina-burinata\/","title":{"rendered":"Aganta Burina Burinata"},"content":{"rendered":"<p>Bal\u0131k\u00e7\u0131lar, s\u00fcnger avc\u0131lar\u0131, dalg\u0131\u00e7lar, gemiciler&#8230;Halikarnas Bal\u0131k\u00e7\u0131s\u0131\u2019n\u0131n hikaye ve romanlar\u0131yla gelen bu tipler, sadece edebiyata ilk kez geldikleri i\u00e7in ilgin\u00e7 de\u011fildirler. Bal\u0131k\u00e7\u0131, denize ba\u011fl\u0131 olarak, g\u00fczelli\u011fi, \u00f6zg\u00fcrl\u00fc\u011f\u00fc, ba\u015fkald\u0131r\u0131y\u0131, insano\u011flunun ge\u00e7mi\u015fteki ve gelecekteki aray\u0131\u015flar\u0131n\u0131 kay\u0131plar\u0131n\u0131, bunal\u0131mlar\u0131n\u0131, korkular\u0131n\u0131, \u0131\u015f\u0131\u011f\u0131 k\u0131rar gibi kendili\u011finden alabildi\u011fine etkin bir anlat\u0131mla ortaya koyarak, \u00e7a\u011fda\u015f insanc\u0131l bak\u0131\u015fla eski uygarl\u0131klar aras\u0131ndaki ba\u011flar\u0131 g\u00f6stermi\u015ftir. Bal\u0131k\u00e7\u0131\u2019n\u0131n ilk roman\u0131 olan Agata Burina Burinata, yazar\u0131n \u015fiirli ve m\u00fczikli dilinin, do\u011fa ve insan sevgisinin, tan\u0131t\u0131m ve duygusal g\u00fcc\u00fcn\u00fcn en g\u00fczel \u00f6rneklerinden biridir. \ufffc<\/p>\n","protected":false},"excerpt":{"rendered":"<p>Bal\u0131k\u00e7\u0131lar, s\u00fcnger avc\u0131lar\u0131, dalg\u0131\u00e7lar, gemiciler&#8230;Halikarnas Bal\u0131k\u00e7\u0131s\u0131\u2019n\u0131n hikaye ve romanlar\u0131yla gelen bu tipler, sadece edebiyata ilk kez geldikleri i\u00e7in ilgin\u00e7 de\u011fildirler. Bal\u0131k\u00e7\u0131, denize ba\u011fl\u0131 olarak, g\u00fczelli\u011fi, \u00f6zg\u00fcrl\u00fc\u011f\u00fc,<span class=\"excerpt-hellip\"> [\u2026]<\/span><\/p>\n","protected":false},"featured_media":0,"template":"","meta":{"_monsterinsights_skip_tracking":false,"_monsterinsights_sitenote_active":false,"_monsterinsights_sitenote_note":"","_monsterinsights_sitenote_category":0},"product_brand":[],"product_cat":[12291,12292],"product_tag":[],"class_list":{"0":"post-697019","1":"product","2":"type-product","3":"status-publish","5":"product_cat-edebiyat","6":"product_cat-turk-edebiyati","7":"pa_cilt-ciltsiz","8":"pa_tur-kitap","9":"pa_yayinevi-bilgi-yayinevi","10":"pa_yazar-cevat-sakir-kabaagacli-halikarnas-balikcisi","12":"first","13":"instock","14":"sale","15":"shipping-taxable","16":"purchasable","17":"product-type-simple"},"_links":{"self":[{"href":"https:\/\/roveyayinevi.com.tr\/index.php\/wp-json\/wp\/v2\/product\/697019","targetHints":{"allow":["GET"]}}],"collection":[{"href":"https:\/\/roveyayinevi.com.tr\/index.php\/wp-json\/wp\/v2\/product"}],"about":[{"href":"https:\/\/roveyayinevi.com.tr\/index.php\/wp-json\/wp\/v2\/types\/product"}],"wp:attachment":[{"href":"https:\/\/roveyayinevi.com.tr\/index.php\/wp-json\/wp\/v2\/media?parent=697019"}],"wp:term":[{"taxonomy":"product_brand","embeddable":true,"href":"https:\/\/roveyayinevi.com.tr\/index.php\/wp-json\/wp\/v2\/product_brand?post=697019"},{"taxonomy":"product_cat","embeddable":true,"href":"https:\/\/roveyayinevi.com.tr\/index.php\/wp-json\/wp\/v2\/product_cat?post=697019"},{"taxonomy":"product_tag","embeddable":true,"href":"https:\/\/roveyayinevi.com.tr\/index.php\/wp-json\/wp\/v2\/product_tag?post=697019"}],"curies":[{"name":"wp","href":"https:\/\/api.w.org\/{rel}","templated":true}]}}