{"id":697008,"date":"2025-08-27T14:37:39","date_gmt":"2025-08-27T11:37:39","guid":{"rendered":"https:\/\/roveyayinevi.com.tr\/index.php\/urun\/fenerbahce-cumhuriyeti-ve-cumhurbaskanlari\/"},"modified":"2026-04-16T02:06:49","modified_gmt":"2026-04-15T23:06:49","slug":"fenerbahce-cumhuriyeti-ve-cumhurbaskanlari","status":"publish","type":"product","link":"https:\/\/roveyayinevi.com.tr\/index.php\/urun\/fenerbahce-cumhuriyeti-ve-cumhurbaskanlari\/","title":{"rendered":"Fenerbah\u00e7e Cumhuriyeti ve Cumhurba\u015fkanlar\u0131"},"content":{"rendered":"<p>Spor kul\u00fcplerimizin yok asl\u0131nda birbirlerinden farklar\u0131. Ama   O   ba\u015fka   O   nun hakk\u0131nda \u00e7ok kitap yaz\u0131ld\u0131. Oysa \u2018BU   ba\u015fka.Bu kitap ger\u00e7ekten farkl\u0131. Bu kitapta Kad\u0131k\u00f6y ve Fenerbah\u00e7e Spor Kul\u00fcb\u00fc\u2019n\u00fcn sosyo-psikolojik durumlar\u0131 birbirine ba\u011flant\u0131l\u0131 olarak anlat\u0131l\u0131yor. \u0130\u00e7erik, tamamen ya\u015fan\u0131rken tan\u0131k olunmu\u015f olaylardan olu\u015fuyor. \u0130mgesel \u00fcr\u00fcn hi\u00e7 yok; abart\u0131 da&#8230; Yar\u0131m y\u00fczy\u0131l \u00f6nceki gramofon \u00e7a\u011f\u0131ndan, bug\u00fcnk\u00fc bilgisayarl\u0131 \u00e7a\u011fa ula\u015f\u0131l\u0131rken acaba Kad\u0131k\u00f6y \u00e7a\u011f\u0131 nerede yakalad\u0131. Ya Fenerbah\u00e7e ? \u00c7a\u011fda\u015fl\u0131\u011f\u0131n neresinde dersiniz ? Fenerbah\u00e7e tarihine ismi kaz\u0131nm\u0131\u015f bir b\u00fcy\u00fck futbolcu,g\u00fcn\u00fcm\u00fcz\u00fcn usta kalemi Halit Dering\u00f6r Kad\u0131k\u00f6y\u2019\u00fc de Fenerbah\u00e7e Spor Kulub\u00fc\u2019n\u00fc de tarihin g\u00f6lgesinden s\u00fczge\u00e7liyor ve tarihe belge b\u0131rak\u0131yor. <\/p>\n","protected":false},"excerpt":{"rendered":"<p>Spor kul\u00fcplerimizin yok asl\u0131nda birbirlerinden farklar\u0131. Ama O ba\u015fka O nun hakk\u0131nda \u00e7ok kitap yaz\u0131ld\u0131. Oysa \u2018BU ba\u015fka.Bu kitap ger\u00e7ekten farkl\u0131. Bu kitapta Kad\u0131k\u00f6y ve Fenerbah\u00e7e<span class=\"excerpt-hellip\"> [\u2026]<\/span><\/p>\n","protected":false},"featured_media":0,"template":"","meta":{"_monsterinsights_skip_tracking":false,"_monsterinsights_sitenote_active":false,"_monsterinsights_sitenote_note":"","_monsterinsights_sitenote_category":0},"product_brand":[],"product_cat":[15563,15564],"product_tag":[],"class_list":{"0":"post-697008","1":"product","2":"type-product","3":"status-publish","5":"product_cat-hobi","6":"product_cat-spor","7":"pa_tur-kitap","8":"pa_yayinevi-bilge-kultur-sanat","9":"pa_yazar-halit-deringor","11":"first","12":"instock","13":"sale","14":"shipping-taxable","15":"purchasable","16":"product-type-simple"},"_links":{"self":[{"href":"https:\/\/roveyayinevi.com.tr\/index.php\/wp-json\/wp\/v2\/product\/697008","targetHints":{"allow":["GET"]}}],"collection":[{"href":"https:\/\/roveyayinevi.com.tr\/index.php\/wp-json\/wp\/v2\/product"}],"about":[{"href":"https:\/\/roveyayinevi.com.tr\/index.php\/wp-json\/wp\/v2\/types\/product"}],"wp:attachment":[{"href":"https:\/\/roveyayinevi.com.tr\/index.php\/wp-json\/wp\/v2\/media?parent=697008"}],"wp:term":[{"taxonomy":"product_brand","embeddable":true,"href":"https:\/\/roveyayinevi.com.tr\/index.php\/wp-json\/wp\/v2\/product_brand?post=697008"},{"taxonomy":"product_cat","embeddable":true,"href":"https:\/\/roveyayinevi.com.tr\/index.php\/wp-json\/wp\/v2\/product_cat?post=697008"},{"taxonomy":"product_tag","embeddable":true,"href":"https:\/\/roveyayinevi.com.tr\/index.php\/wp-json\/wp\/v2\/product_tag?post=697008"}],"curies":[{"name":"wp","href":"https:\/\/api.w.org\/{rel}","templated":true}]}}