{"id":697006,"date":"2025-08-27T14:37:39","date_gmt":"2025-08-27T11:37:39","guid":{"rendered":"https:\/\/roveyayinevi.com.tr\/index.php\/urun\/esref-saat\/"},"modified":"2026-04-16T02:06:49","modified_gmt":"2026-04-15T23:06:49","slug":"esref-saat","status":"publish","type":"product","link":"https:\/\/roveyayinevi.com.tr\/index.php\/urun\/esref-saat\/","title":{"rendered":"E\u015fref Saat"},"content":{"rendered":"<p>T\u00fcrk\u00e7eyi g\u00fczel kullanan yazarlardan biri olan \u015eevket Rado sohbetlerinde ak\u0131c\u0131 ve kolay anla\u015f\u0131l\u0131r bir \u00fcsluba sahip. E\u015fref Saat \u00e7ocuklara hatta her seviyedeki insana vazife duygusunu, etraf\u0131na faydal\u0131 olmay\u0131, g\u00fc\u00e7l\u00fcklerden y\u0131lmamay\u0131, aileye ba\u011fl\u0131 olmay\u0131 telkin etmek amac\u0131yla \u0130stanbul Radyosu\u2019ndaki konu\u015fmalar\u0131ndan olu\u015fuyor. E\u015fref Saat\u2019i okuyarak hayat\u0131 sevecek, sa\u011fl\u0131\u011f\u0131n\u0131z\u0131n de\u011ferini bilecek, zengin olmak i\u00e7in do\u011fru davran\u0131\u015f\u0131n ne oldu\u011funu \u00f6\u011freneceksiniz. \u0130lk\u00f6\u011fretim \u00f6\u011frencileri i\u00e7in belirlenen 100 Temel Eser\u2019den biri olan E\u015fref Saat pek \u00e7ok insan\u0131n ke\u015fke \u00f6\u011frencilik y\u0131llar\u0131nda, \u00e7ok daha \u00f6nce okusayd\u0131m diyece\u011fi t\u00fcrden bilgiler i\u00e7eren bir kitap. Eser, yazar\u0131n radyo konu\u015fmalar\u0131n\u0131 dinleyenlerin o g\u00fcnlere d\u00f6nmelerini sa\u011flayacak t\u00fcrden bir anlat\u0131ma sahip. Yazar\u0131n ifadesiyle hayat\u0131 sevmeyi, \u00e7al\u0131\u015fmay\u0131, iyili\u011fe, do\u011frulu\u011fa, g\u00fczelli\u011fe de\u011fer vermeyi \u00fcst\u00fcn tutan bir insan olman\u0131n kap\u0131s\u0131n\u0131 aral\u0131yor E\u015fref Saat. <\/p>\n","protected":false},"excerpt":{"rendered":"<p>T\u00fcrk\u00e7eyi g\u00fczel kullanan yazarlardan biri olan \u015eevket Rado sohbetlerinde ak\u0131c\u0131 ve kolay anla\u015f\u0131l\u0131r bir \u00fcsluba sahip. E\u015fref Saat \u00e7ocuklara hatta her seviyedeki insana vazife duygusunu, etraf\u0131na<span class=\"excerpt-hellip\"> [\u2026]<\/span><\/p>\n","protected":false},"featured_media":0,"template":"","meta":{"_monsterinsights_skip_tracking":false,"_monsterinsights_sitenote_active":false,"_monsterinsights_sitenote_note":"","_monsterinsights_sitenote_category":0},"product_brand":[],"product_cat":[12777,12291],"product_tag":[],"class_list":{"0":"post-697006","1":"product","2":"type-product","3":"status-publish","5":"product_cat-deneme","6":"product_cat-edebiyat","7":"pa_cilt-ciltsiz","8":"pa_tur-kitap","9":"pa_yayinevi-bilge-kultur-sanat","10":"pa_yazar-sevket-rado","12":"first","13":"instock","14":"sale","15":"shipping-taxable","16":"purchasable","17":"product-type-simple"},"_links":{"self":[{"href":"https:\/\/roveyayinevi.com.tr\/index.php\/wp-json\/wp\/v2\/product\/697006","targetHints":{"allow":["GET"]}}],"collection":[{"href":"https:\/\/roveyayinevi.com.tr\/index.php\/wp-json\/wp\/v2\/product"}],"about":[{"href":"https:\/\/roveyayinevi.com.tr\/index.php\/wp-json\/wp\/v2\/types\/product"}],"wp:attachment":[{"href":"https:\/\/roveyayinevi.com.tr\/index.php\/wp-json\/wp\/v2\/media?parent=697006"}],"wp:term":[{"taxonomy":"product_brand","embeddable":true,"href":"https:\/\/roveyayinevi.com.tr\/index.php\/wp-json\/wp\/v2\/product_brand?post=697006"},{"taxonomy":"product_cat","embeddable":true,"href":"https:\/\/roveyayinevi.com.tr\/index.php\/wp-json\/wp\/v2\/product_cat?post=697006"},{"taxonomy":"product_tag","embeddable":true,"href":"https:\/\/roveyayinevi.com.tr\/index.php\/wp-json\/wp\/v2\/product_tag?post=697006"}],"curies":[{"name":"wp","href":"https:\/\/api.w.org\/{rel}","templated":true}]}}