{"id":697001,"date":"2025-08-27T14:37:37","date_gmt":"2025-08-27T11:37:37","guid":{"rendered":"https:\/\/roveyayinevi.com.tr\/index.php\/urun\/imparatorun-mezari\/"},"modified":"2026-04-16T02:06:49","modified_gmt":"2026-04-15T23:06:49","slug":"imparatorun-mezari","status":"publish","type":"product","link":"https:\/\/roveyayinevi.com.tr\/index.php\/urun\/imparatorun-mezari\/","title":{"rendered":"\u0130mparator\u2019un Mezar\u0131"},"content":{"rendered":"<p>\u00c7in\u2019in \u0130lk \u0130mparatoru\u2019nun toprak askerlerden m\u00fcte\u015fekkil bir yer alt\u0131 ordusu taraf\u0131ndan korunan mezar\u0131 2.000 y\u0131ldan fazla bir zamand\u0131r m\u00fch\u00fcrl\u00fcd\u00fcr. D\u00fcnyan\u0131n en b\u00fcy\u00fck arkeolojik alanlar\u0131ndan biri olsa da \u00c7in h\u00fck\u00fcmeti kimsenin mezar\u0131 a\u00e7mas\u0131na izin vermeyecektir. Ama neden? <\/p>\n","protected":false},"excerpt":{"rendered":"<p>\u00c7in\u2019in \u0130lk \u0130mparatoru\u2019nun toprak askerlerden m\u00fcte\u015fekkil bir yer alt\u0131 ordusu taraf\u0131ndan korunan mezar\u0131 2.000 y\u0131ldan fazla bir zamand\u0131r m\u00fch\u00fcrl\u00fcd\u00fcr. D\u00fcnyan\u0131n en b\u00fcy\u00fck arkeolojik alanlar\u0131ndan biri olsa<span class=\"excerpt-hellip\"> [\u2026]<\/span><\/p>\n","protected":false},"featured_media":0,"template":"","meta":{"_monsterinsights_skip_tracking":false,"_monsterinsights_sitenote_active":false,"_monsterinsights_sitenote_note":"","_monsterinsights_sitenote_category":0},"product_brand":[],"product_cat":[12291,12711],"product_tag":[],"class_list":{"0":"post-697001","1":"product","2":"type-product","3":"status-publish","5":"product_cat-edebiyat","6":"product_cat-roman-oyku","7":"pa_tur-kitap","8":"pa_yayinevi-bilge-kultur-sanat","9":"pa_yazar-steve-berry","11":"first","12":"instock","13":"sale","14":"shipping-taxable","15":"purchasable","16":"product-type-simple"},"_links":{"self":[{"href":"https:\/\/roveyayinevi.com.tr\/index.php\/wp-json\/wp\/v2\/product\/697001","targetHints":{"allow":["GET"]}}],"collection":[{"href":"https:\/\/roveyayinevi.com.tr\/index.php\/wp-json\/wp\/v2\/product"}],"about":[{"href":"https:\/\/roveyayinevi.com.tr\/index.php\/wp-json\/wp\/v2\/types\/product"}],"wp:attachment":[{"href":"https:\/\/roveyayinevi.com.tr\/index.php\/wp-json\/wp\/v2\/media?parent=697001"}],"wp:term":[{"taxonomy":"product_brand","embeddable":true,"href":"https:\/\/roveyayinevi.com.tr\/index.php\/wp-json\/wp\/v2\/product_brand?post=697001"},{"taxonomy":"product_cat","embeddable":true,"href":"https:\/\/roveyayinevi.com.tr\/index.php\/wp-json\/wp\/v2\/product_cat?post=697001"},{"taxonomy":"product_tag","embeddable":true,"href":"https:\/\/roveyayinevi.com.tr\/index.php\/wp-json\/wp\/v2\/product_tag?post=697001"}],"curies":[{"name":"wp","href":"https:\/\/api.w.org\/{rel}","templated":true}]}}