{"id":697000,"date":"2025-08-27T14:37:37","date_gmt":"2025-08-27T11:37:37","guid":{"rendered":"https:\/\/roveyayinevi.com.tr\/index.php\/urun\/issizligin-ortasinda\/"},"modified":"2026-04-16T02:06:49","modified_gmt":"2026-04-15T23:06:49","slug":"issizligin-ortasinda","status":"publish","type":"product","link":"https:\/\/roveyayinevi.com.tr\/index.php\/urun\/issizligin-ortasinda\/","title":{"rendered":"Iss\u0131zl\u0131\u011f\u0131n Ortas\u0131nda"},"content":{"rendered":"<p>Y\u0131l 1867. Kanada\u2019n\u0131n kuzeyindeki, tenha bir yerle\u015fim yeri olan Dove Nehri\u2019nde k\u0131\u015f\u0131n kendini iyiden iyiye hissettirmeye ba\u015flad\u0131\u011f\u0131 g\u00fcnlerden birinde kasaban\u0131n Frans\u0131z sakini k\u00fcrk t\u00fcccar\u0131 Laurent Jammet evinde vah\u015fi bir \u015fekilde \u00f6ld\u00fcr\u00fclm\u00fc\u015f olarak bulunur. Onu bulan yine civar evlerden birinin sahibesi Bayan Ross\u2019tur. \u00c7ok ge\u00e7meden katili yakalamak \u00fczere bir soru\u015fturma ba\u015flat\u0131l\u0131r. Cinayetin ba\u015f \u015f\u00fcphelisi Bayan Ross\u2019un cinayet g\u00fcn\u00fc ortadan kaybolan on yedi ya\u015f\u0131ndaki o\u011flu Francis\u2019tir. Francis\u2019in pe\u015fine d\u00fc\u015fenlerin her biri ba\u015fka bir \u015fey ar\u0131yordur: Bir katil. Bir o\u011ful. On yedi senedir kay\u0131p olan iki k\u0131z karde\u015f. Ve yitip gitmi\u015f bir k\u00fclt\u00fcr. Kar ge\u00e7mi\u015fin izlerini sonsuza dek \u00f6rtmeden \u0131ss\u0131zl\u0131\u011f\u0131n ortas\u0131nda \u00e7aresiz bir aray\u0131\u015f ba\u015flar. <\/p>\n","protected":false},"excerpt":{"rendered":"<p>Y\u0131l 1867. Kanada\u2019n\u0131n kuzeyindeki, tenha bir yerle\u015fim yeri olan Dove Nehri\u2019nde k\u0131\u015f\u0131n kendini iyiden iyiye hissettirmeye ba\u015flad\u0131\u011f\u0131 g\u00fcnlerden birinde kasaban\u0131n Frans\u0131z sakini k\u00fcrk t\u00fcccar\u0131 Laurent Jammet<span class=\"excerpt-hellip\"> [\u2026]<\/span><\/p>\n","protected":false},"featured_media":0,"template":"","meta":{"_monsterinsights_skip_tracking":false,"_monsterinsights_sitenote_active":false,"_monsterinsights_sitenote_note":"","_monsterinsights_sitenote_category":0},"product_brand":[],"product_cat":[12291,12711],"product_tag":[],"class_list":{"0":"post-697000","1":"product","2":"type-product","3":"status-publish","5":"product_cat-edebiyat","6":"product_cat-roman-oyku","7":"pa_tur-kitap","8":"pa_yayinevi-bilge-kultur-sanat","9":"pa_yazar-stef-penney","11":"first","12":"instock","13":"sale","14":"shipping-taxable","15":"purchasable","16":"product-type-simple"},"_links":{"self":[{"href":"https:\/\/roveyayinevi.com.tr\/index.php\/wp-json\/wp\/v2\/product\/697000","targetHints":{"allow":["GET"]}}],"collection":[{"href":"https:\/\/roveyayinevi.com.tr\/index.php\/wp-json\/wp\/v2\/product"}],"about":[{"href":"https:\/\/roveyayinevi.com.tr\/index.php\/wp-json\/wp\/v2\/types\/product"}],"wp:attachment":[{"href":"https:\/\/roveyayinevi.com.tr\/index.php\/wp-json\/wp\/v2\/media?parent=697000"}],"wp:term":[{"taxonomy":"product_brand","embeddable":true,"href":"https:\/\/roveyayinevi.com.tr\/index.php\/wp-json\/wp\/v2\/product_brand?post=697000"},{"taxonomy":"product_cat","embeddable":true,"href":"https:\/\/roveyayinevi.com.tr\/index.php\/wp-json\/wp\/v2\/product_cat?post=697000"},{"taxonomy":"product_tag","embeddable":true,"href":"https:\/\/roveyayinevi.com.tr\/index.php\/wp-json\/wp\/v2\/product_tag?post=697000"}],"curies":[{"name":"wp","href":"https:\/\/api.w.org\/{rel}","templated":true}]}}