{"id":696989,"date":"2025-08-27T14:37:34","date_gmt":"2025-08-27T11:37:34","guid":{"rendered":"https:\/\/roveyayinevi.com.tr\/index.php\/urun\/eglenceli-100-kucuk-matematik-problemi\/"},"modified":"2026-04-16T02:06:49","modified_gmt":"2026-04-15T23:06:49","slug":"eglenceli-100-kucuk-matematik-problemi","status":"publish","type":"product","link":"https:\/\/roveyayinevi.com.tr\/index.php\/urun\/eglenceli-100-kucuk-matematik-problemi\/","title":{"rendered":"E\u011flenceli 100 K\u00fc\u00e7\u00fck Matematik Problemi"},"content":{"rendered":"<p>\u2018Benim kedimin \u00f6nde iki, arkada iki ve her iki yan\u0131nda da iki aya\u011f\u0131 bulunmaktad\u0131r. Kedimin toplam ka\u00e7 aya\u011f\u0131 vard\u0131r?\u2019\u2019 Bu soruya baz\u0131lar\u0131 alt\u0131, baz\u0131lar\u0131 da sekiz diyebilirler&#8230; Sa\u00e7ma bir soru, garip bir cevap&#8230; <\/p>\n","protected":false},"excerpt":{"rendered":"<p>\u2018Benim kedimin \u00f6nde iki, arkada iki ve her iki yan\u0131nda da iki aya\u011f\u0131 bulunmaktad\u0131r. Kedimin toplam ka\u00e7 aya\u011f\u0131 vard\u0131r?\u2019\u2019 Bu soruya baz\u0131lar\u0131 alt\u0131, baz\u0131lar\u0131 da sekiz<span class=\"excerpt-hellip\"> [\u2026]<\/span><\/p>\n","protected":false},"featured_media":0,"template":"","meta":{"_monsterinsights_skip_tracking":false,"_monsterinsights_sitenote_active":false,"_monsterinsights_sitenote_note":"","_monsterinsights_sitenote_category":0},"product_brand":[],"product_cat":[12492,12274],"product_tag":[],"class_list":{"0":"post-696989","1":"product","2":"type-product","3":"status-publish","5":"product_cat-bilmece-bulmaca","6":"product_cat-cocuk-ve-genclik-kitaplari","7":"pa_tur-kitap","8":"pa_yayinevi-bilge-kultur-sanat","9":"pa_yazar-louis-thepault","11":"first","12":"instock","13":"sale","14":"shipping-taxable","15":"purchasable","16":"product-type-simple"},"_links":{"self":[{"href":"https:\/\/roveyayinevi.com.tr\/index.php\/wp-json\/wp\/v2\/product\/696989","targetHints":{"allow":["GET"]}}],"collection":[{"href":"https:\/\/roveyayinevi.com.tr\/index.php\/wp-json\/wp\/v2\/product"}],"about":[{"href":"https:\/\/roveyayinevi.com.tr\/index.php\/wp-json\/wp\/v2\/types\/product"}],"wp:attachment":[{"href":"https:\/\/roveyayinevi.com.tr\/index.php\/wp-json\/wp\/v2\/media?parent=696989"}],"wp:term":[{"taxonomy":"product_brand","embeddable":true,"href":"https:\/\/roveyayinevi.com.tr\/index.php\/wp-json\/wp\/v2\/product_brand?post=696989"},{"taxonomy":"product_cat","embeddable":true,"href":"https:\/\/roveyayinevi.com.tr\/index.php\/wp-json\/wp\/v2\/product_cat?post=696989"},{"taxonomy":"product_tag","embeddable":true,"href":"https:\/\/roveyayinevi.com.tr\/index.php\/wp-json\/wp\/v2\/product_tag?post=696989"}],"curies":[{"name":"wp","href":"https:\/\/api.w.org\/{rel}","templated":true}]}}