{"id":696987,"date":"2025-08-27T14:37:34","date_gmt":"2025-08-27T11:37:34","guid":{"rendered":"https:\/\/roveyayinevi.com.tr\/index.php\/urun\/degisik-yanlariyla-yahya-kemal\/"},"modified":"2026-04-16T02:06:48","modified_gmt":"2026-04-15T23:06:48","slug":"degisik-yanlariyla-yahya-kemal","status":"publish","type":"product","link":"https:\/\/roveyayinevi.com.tr\/index.php\/urun\/degisik-yanlariyla-yahya-kemal\/","title":{"rendered":"De\u011fi\u015fik Yanlar\u0131yla Yahya Kemal"},"content":{"rendered":"<p>Sermet Sami Uysal, d\u00f6rt y\u0131l boyunca (1955\/1958), Yahya Kemal Beyatl\u0131\u2019yla Park Otel\u2019de yapt\u0131\u011f\u0131 tad\u0131na doyum olmayan  sohbetler den ba\u015fka;  Kendi G\u00f6k Kubbemiz  \u015f\u00e2iriyle ilgili, \u015fimdiye kadar yay\u0131mlanm\u0131\u015f olan belli ba\u015fl\u0131 b\u00fct\u00fcn eserleri; ayr\u0131ca da \u015f\u00e2irimizle ilgili dergi ve gazetelerde \u00e7\u0131kan her t\u00fcrl\u00fc  inceleme yi bir bir g\u00f6zden ge\u00e7irmi\u015f; b\u00fct\u00fcn bunlarla da yetinmeyip \u015f\u00e2irimizin \u00e7e\u015fitli y\u00f6nleriyle ilgili, birinci ellerden  canl\u0131 an\u0131lar  derlemek i\u00e7in Abd\u00fclhak \u015einasi Hisar, Hamdullah Suphi Tanr\u0131\u00f6ver, Ahmet Hamdi Tanp\u0131nar, Nihat Re\u015fat Belger, H. Vehbi Eralp, Kadri Y\u00f6r\u00fcko\u011flu, Fuat Bayramo\u011flu, Salim R\u0131za K\u0131rkp\u0131nar, Esat Kural ve Cahit Tanyol ba\u015fta olmak \u00fczere, \u015f\u00e2irimizi en yak\u0131ndan tan\u0131yanlarla uzun uzun sohbet ederek  Hayal \u015eehir  \u015f\u00e2irimizin  hi\u00e7 bilinmeyen  \/  \u00e7ok az bilinen  ya da  yanl\u0131\u015f bilinen  y\u00f6nlerini; 50 y\u0131l s\u00fcren bir \u00e7aba sonucu g\u00fcn \u0131\u015f\u0131\u011f\u0131na \u00e7\u0131karm\u0131\u015ft\u0131r&#8230;Ayr\u0131ca bu eserde, Yahya Kemal\u2019le ilgili son derece \u00f6nemli \u00e7e\u015fitli belgeler de bulacaks\u0131n\u0131z. <\/p>\n","protected":false},"excerpt":{"rendered":"<p>Sermet Sami Uysal, d\u00f6rt y\u0131l boyunca (1955\/1958), Yahya Kemal Beyatl\u0131\u2019yla Park Otel\u2019de yapt\u0131\u011f\u0131 tad\u0131na doyum olmayan sohbetler den ba\u015fka; Kendi G\u00f6k Kubbemiz \u015f\u00e2iriyle ilgili, \u015fimdiye kadar<span class=\"excerpt-hellip\"> [\u2026]<\/span><\/p>\n","protected":false},"featured_media":0,"template":"","meta":{"_monsterinsights_skip_tracking":false,"_monsterinsights_sitenote_active":false,"_monsterinsights_sitenote_note":"","_monsterinsights_sitenote_category":0},"product_brand":[],"product_cat":[12777,12291],"product_tag":[],"class_list":{"0":"post-696987","1":"product","2":"type-product","3":"status-publish","5":"product_cat-deneme","6":"product_cat-edebiyat","7":"pa_tur-kitap","8":"pa_yayinevi-bilge-kultur-sanat","9":"pa_yazar-sermet-sami-uysal","11":"first","12":"instock","13":"sale","14":"shipping-taxable","15":"purchasable","16":"product-type-simple"},"_links":{"self":[{"href":"https:\/\/roveyayinevi.com.tr\/index.php\/wp-json\/wp\/v2\/product\/696987","targetHints":{"allow":["GET"]}}],"collection":[{"href":"https:\/\/roveyayinevi.com.tr\/index.php\/wp-json\/wp\/v2\/product"}],"about":[{"href":"https:\/\/roveyayinevi.com.tr\/index.php\/wp-json\/wp\/v2\/types\/product"}],"wp:attachment":[{"href":"https:\/\/roveyayinevi.com.tr\/index.php\/wp-json\/wp\/v2\/media?parent=696987"}],"wp:term":[{"taxonomy":"product_brand","embeddable":true,"href":"https:\/\/roveyayinevi.com.tr\/index.php\/wp-json\/wp\/v2\/product_brand?post=696987"},{"taxonomy":"product_cat","embeddable":true,"href":"https:\/\/roveyayinevi.com.tr\/index.php\/wp-json\/wp\/v2\/product_cat?post=696987"},{"taxonomy":"product_tag","embeddable":true,"href":"https:\/\/roveyayinevi.com.tr\/index.php\/wp-json\/wp\/v2\/product_tag?post=696987"}],"curies":[{"name":"wp","href":"https:\/\/api.w.org\/{rel}","templated":true}]}}