{"id":696986,"date":"2025-08-27T14:37:34","date_gmt":"2025-08-27T11:37:34","guid":{"rendered":"https:\/\/roveyayinevi.com.tr\/index.php\/urun\/dede-korkut-hikayeleri-9\/"},"modified":"2026-04-16T02:06:48","modified_gmt":"2026-04-15T23:06:48","slug":"dede-korkut-hikayeleri-9","status":"publish","type":"product","link":"https:\/\/roveyayinevi.com.tr\/index.php\/urun\/dede-korkut-hikayeleri-9\/","title":{"rendered":"Dede Korkut Hikayeleri"},"content":{"rendered":"<p>Dede Korkut kitab\u0131 Bo\u011fa\u00e7, Salur Kazan, Bams\u0131 Beyrek, Uruz, Deli Dumrul, Kan Tural\u0131, Yigenek, Basat, Emren, Segrek gibi O\u011fuz beylerinin ba\u015flar\u0131ndan ge\u00e7en olaylar\u0131 hik\u00e2ye eder. Onlar bazen esir d\u00fc\u015fen babalar\u0131, karde\u015fleri veya o\u011fullar\u0131 i\u00e7in, say\u0131ca kendilerinden \u00fcst\u00fcn d\u00fc\u015fman kuvvetleriyle \u00e7arp\u0131\u015f\u0131rlar. Bazen de g\u00f6z\u00fc d\u00f6nm\u00fc\u015f bir bo\u011fayla, tek g\u00f6zl\u00fc bir devle veya altm\u0131\u015f ar\u015f\u0131n (k\u0131rk metre) boyundaki bir has\u0131mla teke tek vuru\u015fmak zorunda kal\u0131rlar. Adlar\u0131n\u0131 s\u0131ralad\u0131\u011f\u0131m\u0131z T\u00fcrk beyleri, g\u00f6sterdikleri kahramanl\u0131klar kadar sevgi y\u00fckl\u00fc y\u00fcrekleri, co\u015fup ta\u015fan ya\u015fama sevin\u00e7leriyle de bizi kendilerine hayran b\u0131rak\u0131rlar. <\/p>\n","protected":false},"excerpt":{"rendered":"<p>Dede Korkut kitab\u0131 Bo\u011fa\u00e7, Salur Kazan, Bams\u0131 Beyrek, Uruz, Deli Dumrul, Kan Tural\u0131, Yigenek, Basat, Emren, Segrek gibi O\u011fuz beylerinin ba\u015flar\u0131ndan ge\u00e7en olaylar\u0131 hik\u00e2ye eder. Onlar<span class=\"excerpt-hellip\"> [\u2026]<\/span><\/p>\n","protected":false},"featured_media":0,"template":"","meta":{"_monsterinsights_skip_tracking":false,"_monsterinsights_sitenote_active":false,"_monsterinsights_sitenote_note":"","_monsterinsights_sitenote_category":0},"product_brand":[],"product_cat":[12274,12284],"product_tag":[],"class_list":{"0":"post-696986","1":"product","2":"type-product","3":"status-publish","5":"product_cat-cocuk-ve-genclik-kitaplari","6":"product_cat-hikayeler","7":"pa_cilt-ciltsiz","8":"pa_tur-kitap","9":"pa_yayinevi-bilge-kultur-sanat","10":"pa_yazar-bilgin-cilasun","12":"first","13":"instock","14":"sale","15":"shipping-taxable","16":"purchasable","17":"product-type-simple"},"_links":{"self":[{"href":"https:\/\/roveyayinevi.com.tr\/index.php\/wp-json\/wp\/v2\/product\/696986","targetHints":{"allow":["GET"]}}],"collection":[{"href":"https:\/\/roveyayinevi.com.tr\/index.php\/wp-json\/wp\/v2\/product"}],"about":[{"href":"https:\/\/roveyayinevi.com.tr\/index.php\/wp-json\/wp\/v2\/types\/product"}],"wp:attachment":[{"href":"https:\/\/roveyayinevi.com.tr\/index.php\/wp-json\/wp\/v2\/media?parent=696986"}],"wp:term":[{"taxonomy":"product_brand","embeddable":true,"href":"https:\/\/roveyayinevi.com.tr\/index.php\/wp-json\/wp\/v2\/product_brand?post=696986"},{"taxonomy":"product_cat","embeddable":true,"href":"https:\/\/roveyayinevi.com.tr\/index.php\/wp-json\/wp\/v2\/product_cat?post=696986"},{"taxonomy":"product_tag","embeddable":true,"href":"https:\/\/roveyayinevi.com.tr\/index.php\/wp-json\/wp\/v2\/product_tag?post=696986"}],"curies":[{"name":"wp","href":"https:\/\/api.w.org\/{rel}","templated":true}]}}