{"id":696970,"date":"2025-08-27T14:37:29","date_gmt":"2025-08-27T11:37:29","guid":{"rendered":"https:\/\/roveyayinevi.com.tr\/index.php\/urun\/halikarnas-balikcisi-anadolu-efsaneleri-butun-eserleri-14\/"},"modified":"2026-04-16T02:06:48","modified_gmt":"2026-04-15T23:06:48","slug":"halikarnas-balikcisi-anadolu-efsaneleri-butun-eserleri-14","status":"publish","type":"product","link":"https:\/\/roveyayinevi.com.tr\/index.php\/urun\/halikarnas-balikcisi-anadolu-efsaneleri-butun-eserleri-14\/","title":{"rendered":"Halikarnas Bal\u0131k\u00e7\u0131s\u0131 &#8211; Anadolu Efsaneleri B\u00fct\u00fcn Eserleri 14"},"content":{"rendered":"<p>Y\u00fczy\u0131llar boyunca Anadolu diye, Anadolu\u2019da diyar diyar gezeyim dedim, her yerin eski efsanelerinden tutup da g\u00fcn\u00fcm\u00fcze kadar gelmi\u015f tarihsel olaylar\u0131 yazay\u0131m dedim. Ne var ki, Anadolu\u2019nun \u00e7e\u015fitli ekonomik, toplumsal karga\u015fal\u0131\u011f\u0131n\u0131n i\u00e7inden \u00e7\u0131kabilene a\u015fkolsun. \u00d6rne\u011fin bir yerden bir yere giderken insan att\u0131\u011f\u0131 bir tek ad\u0131mda felsefenin ba\u015f d\u00f6nd\u00fcr\u00fcc\u00fc bir doru\u011funa f\u0131rlar, at\u0131lan ikinci bir ad\u0131mda ise esteti\u011fin derin bir u\u00e7urumuna tepetakla dalar&#8230; &#8230; Bu efsaneler da\u011flara ta\u015flara sinmekle kalmam\u0131\u015f, b\u00fct\u00fcn insano\u011fullar\u0131n\u0131n g\u00f6n\u00fcllerine de sinmi\u015f ve onlar\u0131n hemen hemen k\u00fclt\u00fcrel yurdu olmu\u015ftur&#8230; <\/p>\n","protected":false},"excerpt":{"rendered":"<p>Y\u00fczy\u0131llar boyunca Anadolu diye, Anadolu\u2019da diyar diyar gezeyim dedim, her yerin eski efsanelerinden tutup da g\u00fcn\u00fcm\u00fcze kadar gelmi\u015f tarihsel olaylar\u0131 yazay\u0131m dedim. Ne var ki, Anadolu\u2019nun<span class=\"excerpt-hellip\"> [\u2026]<\/span><\/p>\n","protected":false},"featured_media":0,"template":"","meta":{"_monsterinsights_skip_tracking":false,"_monsterinsights_sitenote_active":false,"_monsterinsights_sitenote_note":"","_monsterinsights_sitenote_category":0},"product_brand":[],"product_cat":[12718,12858],"product_tag":[],"class_list":{"0":"post-696970","1":"product","2":"type-product","3":"status-publish","5":"product_cat-din","6":"product_cat-mitolojiler","7":"pa_cilt-ciltsiz","8":"pa_tur-kitap","9":"pa_yayinevi-bilgi-yayinevi","10":"pa_yazar-cevat-sakir-kabaagacli-halikarnas-balikcisi","12":"first","13":"instock","14":"sale","15":"shipping-taxable","16":"purchasable","17":"product-type-simple"},"_links":{"self":[{"href":"https:\/\/roveyayinevi.com.tr\/index.php\/wp-json\/wp\/v2\/product\/696970","targetHints":{"allow":["GET"]}}],"collection":[{"href":"https:\/\/roveyayinevi.com.tr\/index.php\/wp-json\/wp\/v2\/product"}],"about":[{"href":"https:\/\/roveyayinevi.com.tr\/index.php\/wp-json\/wp\/v2\/types\/product"}],"wp:attachment":[{"href":"https:\/\/roveyayinevi.com.tr\/index.php\/wp-json\/wp\/v2\/media?parent=696970"}],"wp:term":[{"taxonomy":"product_brand","embeddable":true,"href":"https:\/\/roveyayinevi.com.tr\/index.php\/wp-json\/wp\/v2\/product_brand?post=696970"},{"taxonomy":"product_cat","embeddable":true,"href":"https:\/\/roveyayinevi.com.tr\/index.php\/wp-json\/wp\/v2\/product_cat?post=696970"},{"taxonomy":"product_tag","embeddable":true,"href":"https:\/\/roveyayinevi.com.tr\/index.php\/wp-json\/wp\/v2\/product_tag?post=696970"}],"curies":[{"name":"wp","href":"https:\/\/api.w.org\/{rel}","templated":true}]}}