{"id":696968,"date":"2025-08-27T14:37:29","date_gmt":"2025-08-27T11:37:29","guid":{"rendered":"https:\/\/roveyayinevi.com.tr\/index.php\/urun\/anneannem-gelin-oldu\/"},"modified":"2026-04-16T02:06:48","modified_gmt":"2026-04-15T23:06:48","slug":"anneannem-gelin-oldu","status":"publish","type":"product","link":"https:\/\/roveyayinevi.com.tr\/index.php\/urun\/anneannem-gelin-oldu\/","title":{"rendered":"Anneannem Gelin Oldu"},"content":{"rendered":"<p>Muzaffer \u0130zg\u00fc&#8217;n\u00fcn \u00e7ocuklar taraf\u0131ndan \u00e7ok sevilen \u201cAnneannemin Ak\u0131l Almaz Maceralar\u0131\u201dserisinin s\u00fcr\u00fckleyici \u00f6yk\u00fclerle dolu bu kitab\u0131nda da anneannemiz Hikmet Han\u0131m gelin oluyor,lunaparkta u\u00e7uyor, s\u00fcrprizler yap\u0131yor. Yani yine g\u00fcld\u00fcr\u00fcyor, \u015fa\u015f\u0131rt\u0131yor, sevindiriyor. Bu kez,evin kedisi Tekir de ya\u015fanan ser\u00fcvenlerden pay\u0131n\u0131 al\u0131yor. <\/p>\n","protected":false},"excerpt":{"rendered":"<p>Muzaffer \u0130zg\u00fc&#8217;n\u00fcn \u00e7ocuklar taraf\u0131ndan \u00e7ok sevilen \u201cAnneannemin Ak\u0131l Almaz Maceralar\u0131\u201dserisinin s\u00fcr\u00fckleyici \u00f6yk\u00fclerle dolu bu kitab\u0131nda da anneannemiz Hikmet Han\u0131m gelin oluyor,lunaparkta u\u00e7uyor, s\u00fcrprizler yap\u0131yor. Yani yine<span class=\"excerpt-hellip\"> [\u2026]<\/span><\/p>\n","protected":false},"featured_media":0,"template":"","meta":{"_monsterinsights_skip_tracking":false,"_monsterinsights_sitenote_active":false,"_monsterinsights_sitenote_note":"","_monsterinsights_sitenote_category":0},"product_brand":[],"product_cat":[12275,12274],"product_tag":[],"class_list":{"0":"post-696968","1":"product","2":"type-product","3":"status-publish","5":"product_cat-6-12-yas-kitaplari","6":"product_cat-cocuk-ve-genclik-kitaplari","7":"pa_cilt-ciltsiz","8":"pa_tur-kitap","9":"pa_yayinevi-bilgi-yayinevi-cocuk","10":"pa_yazar-muzaffer-izgu","12":"first","13":"instock","14":"sale","15":"shipping-taxable","16":"purchasable","17":"product-type-simple"},"_links":{"self":[{"href":"https:\/\/roveyayinevi.com.tr\/index.php\/wp-json\/wp\/v2\/product\/696968","targetHints":{"allow":["GET"]}}],"collection":[{"href":"https:\/\/roveyayinevi.com.tr\/index.php\/wp-json\/wp\/v2\/product"}],"about":[{"href":"https:\/\/roveyayinevi.com.tr\/index.php\/wp-json\/wp\/v2\/types\/product"}],"wp:attachment":[{"href":"https:\/\/roveyayinevi.com.tr\/index.php\/wp-json\/wp\/v2\/media?parent=696968"}],"wp:term":[{"taxonomy":"product_brand","embeddable":true,"href":"https:\/\/roveyayinevi.com.tr\/index.php\/wp-json\/wp\/v2\/product_brand?post=696968"},{"taxonomy":"product_cat","embeddable":true,"href":"https:\/\/roveyayinevi.com.tr\/index.php\/wp-json\/wp\/v2\/product_cat?post=696968"},{"taxonomy":"product_tag","embeddable":true,"href":"https:\/\/roveyayinevi.com.tr\/index.php\/wp-json\/wp\/v2\/product_tag?post=696968"}],"curies":[{"name":"wp","href":"https:\/\/api.w.org\/{rel}","templated":true}]}}