{"id":696965,"date":"2025-08-27T14:37:28","date_gmt":"2025-08-27T11:37:28","guid":{"rendered":"https:\/\/roveyayinevi.com.tr\/index.php\/urun\/ankara-ankara-bir-baskentin-dogusu\/"},"modified":"2026-04-16T02:06:48","modified_gmt":"2026-04-15T23:06:48","slug":"ankara-ankara-bir-baskentin-dogusu","status":"publish","type":"product","link":"https:\/\/roveyayinevi.com.tr\/index.php\/urun\/ankara-ankara-bir-baskentin-dogusu\/","title":{"rendered":"Ankara&#8230; Ankara Bir Ba\u015fkentin Do\u011fu\u015fu"},"content":{"rendered":"<p>T\u00fcrkiye&#8217;nin y\u00fcre\u011fi ba\u015fkent Ankara&#8217;da bug\u00fcne de\u011fin ne ac\u0131lar, ne s\u0131k\u0131nt\u0131lar, ne sevin\u00e7ler ya\u015fanm\u0131\u015ft\u0131r; do\u011fadan ve insandan ne zul\u00fcmler g\u00f6rm\u00fc\u015ft\u00fcr Ankara\u2026 \u00c7o\u011fumuz, Ankaral\u0131 olanlar\u0131m\u0131z bile bilmez bunlar\u0131. 1920&#8217;lerde, ke\u00e7isi, kedisi ve armudundan ba\u015fka bir \u015feyi bulunmayan, tozlu, s\u0131tmal\u0131 bir Orta Anadolu kasabas\u0131 olan Ankara&#8217;y\u0131 \u00f6n plana \u00e7\u0131karan olaylar\u0131, geli\u015fmeleri; Ankara&#8217;n\u0131n ba\u015fkent olu\u015funa yabanc\u0131 devletlerin tepkilerini de bilenlerimiz azd\u0131r. Bil\u00e2l N. \u015eim\u015fir, Ankara&#8217;yla ilgili b\u00fct\u00fcn bilgileri, belgeleri g\u00f6zler \u00f6n\u00fcne seriyor. \u201c\u2026Kitapta ilgin\u00e7, \u00e7arp\u0131c\u0131, duyguland\u0131r\u0131c\u0131 ve d\u00fc\u015f\u00fcnd\u00fcr\u00fcc\u00fc sayfalar bulunacakt\u0131r san\u0131yorum. Kitab\u0131n ara\u015ft\u0131r\u0131c\u0131lara ve okuyuculara yararl\u0131 olmas\u0131n\u0131 diliyorum\u201d diyor. Biz de ayn\u0131 dile\u011fi yineleyerek geni\u015fletilmi\u015f d\u00fczenlemesini sunuyoruz: ANKARA\u2026 ANKARA\u2026 Bir Ba\u015fkentin Do\u011fu\u015fu&#8230; <\/p>\n","protected":false},"excerpt":{"rendered":"<p>T\u00fcrkiye&#8217;nin y\u00fcre\u011fi ba\u015fkent Ankara&#8217;da bug\u00fcne de\u011fin ne ac\u0131lar, ne s\u0131k\u0131nt\u0131lar, ne sevin\u00e7ler ya\u015fanm\u0131\u015ft\u0131r; do\u011fadan ve insandan ne zul\u00fcmler g\u00f6rm\u00fc\u015ft\u00fcr Ankara\u2026 \u00c7o\u011fumuz, Ankaral\u0131 olanlar\u0131m\u0131z bile bilmez bunlar\u0131.<span class=\"excerpt-hellip\"> [\u2026]<\/span><\/p>\n","protected":false},"featured_media":0,"template":"","meta":{"_monsterinsights_skip_tracking":false,"_monsterinsights_sitenote_active":false,"_monsterinsights_sitenote_note":"","_monsterinsights_sitenote_category":0},"product_brand":[],"product_cat":[12304,13493],"product_tag":[],"class_list":{"0":"post-696965","1":"product","2":"type-product","3":"status-publish","5":"product_cat-tarih","6":"product_cat-turkiye-ve-cumhuriyet-tarihi","7":"pa_cilt-ciltsiz","8":"pa_tur-kitap","9":"pa_yayinevi-bilgi-yayinevi","10":"pa_yazar-bilal-n-simsir","12":"first","13":"instock","14":"sale","15":"shipping-taxable","16":"purchasable","17":"product-type-simple"},"_links":{"self":[{"href":"https:\/\/roveyayinevi.com.tr\/index.php\/wp-json\/wp\/v2\/product\/696965","targetHints":{"allow":["GET"]}}],"collection":[{"href":"https:\/\/roveyayinevi.com.tr\/index.php\/wp-json\/wp\/v2\/product"}],"about":[{"href":"https:\/\/roveyayinevi.com.tr\/index.php\/wp-json\/wp\/v2\/types\/product"}],"wp:attachment":[{"href":"https:\/\/roveyayinevi.com.tr\/index.php\/wp-json\/wp\/v2\/media?parent=696965"}],"wp:term":[{"taxonomy":"product_brand","embeddable":true,"href":"https:\/\/roveyayinevi.com.tr\/index.php\/wp-json\/wp\/v2\/product_brand?post=696965"},{"taxonomy":"product_cat","embeddable":true,"href":"https:\/\/roveyayinevi.com.tr\/index.php\/wp-json\/wp\/v2\/product_cat?post=696965"},{"taxonomy":"product_tag","embeddable":true,"href":"https:\/\/roveyayinevi.com.tr\/index.php\/wp-json\/wp\/v2\/product_tag?post=696965"}],"curies":[{"name":"wp","href":"https:\/\/api.w.org\/{rel}","templated":true}]}}