{"id":696961,"date":"2025-08-27T14:37:27","date_gmt":"2025-08-27T11:37:27","guid":{"rendered":"https:\/\/roveyayinevi.com.tr\/index.php\/urun\/80-gunde-devrialem-2\/"},"modified":"2026-04-16T02:06:48","modified_gmt":"2026-04-15T23:06:48","slug":"80-gunde-devrialem-2","status":"publish","type":"product","link":"https:\/\/roveyayinevi.com.tr\/index.php\/urun\/80-gunde-devrialem-2\/","title":{"rendered":"80 G\u00fcnde Devrialem"},"content":{"rendered":"<p>Fileas Fogg, son derece d\u00fczenli, titiz ve dakik ya\u015fayan, sakin yap\u0131da bir \u0130ngiliz centilmenidir. Arkada\u015flar\u0131yla, d\u00fcnyay\u0131 80 g\u00fcnde dola\u015faca\u011f\u0131na dair, ger\u00e7ekle\u015ftirilmesi olanaks\u0131z gibi g\u00f6r\u00fcnen bir iddiaya girer. Yan\u0131na yard\u0131mc\u0131s\u0131 Paspart\u00fc\u2019y\u00fc de alarak yola \u00f6\u0131kar. 80 G\u00dcnde Devrialem, Jules Verne\u2019in d\u00fcnya edebiyat\u0131na kazand\u0131rd\u0131\u011f\u0131 en \u00f6nemli yap\u0131tlar\u0131ndan biri. Verne, gemilerle, trenlerle ya da fillerin s\u0131rt\u0131nda yap\u0131lan, heyecan dolu geziyle birlikte, d\u00fcnyan\u0131n g\u00fczelliklerini de sergiliyor. <\/p>\n","protected":false},"excerpt":{"rendered":"<p>Fileas Fogg, son derece d\u00fczenli, titiz ve dakik ya\u015fayan, sakin yap\u0131da bir \u0130ngiliz centilmenidir. Arkada\u015flar\u0131yla, d\u00fcnyay\u0131 80 g\u00fcnde dola\u015faca\u011f\u0131na dair, ger\u00e7ekle\u015ftirilmesi olanaks\u0131z gibi g\u00f6r\u00fcnen bir iddiaya<span class=\"excerpt-hellip\"> [\u2026]<\/span><\/p>\n","protected":false},"featured_media":0,"template":"","meta":{"_monsterinsights_skip_tracking":false,"_monsterinsights_sitenote_active":false,"_monsterinsights_sitenote_note":"","_monsterinsights_sitenote_category":0},"product_brand":[],"product_cat":[12274,12467],"product_tag":[],"class_list":{"0":"post-696961","1":"product","2":"type-product","3":"status-publish","5":"product_cat-cocuk-ve-genclik-kitaplari","6":"product_cat-dunya-klasikleri","7":"pa_cilt-ciltsiz","8":"pa_tur-kitap","9":"pa_yayinevi-bilgi-yayinevi-cocuk","10":"pa_yazar-jules-verne","12":"first","13":"instock","14":"sale","15":"shipping-taxable","16":"purchasable","17":"product-type-simple"},"_links":{"self":[{"href":"https:\/\/roveyayinevi.com.tr\/index.php\/wp-json\/wp\/v2\/product\/696961","targetHints":{"allow":["GET"]}}],"collection":[{"href":"https:\/\/roveyayinevi.com.tr\/index.php\/wp-json\/wp\/v2\/product"}],"about":[{"href":"https:\/\/roveyayinevi.com.tr\/index.php\/wp-json\/wp\/v2\/types\/product"}],"wp:attachment":[{"href":"https:\/\/roveyayinevi.com.tr\/index.php\/wp-json\/wp\/v2\/media?parent=696961"}],"wp:term":[{"taxonomy":"product_brand","embeddable":true,"href":"https:\/\/roveyayinevi.com.tr\/index.php\/wp-json\/wp\/v2\/product_brand?post=696961"},{"taxonomy":"product_cat","embeddable":true,"href":"https:\/\/roveyayinevi.com.tr\/index.php\/wp-json\/wp\/v2\/product_cat?post=696961"},{"taxonomy":"product_tag","embeddable":true,"href":"https:\/\/roveyayinevi.com.tr\/index.php\/wp-json\/wp\/v2\/product_tag?post=696961"}],"curies":[{"name":"wp","href":"https:\/\/api.w.org\/{rel}","templated":true}]}}