{"id":696958,"date":"2025-08-27T14:37:26","date_gmt":"2025-08-27T11:37:26","guid":{"rendered":"https:\/\/roveyayinevi.com.tr\/index.php\/urun\/anadilimizin-soz-denizinde\/"},"modified":"2026-04-16T02:06:48","modified_gmt":"2026-04-15T23:06:48","slug":"anadilimizin-soz-denizinde","status":"publish","type":"product","link":"https:\/\/roveyayinevi.com.tr\/index.php\/urun\/anadilimizin-soz-denizinde\/","title":{"rendered":"Anadilimizin S\u00f6z Denizinde"},"content":{"rendered":"<p>Bu kitab\u0131n amac\u0131, \u00e7ok eski, \u00e7ok g\u00fc\u00e7l\u00fc ve \u00e7ok yayg\u0131n bir dil olan T\u00fcrk\u00e7enin s\u00f6zvarl\u0131\u011f\u0131n\u0131, bir ba\u015fka deyi\u015fle s\u00f6z denizini bir b\u00fct\u00fcn olarak g\u00f6z \u00f6n\u00fcne sermek; anadilimizin g\u00fcc\u00fcn\u00fc-de\u011ferini bilmeyenleri ya da onu k\u00fc\u00e7\u00fcmseyenleri uyarmakt\u0131r. Bu do\u011frultuda, anadilimizin g\u00f6z al\u0131c\u0131 zenginli\u011fini ortaya koyan bol \u00f6rneklerden yararland\u0131k, s\u00f6zlerin derinli\u011fine inmek \u00fczere \u00e7\u00f6z\u00fcmlemelere giderek, T\u00fcrk\u00e7enin en eski s\u00f6zc\u00fcklerinden bug\u00fcnk\u00fc yaz\u0131n dilimize uzanan yolda Anadolu a\u011f\u0131zlar\u0131m\u0131z\u0131n \u00e7e\u015fitli zenginliklerini g\u00fcn \u0131\u015f\u0131\u011f\u0131na \u00e7\u0131karmaya y\u00f6neldik. <\/p>\n","protected":false},"excerpt":{"rendered":"<p>Bu kitab\u0131n amac\u0131, \u00e7ok eski, \u00e7ok g\u00fc\u00e7l\u00fc ve \u00e7ok yayg\u0131n bir dil olan T\u00fcrk\u00e7enin s\u00f6zvarl\u0131\u011f\u0131n\u0131, bir ba\u015fka deyi\u015fle s\u00f6z denizini bir b\u00fct\u00fcn olarak g\u00f6z \u00f6n\u00fcne sermek;<span class=\"excerpt-hellip\"> [\u2026]<\/span><\/p>\n","protected":false},"featured_media":0,"template":"","meta":{"_monsterinsights_skip_tracking":false,"_monsterinsights_sitenote_active":false,"_monsterinsights_sitenote_note":"","_monsterinsights_sitenote_category":0},"product_brand":[],"product_cat":[12365,12364],"product_tag":[],"class_list":{"0":"post-696958","1":"product","2":"type-product","3":"status-publish","5":"product_cat-diger-genel-konular","6":"product_cat-genel-konular","7":"pa_tur-kitap","8":"pa_yayinevi-bilgi-yayinevi","9":"pa_yazar-dogan-aksan","11":"first","12":"instock","13":"sale","14":"shipping-taxable","15":"purchasable","16":"product-type-simple"},"_links":{"self":[{"href":"https:\/\/roveyayinevi.com.tr\/index.php\/wp-json\/wp\/v2\/product\/696958","targetHints":{"allow":["GET"]}}],"collection":[{"href":"https:\/\/roveyayinevi.com.tr\/index.php\/wp-json\/wp\/v2\/product"}],"about":[{"href":"https:\/\/roveyayinevi.com.tr\/index.php\/wp-json\/wp\/v2\/types\/product"}],"wp:attachment":[{"href":"https:\/\/roveyayinevi.com.tr\/index.php\/wp-json\/wp\/v2\/media?parent=696958"}],"wp:term":[{"taxonomy":"product_brand","embeddable":true,"href":"https:\/\/roveyayinevi.com.tr\/index.php\/wp-json\/wp\/v2\/product_brand?post=696958"},{"taxonomy":"product_cat","embeddable":true,"href":"https:\/\/roveyayinevi.com.tr\/index.php\/wp-json\/wp\/v2\/product_cat?post=696958"},{"taxonomy":"product_tag","embeddable":true,"href":"https:\/\/roveyayinevi.com.tr\/index.php\/wp-json\/wp\/v2\/product_tag?post=696958"}],"curies":[{"name":"wp","href":"https:\/\/api.w.org\/{rel}","templated":true}]}}