{"id":696955,"date":"2025-08-27T14:37:26","date_gmt":"2025-08-27T11:37:26","guid":{"rendered":"https:\/\/roveyayinevi.com.tr\/index.php\/urun\/aciklamali-atasozleri-sozlugu\/"},"modified":"2026-04-16T02:06:48","modified_gmt":"2026-04-15T23:06:48","slug":"aciklamali-atasozleri-sozlugu","status":"publish","type":"product","link":"https:\/\/roveyayinevi.com.tr\/index.php\/urun\/aciklamali-atasozleri-sozlugu\/","title":{"rendered":"A\u00e7\u0131klamal\u0131 Atas\u00f6zleri S\u00f6zl\u00fc\u011f\u00fc"},"content":{"rendered":"<p>Atas\u00f6zlerimiz, y\u00fczy\u0131llar\u0131n \u00f6tesinden s\u00fcz\u00fcl\u00fcp gelen ulusal dil de\u011ferleridir. Atalar\u0131m\u0131z\u0131n, ya\u015fam\u0131n ak\u0131\u015f\u0131 i\u00e7inde kar\u015f\u0131la\u015ft\u0131klar\u0131 de\u011fi\u015fik durumlar ve olaylarla ilgili g\u00f6zlemlerinden, deneyimlerinden do\u011fmu\u015ftur. Bu niteli\u011finden \u00f6t\u00fcr\u00fc, atas\u00f6zlerinin do\u011frulu\u011funa, ger\u00e7ekleri yans\u0131tt\u0131\u011f\u0131na inan\u0131r\u0131z. Bir olay, bir durum i\u00e7in g\u00f6r\u00fc\u015f belirtir, d\u00fc\u015f\u00fcnce \u00f6ne s\u00fcrerken, onlar\u0131n tan\u0131kl\u0131\u011f\u0131na ba\u015fvururuz. \u0130nand\u0131r\u0131c\u0131l\u0131k g\u00fc\u00e7lerinden, insanlar \u00fczerindeki etkisinden s\u00f6zl\u00fc ve yaz\u0131l\u0131 anlat\u0131mda yararlanmak ister, b\u00f6yle bir gereksinim duyar\u0131z. A\u00e7\u0131klamal\u0131 Atas\u00f6zleri S\u00f6zl\u00fc\u011f\u00fc , Emin \u00d6zdemir taraf\u0131ndan bu gereksinimi kar\u015f\u0131lamak amac\u0131yla haz\u0131rlanm\u0131\u015f, 7. bas\u0131m\u0131 geni\u015fletilerek sunulmu\u015ftur. S\u00f6zl\u00fckte, yaz\u0131 ve konu\u015fma dilimizde yayg\u0131n olarak kullan\u0131lan atas\u00f6zleri se\u00e7ilmi\u015f, abecesel d\u00fczen i\u00e7inde biraraya getirilmi\u015ftir. Her s\u00f6z\u00fcn i\u00e7erdi\u011fi anlam, yal\u0131n ve \u00f6zl\u00fc bi\u00e7imde a\u00e7\u0131klanm\u0131\u015ft\u0131r. Bu y\u00f6nden s\u00f6zl\u00fckteki atas\u00f6zlerini ve a\u00e7\u0131klamalar\u0131n\u0131 tan\u0131yacak, bu yolla kendi d\u00fc\u015f\u00fcn ve deneyim evreninizi zenginle\u015ftireceksiniz. <\/p>\n","protected":false},"excerpt":{"rendered":"<p>Atas\u00f6zlerimiz, y\u00fczy\u0131llar\u0131n \u00f6tesinden s\u00fcz\u00fcl\u00fcp gelen ulusal dil de\u011ferleridir. Atalar\u0131m\u0131z\u0131n, ya\u015fam\u0131n ak\u0131\u015f\u0131 i\u00e7inde kar\u015f\u0131la\u015ft\u0131klar\u0131 de\u011fi\u015fik durumlar ve olaylarla ilgili g\u00f6zlemlerinden, deneyimlerinden do\u011fmu\u015ftur. Bu niteli\u011finden \u00f6t\u00fcr\u00fc, atas\u00f6zlerinin do\u011frulu\u011funa,<span class=\"excerpt-hellip\"> [\u2026]<\/span><\/p>\n","protected":false},"featured_media":0,"template":"","meta":{"_monsterinsights_skip_tracking":false,"_monsterinsights_sitenote_active":false,"_monsterinsights_sitenote_note":"","_monsterinsights_sitenote_category":0},"product_brand":[],"product_cat":[12364,16266],"product_tag":[],"class_list":{"0":"post-696955","1":"product","2":"type-product","3":"status-publish","5":"product_cat-genel-konular","6":"product_cat-referans-kaynak-kitap","7":"pa_tur-kitap","8":"pa_yayinevi-bilgi-yayinevi","9":"pa_yazar-emin-ozdemir","11":"first","12":"instock","13":"sale","14":"shipping-taxable","15":"purchasable","16":"product-type-simple"},"_links":{"self":[{"href":"https:\/\/roveyayinevi.com.tr\/index.php\/wp-json\/wp\/v2\/product\/696955","targetHints":{"allow":["GET"]}}],"collection":[{"href":"https:\/\/roveyayinevi.com.tr\/index.php\/wp-json\/wp\/v2\/product"}],"about":[{"href":"https:\/\/roveyayinevi.com.tr\/index.php\/wp-json\/wp\/v2\/types\/product"}],"wp:attachment":[{"href":"https:\/\/roveyayinevi.com.tr\/index.php\/wp-json\/wp\/v2\/media?parent=696955"}],"wp:term":[{"taxonomy":"product_brand","embeddable":true,"href":"https:\/\/roveyayinevi.com.tr\/index.php\/wp-json\/wp\/v2\/product_brand?post=696955"},{"taxonomy":"product_cat","embeddable":true,"href":"https:\/\/roveyayinevi.com.tr\/index.php\/wp-json\/wp\/v2\/product_cat?post=696955"},{"taxonomy":"product_tag","embeddable":true,"href":"https:\/\/roveyayinevi.com.tr\/index.php\/wp-json\/wp\/v2\/product_tag?post=696955"}],"curies":[{"name":"wp","href":"https:\/\/api.w.org\/{rel}","templated":true}]}}