{"id":696954,"date":"2025-08-27T14:37:25","date_gmt":"2025-08-27T11:37:25","guid":{"rendered":"https:\/\/roveyayinevi.com.tr\/index.php\/urun\/19-mayis-1999-ataturk-yeniden-samsunda\/"},"modified":"2026-04-16T02:06:48","modified_gmt":"2026-04-15T23:06:48","slug":"19-mayis-1999-ataturk-yeniden-samsunda","status":"publish","type":"product","link":"https:\/\/roveyayinevi.com.tr\/index.php\/urun\/19-mayis-1999-ataturk-yeniden-samsunda\/","title":{"rendered":"19 May\u0131s 1999  Atat\u00fcrk Yeniden Samsun\u2019da"},"content":{"rendered":"<p>Konu Atat\u00fcrk ve silah arkada\u015flar\u0131, 19 May\u0131s 1999&#8217;da Samsun&#8217;a yeniden ayak bas\u0131yorlar ve T\u00fcrkiye&#8217;nin son 50 y\u0131l\u0131na damgas\u0131n\u0131 vuran liderlerden hesap soruyorlar. Kitap \u00d6zeti Uzun y\u0131llar boyunca &#8220;Ah bir gelse!&#8221;, &#8220;Ah Atat\u00fcrk olsayd\u0131!&#8221; diye \u00f6zledi\u011fimiz Atat\u00fcrk bir mucize ger\u00e7ekle\u015fip d\u00f6nseydi neler olurdu acaba? Bu kitap i\u015fte bu \u00f6zlemin ve bu mucize s\u00fcrecinde ya\u015fanan olaylar\u0131n, sevin\u00e7lerin, umutlar\u0131n, ac\u0131lar\u0131n roman\u0131d\u0131r. Okurken \u015fa\u015f\u0131racak, d\u00fc\u015f\u00fcnecek ve trajikomik sahnelerde kendinizi tutamay\u0131p g\u00fcleceksiniz. Kitap \u00d6zeti Uzun y\u0131llar boyunca &#8220;Ah bir gelse!&#8221;, &#8220;Ah Atat\u00fcrk olsayd\u0131!&#8221; diye \u00f6zledi\u011fimiz Atat\u00fcrk bir mucize ger\u00e7ekle\u015fip d\u00f6nseydi neler olurdu acaba? Bu kitap i\u015fte bu \u00f6zlemin ve bu mucize s\u00fcrecinde ya\u015fanan olaylar\u0131n, sevin\u00e7lerin, umutlar\u0131n, ac\u0131lar\u0131n roman\u0131d\u0131r. Okurken \u015fa\u015f\u0131racak, d\u00fc\u015f\u00fcnecek ve trajikomik sahnelerde kendinizi tutamay\u0131p g\u00fcleceksiniz. Yazar Ya\u015fam\u00f6yk\u00fcs\u00fc: TURGUT \u00d6ZAKMAN 1930&#8217;da Ankara&#8217;da do\u011fdu. A.\u00dc. Hukuk Fak\u00fcltesi&#8217;ni bitirdi. Bir s\u00fcre avukatl\u0131k yapt\u0131. K\u00f6ln \u00dcniversitesi Tiyatro Bilimi Enstit\u00fcs\u00fc&#8217;ne devam ettikten sonra Devlet Tiyatrosu&#8217;na dramaturg olarak girdi. TRT&#8217;de Merkez Program Daire Ba\u015fkanl\u0131\u011f\u0131, Genel M\u00fcd\u00fcr Yard\u0131mc\u0131l\u0131\u011f\u0131, Devlet Tiyatrolar\u0131nda Genel M\u00fcd\u00fcr Ba\u015fyard\u0131mc\u0131l\u0131\u011f\u0131 ve d\u00f6rt y\u0131l Genel M\u00fcd\u00fcrl\u00fck yapt\u0131, Radyo-Televizyon Y\u00fcksek Kurulu&#8217;nda (1988-1994) \u00dcyelik ve Ba\u015fkan Yard\u0131mc\u0131l\u0131\u011f\u0131 g\u00f6revlerinde bulundu. DTC Fak\u00fcltesi Tiyatro B\u00f6l\u00fcm\u00fc&#8217;nde 30 y\u0131l &#8216;dramatik yazarl\u0131k&#8217; dersi \u00f6\u011fretim g\u00f6revlisi olarak \u00e7al\u0131\u015ft\u0131. Evli. \u00dc\u00e7 \u00e7ocu\u011fu, \u00fc\u00e7 torunu var. 1998&#8217;de, kendisine, &#8216;\u00fcst\u00fcn hizmetleri dolay\u0131s\u0131yla&#8217; Anadolu \u00dcniversitesi&#8217;nce &#8220;Fahri Doktor&#8221; unvan\u0131 verildi. Ba\u015fl\u0131ca oyunlar\u0131: Pembe Evin Kaderi; G\u00fcne\u015fte On Ki\u015fi; Duvarlar\u0131n \u00d6tesi; Kanavi\u00e7e; Ocak; Parampar\u00e7a; Ah \u015eu Gen\u00e7ler; Sar\u0131p\u0131nar-1914; Fehim Pa\u015fa Kona\u011f\u0131; Resimli Osmanl\u0131 Tarihi; Bir \u015eehnaz Oyun; T\u00f6re; Delio\u011flan; \u015eu \u00c7\u0131lg\u0131n T\u00fcrkler. Ba\u015fl\u0131ca senaryolar\u0131: Kelo\u011flan Aram\u0131zda; Yat\u0131k Emine; Kurtulu\u015f; Cumhuriyet. Romanlar\u0131: Korkma \u0130nsanc\u0131k Korkma; Romantika; 19 May\u0131s 1999 Atat\u00fcrk Yeniden Samsun&#8217;da; \u015eu \u00c7\u0131lg\u0131n T\u00fcrkler, Dirili\u015f \u00c7anakkale 1915. Meslek kitaplar\u0131: Radyo Notlar\u0131; Oyun ve Senaryo Yazma Tekni\u011fi. Tarih kitaplar\u0131: Dr. R\u0131za Nur Dosyas\u0131; Vahidettin, M. Kemal ve Milli M\u00fccadele; Atat\u00fcrk, Kurtulu\u015f Sava\u015f\u0131 ve Cumhuriyet Kronolojisi. \u00c7e\u015fitli \u00f6d\u00fcllerin yan\u0131 s\u0131ra 1999&#8217;da, &#8216;T\u00fcrk toplumunun k\u00fclt\u00fcr ve sanat hayat\u0131na katk\u0131 ve hizmetlerinden dolay\u0131&#8217; Cumhurba\u015fkanl\u0131\u011f\u0131 K\u00fclt\u00fcr ve Sanat B\u00fcy\u00fck \u00d6d\u00fcl\u00fc&#8217;ne de\u011fer g\u00f6r\u00fcld\u00fc. 2005&#8217;te yay\u0131mlanan ve b\u00fcy\u00fck yank\u0131 uyand\u0131ran \u015eu \u00c7\u0131lg\u0131n T\u00fcrkler adl\u0131 roman\u0131 dolay\u0131s\u0131yla Yeditepe \u00dcniversitesi, Samsun 19 May\u0131s \u00dcniversitesi, Eski\u015fehir Osmangazi \u00dcniversitesi, Ege \u00dcniversitesi ve Ankara \u00dcniversitesi &#8220;Onursal Doktora&#8221; unvan\u0131; Isparta S\u00fcleyman Demirel \u00dcniversitesi &#8216;Topluma Katk\u0131 \u00d6d\u00fcl\u00fc&#8217;; ODT\u00dc &#8216;\u00dcst\u00fcn Hizmet \u00d6d\u00fcl\u00fc&#8217;; Marmara \u00dcniversitesi ise &#8216;2006-2007 Atat\u00fcrk \u00d6d\u00fcl\u00fc&#8217; verdi. Ayr\u0131ca 22 fak\u00fclte, dernek, vak\u0131f, belediye, okul ve kurumca &#8216;hizmet&#8217;, &#8216;ba\u015far\u0131&#8217;, &#8216;\u015f\u00fckran&#8217;, &#8216;y\u0131l\u0131n yazar\u0131&#8217; ve &#8216;ileti\u015fim&#8217; \u00f6d\u00fcllerine de\u011fer g\u00f6r\u00fcld\u00fc.<\/p>\n","protected":false},"excerpt":{"rendered":"<p>Konu Atat\u00fcrk ve silah arkada\u015flar\u0131, 19 May\u0131s 1999&#8217;da Samsun&#8217;a yeniden ayak bas\u0131yorlar ve T\u00fcrkiye&#8217;nin son 50 y\u0131l\u0131na damgas\u0131n\u0131 vuran liderlerden hesap soruyorlar. Kitap \u00d6zeti Uzun y\u0131llar<span class=\"excerpt-hellip\"> [\u2026]<\/span><\/p>\n","protected":false},"featured_media":0,"template":"","meta":{"_monsterinsights_skip_tracking":false,"_monsterinsights_sitenote_active":false,"_monsterinsights_sitenote_note":"","_monsterinsights_sitenote_category":0},"product_brand":[],"product_cat":[12291,12292],"product_tag":[],"class_list":{"0":"post-696954","1":"product","2":"type-product","3":"status-publish","5":"product_cat-edebiyat","6":"product_cat-turk-edebiyati","7":"pa_cilt-ciltsiz","8":"pa_tur-kitap","9":"pa_yayinevi-bilgi-yayinevi","10":"pa_yazar-turgut-ozakman","12":"first","13":"instock","14":"sale","15":"shipping-taxable","16":"purchasable","17":"product-type-simple"},"_links":{"self":[{"href":"https:\/\/roveyayinevi.com.tr\/index.php\/wp-json\/wp\/v2\/product\/696954","targetHints":{"allow":["GET"]}}],"collection":[{"href":"https:\/\/roveyayinevi.com.tr\/index.php\/wp-json\/wp\/v2\/product"}],"about":[{"href":"https:\/\/roveyayinevi.com.tr\/index.php\/wp-json\/wp\/v2\/types\/product"}],"wp:attachment":[{"href":"https:\/\/roveyayinevi.com.tr\/index.php\/wp-json\/wp\/v2\/media?parent=696954"}],"wp:term":[{"taxonomy":"product_brand","embeddable":true,"href":"https:\/\/roveyayinevi.com.tr\/index.php\/wp-json\/wp\/v2\/product_brand?post=696954"},{"taxonomy":"product_cat","embeddable":true,"href":"https:\/\/roveyayinevi.com.tr\/index.php\/wp-json\/wp\/v2\/product_cat?post=696954"},{"taxonomy":"product_tag","embeddable":true,"href":"https:\/\/roveyayinevi.com.tr\/index.php\/wp-json\/wp\/v2\/product_tag?post=696954"}],"curies":[{"name":"wp","href":"https:\/\/api.w.org\/{rel}","templated":true}]}}