{"id":696951,"date":"2025-08-27T14:37:25","date_gmt":"2025-08-27T11:37:25","guid":{"rendered":"https:\/\/roveyayinevi.com.tr\/index.php\/urun\/gonul-candasin-mutfagindan\/"},"modified":"2026-04-16T02:06:48","modified_gmt":"2026-04-15T23:06:48","slug":"gonul-candasin-mutfagindan","status":"publish","type":"product","link":"https:\/\/roveyayinevi.com.tr\/index.php\/urun\/gonul-candasin-mutfagindan\/","title":{"rendered":"G\u00f6n\u00fcl Canda\u015f&#8217;\u0131n Mutfa\u011f\u0131ndan"},"content":{"rendered":"<p>G\u00f6n\u00fcl Canda\u015f\u2019\u0131n Mutfa\u011f\u0131ndan T\u00fcrkiye\u2019nin en \u00e7ok satan yemek kitaplar\u0131ndan biri olan G\u00f6n\u00fcl Canda\u015f\u2019\u0131n Mutfa\u011f\u0131ndan i\u00e7erdi\u011fi 400\u2019\u00fc a\u015fk\u0131n denenmi\u015f yemek tarifiyle, bug\u00fcne kadar b\u00fcy\u00fckanneden toruna \u00fc\u00e7 ku\u015fa\u011f\u0131n sofras\u0131nda yetkinli\u011fini kan\u0131tlad\u0131. T\u00fcrk ve d\u00fcnya mutfaklar\u0131n\u0131n en sevilen lezzetlerinin yer ald\u0131\u011f\u0131 bu kitap, uluslararas\u0131 yemek kitaplar\u0131 yar\u0131\u015fmas\u0131 Gourmand World Cookbook Awards 2003 \u00f6d\u00fcllerinde \u201cBest Easy Recipes Cookbook in Turkish\u201d (En Kolay Yemek Tarifleri Kitab\u0131) kategorisinde birincilik \u00f6d\u00fcl\u00fcne lay\u0131k g\u00f6r\u00fclm\u00fc\u015ft\u00fcr. Yine 2001 y\u0131l\u0131nda d\u00fczenlenen D\u00fcnya Yemek Kitab\u0131 Fuar\u0131nda da \u201cBest Chef Book in Turkish\u201d (En \u0130yi \u015eef Kitab\u0131) kategorisinde \u00f6d\u00fcl alm\u0131\u015ft\u0131r. G\u00f6n\u00fcl Canda\u015f\u2019\u0131n Mutfa\u011f\u0131ndan kitab\u0131nda yer alan yemek tarifleri, besin de\u011ferleri, aile b\u00fct\u00e7esine uygunluk, pratiklik ve lezzet kriterleri g\u00f6z \u00f6n\u00fcnde bulundurularak se\u00e7ilmi\u015f ve haz\u0131rlanm\u0131\u015ft\u0131r. Her biri denenmi\u015f bu tarifleri uygulayarak sevdiklerinizin g\u00f6nl\u00fcn\u00fc fethedebilir, daha \u00f6nce hi\u00e7bir yemek kitab\u0131ndan alamad\u0131\u011f\u0131n\u0131z ba\u015far\u0131l\u0131 sonu\u00e7lara ula\u015fabilirsiniz.   G\u00f6n\u00fcl Canda\u015f\u2019\u0131n Mutfa\u011f\u0131ndan ile ba\u015fta T\u00fcrk mutfa\u011f\u0131na \u00f6zg\u00fc yemekler olmak \u00fczere d\u00fcnya mutfa\u011f\u0131n\u0131n lezzetli \u00f6rneklerini sofralar\u0131n\u0131za ta\u015f\u0131yabilirsiniz. Afiyet olsun\u2026 <\/p>\n","protected":false},"excerpt":{"rendered":"<p>G\u00f6n\u00fcl Canda\u015f\u2019\u0131n Mutfa\u011f\u0131ndan T\u00fcrkiye\u2019nin en \u00e7ok satan yemek kitaplar\u0131ndan biri olan G\u00f6n\u00fcl Canda\u015f\u2019\u0131n Mutfa\u011f\u0131ndan i\u00e7erdi\u011fi 400\u2019\u00fc a\u015fk\u0131n denenmi\u015f yemek tarifiyle, bug\u00fcne kadar b\u00fcy\u00fckanneden toruna \u00fc\u00e7 ku\u015fa\u011f\u0131n<span class=\"excerpt-hellip\"> [\u2026]<\/span><\/p>\n","protected":false},"featured_media":0,"template":"","meta":{"_monsterinsights_skip_tracking":false,"_monsterinsights_sitenote_active":false,"_monsterinsights_sitenote_note":"","_monsterinsights_sitenote_category":0},"product_brand":[],"product_cat":[12458,12457],"product_tag":[],"class_list":{"0":"post-696951","1":"product","2":"type-product","3":"status-publish","5":"product_cat-turk-mutfagi","6":"product_cat-yemek-kitaplari","7":"pa_cilt-ciltli","8":"pa_tur-kitap","9":"pa_yayinevi-arkadas-yayinlari","10":"pa_yazar-gonul-candas","12":"first","13":"instock","14":"sale","15":"shipping-taxable","16":"purchasable","17":"product-type-simple"},"_links":{"self":[{"href":"https:\/\/roveyayinevi.com.tr\/index.php\/wp-json\/wp\/v2\/product\/696951","targetHints":{"allow":["GET"]}}],"collection":[{"href":"https:\/\/roveyayinevi.com.tr\/index.php\/wp-json\/wp\/v2\/product"}],"about":[{"href":"https:\/\/roveyayinevi.com.tr\/index.php\/wp-json\/wp\/v2\/types\/product"}],"wp:attachment":[{"href":"https:\/\/roveyayinevi.com.tr\/index.php\/wp-json\/wp\/v2\/media?parent=696951"}],"wp:term":[{"taxonomy":"product_brand","embeddable":true,"href":"https:\/\/roveyayinevi.com.tr\/index.php\/wp-json\/wp\/v2\/product_brand?post=696951"},{"taxonomy":"product_cat","embeddable":true,"href":"https:\/\/roveyayinevi.com.tr\/index.php\/wp-json\/wp\/v2\/product_cat?post=696951"},{"taxonomy":"product_tag","embeddable":true,"href":"https:\/\/roveyayinevi.com.tr\/index.php\/wp-json\/wp\/v2\/product_tag?post=696951"}],"curies":[{"name":"wp","href":"https:\/\/api.w.org\/{rel}","templated":true}]}}