{"id":696949,"date":"2025-08-27T14:37:24","date_gmt":"2025-08-27T11:37:24","guid":{"rendered":"https:\/\/roveyayinevi.com.tr\/index.php\/urun\/yezidilik-ve-yezidilerin-kokeni\/"},"modified":"2025-09-24T09:33:46","modified_gmt":"2025-09-24T06:33:46","slug":"yezidilik-ve-yezidilerin-kokeni","status":"publish","type":"product","link":"https:\/\/roveyayinevi.com.tr\/index.php\/urun\/yezidilik-ve-yezidilerin-kokeni\/","title":{"rendered":"Yezidilik ve Yezidilerin K\u00f6keni"},"content":{"rendered":"<p>Yezidilik karma bir dindir. Yezidiler\u2019in dili K\u00fcrt\u00e7e\u2019dir. Bu tektanr\u0131c\u0131 dinin tasar\u0131m\u0131n\u0131 yap\u0131p kuranlar Asurlar\u2019d\u0131r. Ama Yezidiler etnik olarak Asur veya K\u00fcrt m\u00fcd\u00fcrler? Yoksa Azday halk\u0131 veya ulusundan m\u0131d\u0131rlar? Yezidiler bu kimlik bunal\u0131m\u0131n\u0131 nas\u0131l \u00e7\u00f6zecekler? Cemaat a\u015famas\u0131ndan ulus olma a\u015famas\u0131na ge\u00e7i\u015fin zorluklar\u0131n\u0131 nas\u0131l yenecekler? Yezidilik tektanr\u0131c\u0131 bir dindir. Yezidiler\u2019in \u015eeytan\u2019a tapt\u0131klar\u0131, tanr\u0131lar\u0131n\u0131n \u015eeytan oldu\u011fu do\u011fru mudur? Yezidili\u011fin  kurucusu  oldu\u011fu san\u0131lan \u015eeyh Adiyy kimdir? Bu kitab\u0131n belgeler b\u00f6l\u00fcm\u00fcnde yeralan Kitab \u00fcl Cilve, Mushaf-\u0131 Re\u015f ve \u015eeyh Adiyy\u2019nin \u0130lahisi T\u00fcrk\u00e7e\u2019de ilk kez yay\u0131nlanmaktad\u0131r. Yezidilik ve Yezidilerin K\u00f6keni, bu Yezidi kaynaklar\u0131n\u0131n, Do\u011fulu, Bat\u0131l\u0131 gezginlerin, yazarlar\u0131n ara\u015ft\u0131rmalar\u0131n\u0131n incelenmesiyle ortaya \u00e7\u0131km\u0131\u015ft\u0131r. Eldeki bilgilerin de\u011ferlendirilmesi sonu\u00e7land\u0131r\u0131lm\u0131\u015f ve bir \u00e7\u00f6z\u00fcmlemeye gidilmi\u015ftir. Bu \u00e7\u00f6z\u00fcmlemeyi esas olarak okur de\u011ferlendirecektir. T\u00fcrkiye ve Ortado\u011fu\u2019da k\u00f6kenleri bilinmeyen ve kurallar\u0131 pek tan\u0131nmayan bu dini cemaat \u00fczerine yaz\u0131lm\u0131\u015f kitab\u0131n bu tart\u0131\u015fmalara yol a\u00e7mas\u0131n\u0131 umuyoruz. <\/p>\n","protected":false},"excerpt":{"rendered":"<p>Yezidilik karma bir dindir. Yezidiler\u2019in dili K\u00fcrt\u00e7e\u2019dir. Bu tektanr\u0131c\u0131 dinin tasar\u0131m\u0131n\u0131 yap\u0131p kuranlar Asurlar\u2019d\u0131r. Ama Yezidiler etnik olarak Asur veya K\u00fcrt m\u00fcd\u00fcrler? Yoksa Azday halk\u0131 veya<span class=\"excerpt-hellip\"> [\u2026]<\/span><\/p>\n","protected":false},"featured_media":0,"template":"","meta":{"_monsterinsights_skip_tracking":false,"_monsterinsights_sitenote_active":false,"_monsterinsights_sitenote_note":"","_monsterinsights_sitenote_category":0},"product_brand":[],"product_cat":[13656,12337],"product_tag":[],"class_list":{"0":"post-696949","1":"product","2":"type-product","3":"status-publish","5":"product_cat-azinliklar-etnik-sorunlar","6":"product_cat-politika-siyaset","7":"pa_cilt-ciltsiz","8":"pa_tur-kitap","9":"pa_yayinevi-berfin-yayinlari","10":"pa_yazar-erol-sever","12":"first","13":"instock","14":"sale","15":"shipping-taxable","16":"purchasable","17":"product-type-simple"},"_links":{"self":[{"href":"https:\/\/roveyayinevi.com.tr\/index.php\/wp-json\/wp\/v2\/product\/696949","targetHints":{"allow":["GET"]}}],"collection":[{"href":"https:\/\/roveyayinevi.com.tr\/index.php\/wp-json\/wp\/v2\/product"}],"about":[{"href":"https:\/\/roveyayinevi.com.tr\/index.php\/wp-json\/wp\/v2\/types\/product"}],"wp:attachment":[{"href":"https:\/\/roveyayinevi.com.tr\/index.php\/wp-json\/wp\/v2\/media?parent=696949"}],"wp:term":[{"taxonomy":"product_brand","embeddable":true,"href":"https:\/\/roveyayinevi.com.tr\/index.php\/wp-json\/wp\/v2\/product_brand?post=696949"},{"taxonomy":"product_cat","embeddable":true,"href":"https:\/\/roveyayinevi.com.tr\/index.php\/wp-json\/wp\/v2\/product_cat?post=696949"},{"taxonomy":"product_tag","embeddable":true,"href":"https:\/\/roveyayinevi.com.tr\/index.php\/wp-json\/wp\/v2\/product_tag?post=696949"}],"curies":[{"name":"wp","href":"https:\/\/api.w.org\/{rel}","templated":true}]}}