{"id":696944,"date":"2025-08-27T14:37:23","date_gmt":"2025-08-27T11:37:23","guid":{"rendered":"https:\/\/roveyayinevi.com.tr\/index.php\/urun\/kanuni-devrinde-imparatorluk-ve-iktidar\/"},"modified":"2026-04-16T02:06:48","modified_gmt":"2026-04-15T23:06:48","slug":"kanuni-devrinde-imparatorluk-ve-iktidar","status":"publish","type":"product","link":"https:\/\/roveyayinevi.com.tr\/index.php\/urun\/kanuni-devrinde-imparatorluk-ve-iktidar\/","title":{"rendered":"Kanuni Devrinde \u0130mparatorluk ve \u0130ktidar"},"content":{"rendered":"<p>Indiana University\u2019nin Tarih b\u00f6l\u00fcm\u00fcnde ara\u015ft\u0131rma g\u00f6revlisi olan Kaya \u015eahin, Kanuni Devrinde \u0130mparatorluk ve \u0130ktidar adl\u0131 \u00e7al\u0131\u015fmas\u0131nda, imparatorlu\u011fun bir numaral\u0131 b\u00fcrokrat\u0131 olan Celalzade Mustafa\u2019n\u0131n bak\u0131\u015f a\u00e7\u0131s\u0131yla revizyonist bir siyasi tarih anlat\u0131s\u0131n\u0131 ve ni\u015fanc\u0131n\u0131n eserlerinin ayr\u0131nt\u0131l\u0131 bir okumas\u0131n\u0131 bir araya getiriyor. Kitab\u0131n ilk k\u0131sm\u0131 Osmanl\u0131 se\u00e7kinleri aras\u0131ndaki dahili \u00e7eki\u015fmeleri ve uluslaras\u0131 ortamdaki rekabeti hesaba katarak 16. Y\u00fczy\u0131l Osmal\u0131 tarihine yonelik yeni bir de\u011ferlendirme sunuyor. \u0130inci k\u0131s\u0131mda ise yeni imparatorlu\u011fun m\u00fcesseselerinin ve bu m\u00fcesseselere e\u015flik eden k\u00fclt\u00fcrel ve siyasi s\u00f6ylemin olu\u015fumunu ve ta\u015f\u0131d\u0131\u011f\u0131 i\u015flevi tart\u0131\u015f\u0131yor. Kanuni Devrinde \u0130mparatorluk ve \u0130ktidar, geleneksel yakla\u015f\u0131mlar\u0131n \u00f6tesine ge\u00e7erek, 16. y\u00fczy\u0131l Osmanl\u0131 \u0130mparatorlu\u011fu\u2019nu ve Avrasya\u2019daki di\u011fer siyasi olu\u015fumlar\u0131 Avrupa merkezci bak\u0131\u015f a\u00e7\u0131s\u0131n\u0131n g\u00f6r\u00fcnmez k\u0131ld\u0131\u011f\u0131 m\u00fc\u015fterek zaman ve mek\u00e2n i\u00e7ine yerle\u015ftirirken, Safevi ve Habsburg hanedanl\u0131klar\u0131yla do\u011frudan ili\u015fkide olan Osmanl\u0131\u2019n\u0131n Avrupa siyasetinde etkin bir rol oynad\u0131\u011f\u0131n\u0131n da alt\u0131n\u0131 \u00e7iziyor. <\/p>\n","protected":false},"excerpt":{"rendered":"<p>Indiana University\u2019nin Tarih b\u00f6l\u00fcm\u00fcnde ara\u015ft\u0131rma g\u00f6revlisi olan Kaya \u015eahin, Kanuni Devrinde \u0130mparatorluk ve \u0130ktidar adl\u0131 \u00e7al\u0131\u015fmas\u0131nda, imparatorlu\u011fun bir numaral\u0131 b\u00fcrokrat\u0131 olan Celalzade Mustafa\u2019n\u0131n bak\u0131\u015f a\u00e7\u0131s\u0131yla revizyonist<span class=\"excerpt-hellip\"> [\u2026]<\/span><\/p>\n","protected":false},"featured_media":0,"template":"","meta":{"_monsterinsights_skip_tracking":false,"_monsterinsights_sitenote_active":false,"_monsterinsights_sitenote_note":"","_monsterinsights_sitenote_category":0},"product_brand":[],"product_cat":[13517,12304],"product_tag":[],"class_list":{"0":"post-696944","1":"product","2":"type-product","3":"status-publish","5":"product_cat-osmanli-tarihi","6":"product_cat-tarih","7":"pa_cilt-ciltsiz","8":"pa_tur-kitap","9":"pa_yayinevi-yapi-kredi-yayinlari","10":"pa_yazar-kaya-sahin","12":"first","13":"instock","14":"sale","15":"shipping-taxable","16":"purchasable","17":"product-type-simple"},"_links":{"self":[{"href":"https:\/\/roveyayinevi.com.tr\/index.php\/wp-json\/wp\/v2\/product\/696944","targetHints":{"allow":["GET"]}}],"collection":[{"href":"https:\/\/roveyayinevi.com.tr\/index.php\/wp-json\/wp\/v2\/product"}],"about":[{"href":"https:\/\/roveyayinevi.com.tr\/index.php\/wp-json\/wp\/v2\/types\/product"}],"wp:attachment":[{"href":"https:\/\/roveyayinevi.com.tr\/index.php\/wp-json\/wp\/v2\/media?parent=696944"}],"wp:term":[{"taxonomy":"product_brand","embeddable":true,"href":"https:\/\/roveyayinevi.com.tr\/index.php\/wp-json\/wp\/v2\/product_brand?post=696944"},{"taxonomy":"product_cat","embeddable":true,"href":"https:\/\/roveyayinevi.com.tr\/index.php\/wp-json\/wp\/v2\/product_cat?post=696944"},{"taxonomy":"product_tag","embeddable":true,"href":"https:\/\/roveyayinevi.com.tr\/index.php\/wp-json\/wp\/v2\/product_tag?post=696944"}],"curies":[{"name":"wp","href":"https:\/\/api.w.org\/{rel}","templated":true}]}}