{"id":696938,"date":"2025-08-27T14:37:21","date_gmt":"2025-08-27T11:37:21","guid":{"rendered":"https:\/\/roveyayinevi.com.tr\/index.php\/urun\/bale-okulu-3-ilk-gosteri-ilk-heyecan\/"},"modified":"2026-04-16T02:06:47","modified_gmt":"2026-04-15T23:06:47","slug":"bale-okulu-3-ilk-gosteri-ilk-heyecan","status":"publish","type":"product","link":"https:\/\/roveyayinevi.com.tr\/index.php\/urun\/bale-okulu-3-ilk-gosteri-ilk-heyecan\/","title":{"rendered":"Bale Okulu 3 &#8211; \u0130lk G\u00f6steri \u0130lk Heyecan"},"content":{"rendered":"<p>Konservatuvarda b\u00fcy\u00fck bir heyecan ya\u015fan\u0131yor. B\u00fcy\u00fck Gala gecesi i\u00e7in haz\u0131rl\u0131klar son s\u00fcrat devam ederken, \u00f6\u011fenciler g\u00fczel bir g\u00f6steri sunabilmek i\u00e7in b\u00fcy\u00fck \u00e7aba harc\u0131yor. <\/p>\n","protected":false},"excerpt":{"rendered":"<p>Konservatuvarda b\u00fcy\u00fck bir heyecan ya\u015fan\u0131yor. B\u00fcy\u00fck Gala gecesi i\u00e7in haz\u0131rl\u0131klar son s\u00fcrat devam ederken, \u00f6\u011fenciler g\u00fczel bir g\u00f6steri sunabilmek i\u00e7in b\u00fcy\u00fck \u00e7aba harc\u0131yor.<\/p>\n","protected":false},"featured_media":0,"template":"","meta":{"_monsterinsights_skip_tracking":false,"_monsterinsights_sitenote_active":false,"_monsterinsights_sitenote_note":"","_monsterinsights_sitenote_category":0},"product_brand":[],"product_cat":[12291,12711],"product_tag":[],"class_list":{"0":"post-696938","1":"product","2":"type-product","3":"status-publish","5":"product_cat-edebiyat","6":"product_cat-roman-oyku","7":"pa_cilt-ciltsiz","8":"pa_tur-kitap","9":"pa_yayinevi-beyaz-balina-yayinlari","10":"pa_yazar-aurora-marsotto","12":"first","13":"instock","14":"sale","15":"shipping-taxable","16":"purchasable","17":"product-type-simple"},"_links":{"self":[{"href":"https:\/\/roveyayinevi.com.tr\/index.php\/wp-json\/wp\/v2\/product\/696938","targetHints":{"allow":["GET"]}}],"collection":[{"href":"https:\/\/roveyayinevi.com.tr\/index.php\/wp-json\/wp\/v2\/product"}],"about":[{"href":"https:\/\/roveyayinevi.com.tr\/index.php\/wp-json\/wp\/v2\/types\/product"}],"wp:attachment":[{"href":"https:\/\/roveyayinevi.com.tr\/index.php\/wp-json\/wp\/v2\/media?parent=696938"}],"wp:term":[{"taxonomy":"product_brand","embeddable":true,"href":"https:\/\/roveyayinevi.com.tr\/index.php\/wp-json\/wp\/v2\/product_brand?post=696938"},{"taxonomy":"product_cat","embeddable":true,"href":"https:\/\/roveyayinevi.com.tr\/index.php\/wp-json\/wp\/v2\/product_cat?post=696938"},{"taxonomy":"product_tag","embeddable":true,"href":"https:\/\/roveyayinevi.com.tr\/index.php\/wp-json\/wp\/v2\/product_tag?post=696938"}],"curies":[{"name":"wp","href":"https:\/\/api.w.org\/{rel}","templated":true}]}}