{"id":696937,"date":"2025-08-27T14:37:21","date_gmt":"2025-08-27T11:37:21","guid":{"rendered":"https:\/\/roveyayinevi.com.tr\/index.php\/urun\/parcalanmis-hayat\/"},"modified":"2026-04-16T02:06:47","modified_gmt":"2026-04-15T23:06:47","slug":"parcalanmis-hayat","status":"publish","type":"product","link":"https:\/\/roveyayinevi.com.tr\/index.php\/urun\/parcalanmis-hayat\/","title":{"rendered":"Par\u00e7alanm\u0131\u015f Hayat"},"content":{"rendered":"<p>\u0130lkeli siyaset, kimlik, ahlak, sorumluluk&#8230; postmodern d\u00f6nemin umac\u0131lar\u0131. G\u00fcn, sorumluluk almaman\u0131n, ba\u011flanmaman\u0131n, par\u00e7al\u0131 kimliklerin, plastik cinselli\u011fin ve t\u00fcketicilerin g\u00fcn\u00fc! Mademki siyaset agoralardan silinip oy sand\u0131klar\u0131na hapsedildi; modernli\u011fin toplama kamplar\u0131nda bitiremedi\u011fi \u00f6teki, evin, mahallenin, kentin d\u0131\u015f\u0131na p\u00fcsk\u00fcrt\u00fcld\u00fc; hayat art\u0131k do\u011fumla ba\u015flay\u0131p \u00f6l\u00fcmle sona eren bir s\u00fcreklilik olmaktan \u00e7\u0131k\u0131p hesaplanabilir ve s\u00fcrd\u00fcr\u00fclebilir par\u00e7alara b\u00f6l\u00fcnd\u00fc&#8230; \u00f6yleyse art\u0131k evlerimizin s\u0131k\u0131ca kilitlenmi\u015f kap\u0131lar\u0131 ard\u0131nda da olsa, g\u00fcvendeyiz demektir: Yabanc\u0131 ve dolay\u0131s\u0131yla belirsiz olan her \u015feyden zamansal ve mekansal uzakl\u0131k; \u00d6teki i\u00e7in sorumluluk almay\u0131 gerektiren varolu\u015f bi\u00e7imlerinin reddi; b\u00fct\u00fcn d\u00fczenlemelerin yak\u0131nla\u015fma ve ba\u011flanma olas\u0131l\u0131\u011f\u0131n\u0131 d\u0131\u015flayacak \u015fekilde t\u00fcketici lehine yap\u0131lmas\u0131; yaln\u0131zca ve yaln\u0131zca \u015fimdiyi ya\u015fama, ge\u00e7mi\u015ften ba\u011f\u0131ms\u0131z olma ve gelecek i\u00e7in taahh\u00fct alt\u0131na girmeme garantisi&#8230; En \u00f6nemlisi de, \u201ciyi\u201d ile \u201ck\u00f6t\u00fc\u201d aras\u0131nda se\u00e7im yapma ve ahlaki kararlar alma y\u00fck\u00fcml\u00fcl\u00fc\u011f\u00fcnden ka\u00e7\u0131\u015f imkan\u0131&#8230; Par\u00e7alanm\u0131\u015f Hayat\u2019ta art\u0131k kimsenin vicdan\u0131n\u0131n sesini dinlemesi, rahatlatmas\u0131 vb s\u00f6z konusu de\u011fil. Sorumluluk almad\u0131\u011f\u0131n\u0131z s\u00fcrece rahatlat\u0131lmas\u0131 gereken bir vicdan\u0131n\u0131z da olmayacakt\u0131r. \u201cBireyin kurtulu\u015fu\u201d vaadi ger\u00e7ekle\u015fmi\u015ftir art\u0131k!.. Peki ya \u00d6teki? Yoksulluk, sava\u015flar, etnik k\u0131y\u0131m, ayr\u0131mc\u0131l\u0131k, hastane kuyruklar\u0131, i\u015fsizlik? Etik mi dediniz? Primetime ku\u015fa\u011f\u0131nda oynayan bir dizinin ad\u0131 m\u0131? Al\u0131\u015fveri\u015f merkezlerinde sat\u0131l\u0131r m\u0131? Par\u00e7alanm\u0131\u015f Hayat, Richard Sennett\u2019in \u201ctoplumsal kuram alan\u0131nda b\u00fcy\u00fck bir olay\u201d diye niteledi\u011fi Postmodern Etik\u2019in devam\u0131 olarak okunmas\u0131 gereken bir kitap. Bauman Postmodern Etik\u2019te yasalar\u0131 olmayan bir ahlak\u0131, kendi gerek\u00e7esini yine kendinde bulan bir ahlak\u0131n d\u0131\u015f hatlar\u0131n\u0131 tarif ediyordu. Par\u00e7alanm\u0131\u015f Hayat\u2019ta ise modernli\u011fin s\u0131n\u0131rl\u0131l\u0131klar\u0131ndan kurtulan etik i\u00e7in alacakaranl\u0131\u011f\u0131 de\u011fil \u015fafa\u011f\u0131 m\u00fcjdeliyor. Modern d\u00f6nemde kesin hatlar\u0131yla belirlenmi\u015f \u201cu\u00e7\u201dlarda, \u201cba\u015flang\u0131\u00e7\u201dta ya da \u201cson\u201dda ya\u015fanan hayatlar\u0131n, postmodern d\u00f6nemle birlikte y\u0131k\u0131ld\u0131\u011f\u0131n\u0131 ve her \u015feyin \u201corta\u201dya, yani belirlenemezli\u011fin, olumsall\u0131\u011f\u0131n, tekinsizli\u011fin ve yabanc\u0131l\u0131\u011f\u0131n \u0131ss\u0131zl\u0131\u011f\u0131na d\u00fc\u015ft\u00fc\u011f\u00fcn\u00fc ifade ediyor. Ki\u015finin \u00f6n\u00fcn\u00fc g\u00f6remedi\u011fi, arkas\u0131nda iz b\u0131rakamad\u0131\u011f\u0131 bir \u201c\u00e7\u00f6l yolculu\u011fu\u201d olarak ya\u015fanan hayat\u0131n, ki\u015fiye, kendi ahlak\u0131n\u0131 kendisinin olu\u015fturmas\u0131 imkan\u0131n\u0131 veren ger\u00e7ek bir \u00f6zg\u00fcrl\u00fc\u011f\u00fcn \u015fimdi m\u00fcmk\u00fcn oldu\u011funu belirtiyor. \u201cEti\u011fi olmayan ahlak\u201dtan postmodern siyaset sorununa kadar Par\u00e7alanm\u0131\u015f Hayat, \u00e7a\u011fda\u015f toplumsal d\u00fc\u015f\u00fcnceye, enine boyuna okunup tart\u0131\u015f\u0131lmas\u0131 gereken muhte\u015fem bir katk\u0131 sunuyor. <\/p>\n","protected":false},"excerpt":{"rendered":"<p>\u0130lkeli siyaset, kimlik, ahlak, sorumluluk&#8230; postmodern d\u00f6nemin umac\u0131lar\u0131. G\u00fcn, sorumluluk almaman\u0131n, ba\u011flanmaman\u0131n, par\u00e7al\u0131 kimliklerin, plastik cinselli\u011fin ve t\u00fcketicilerin g\u00fcn\u00fc! Mademki siyaset agoralardan silinip oy sand\u0131klar\u0131na hapsedildi;<span class=\"excerpt-hellip\"> [\u2026]<\/span><\/p>\n","protected":false},"featured_media":0,"template":"","meta":{"_monsterinsights_skip_tracking":false,"_monsterinsights_sitenote_active":false,"_monsterinsights_sitenote_note":"","_monsterinsights_sitenote_category":0},"product_brand":[],"product_cat":[15319,12388],"product_tag":[],"class_list":{"0":"post-696937","1":"product","2":"type-product","3":"status-publish","5":"product_cat-etik","6":"product_cat-felsefe","7":"pa_cilt-ciltsiz","8":"pa_tur-kitap","9":"pa_yayinevi-ayrinti-yayinlari","10":"pa_yazar-zygmunt-bauman","12":"first","13":"instock","14":"sale","15":"shipping-taxable","16":"purchasable","17":"product-type-simple"},"_links":{"self":[{"href":"https:\/\/roveyayinevi.com.tr\/index.php\/wp-json\/wp\/v2\/product\/696937","targetHints":{"allow":["GET"]}}],"collection":[{"href":"https:\/\/roveyayinevi.com.tr\/index.php\/wp-json\/wp\/v2\/product"}],"about":[{"href":"https:\/\/roveyayinevi.com.tr\/index.php\/wp-json\/wp\/v2\/types\/product"}],"wp:attachment":[{"href":"https:\/\/roveyayinevi.com.tr\/index.php\/wp-json\/wp\/v2\/media?parent=696937"}],"wp:term":[{"taxonomy":"product_brand","embeddable":true,"href":"https:\/\/roveyayinevi.com.tr\/index.php\/wp-json\/wp\/v2\/product_brand?post=696937"},{"taxonomy":"product_cat","embeddable":true,"href":"https:\/\/roveyayinevi.com.tr\/index.php\/wp-json\/wp\/v2\/product_cat?post=696937"},{"taxonomy":"product_tag","embeddable":true,"href":"https:\/\/roveyayinevi.com.tr\/index.php\/wp-json\/wp\/v2\/product_tag?post=696937"}],"curies":[{"name":"wp","href":"https:\/\/api.w.org\/{rel}","templated":true}]}}