{"id":696936,"date":"2025-08-27T14:37:21","date_gmt":"2025-08-27T11:37:21","guid":{"rendered":"https:\/\/roveyayinevi.com.tr\/index.php\/urun\/ozgur-egitim\/"},"modified":"2026-04-16T02:06:47","modified_gmt":"2026-04-15T23:06:47","slug":"ozgur-egitim","status":"publish","type":"product","link":"https:\/\/roveyayinevi.com.tr\/index.php\/urun\/ozgur-egitim\/","title":{"rendered":"\u00d6zg\u00fcr E\u011fitim"},"content":{"rendered":"<p>Bir bireyin eylemlerine, ka\u00e7\u0131\u015f\u0131 olmayan, i\u00e7selle\u015fmi\u015f bir otorite k\u0131lavuzluk ediyorsa politik \u00f6zg\u00fcrl\u00fc\u011f\u00fcn \u00e7ok az anlam\u0131 vard\u0131r diyen yazar bu kitab\u0131nda i\u00e7selle\u015fmi\u015f otoriteyi olu\u015fturan mekanizmalardan biri olan e\u011fitimi ele al\u0131yor. \ufffcTan\u0131t\u0131m Metni<\/p>\n","protected":false},"excerpt":{"rendered":"<p>Bir bireyin eylemlerine, ka\u00e7\u0131\u015f\u0131 olmayan, i\u00e7selle\u015fmi\u015f bir otorite k\u0131lavuzluk ediyorsa politik \u00f6zg\u00fcrl\u00fc\u011f\u00fcn \u00e7ok az anlam\u0131 vard\u0131r diyen yazar bu kitab\u0131nda i\u00e7selle\u015fmi\u015f otoriteyi olu\u015fturan mekanizmalardan biri olan<span class=\"excerpt-hellip\"> [\u2026]<\/span><\/p>\n","protected":false},"featured_media":0,"template":"","meta":{"_monsterinsights_skip_tracking":false,"_monsterinsights_sitenote_active":false,"_monsterinsights_sitenote_note":"","_monsterinsights_sitenote_category":0},"product_brand":[],"product_cat":[12365,12364],"product_tag":[],"class_list":{"0":"post-696936","1":"product","2":"type-product","3":"status-publish","5":"product_cat-diger-genel-konular","6":"product_cat-genel-konular","7":"pa_cilt-ciltsiz","8":"pa_tur-kitap","9":"pa_yayinevi-ayrinti-yayinlari","10":"pa_yazar-joel-spring","12":"first","13":"instock","14":"sale","15":"shipping-taxable","16":"purchasable","17":"product-type-simple"},"_links":{"self":[{"href":"https:\/\/roveyayinevi.com.tr\/index.php\/wp-json\/wp\/v2\/product\/696936","targetHints":{"allow":["GET"]}}],"collection":[{"href":"https:\/\/roveyayinevi.com.tr\/index.php\/wp-json\/wp\/v2\/product"}],"about":[{"href":"https:\/\/roveyayinevi.com.tr\/index.php\/wp-json\/wp\/v2\/types\/product"}],"wp:attachment":[{"href":"https:\/\/roveyayinevi.com.tr\/index.php\/wp-json\/wp\/v2\/media?parent=696936"}],"wp:term":[{"taxonomy":"product_brand","embeddable":true,"href":"https:\/\/roveyayinevi.com.tr\/index.php\/wp-json\/wp\/v2\/product_brand?post=696936"},{"taxonomy":"product_cat","embeddable":true,"href":"https:\/\/roveyayinevi.com.tr\/index.php\/wp-json\/wp\/v2\/product_cat?post=696936"},{"taxonomy":"product_tag","embeddable":true,"href":"https:\/\/roveyayinevi.com.tr\/index.php\/wp-json\/wp\/v2\/product_tag?post=696936"}],"curies":[{"name":"wp","href":"https:\/\/api.w.org\/{rel}","templated":true}]}}