{"id":696929,"date":"2025-08-27T14:37:19","date_gmt":"2025-08-27T11:37:19","guid":{"rendered":"https:\/\/roveyayinevi.com.tr\/index.php\/urun\/savas-dalgalari\/"},"modified":"2026-04-16T02:06:47","modified_gmt":"2026-04-15T23:06:47","slug":"savas-dalgalari","status":"publish","type":"product","link":"https:\/\/roveyayinevi.com.tr\/index.php\/urun\/savas-dalgalari\/","title":{"rendered":"Sava\u015f Dalgalar\u0131"},"content":{"rendered":"<p>Pressfield\u2019in ilk kitab\u0131 Ate\u015f Ge\u00e7itleri\u2019nde anlat\u0131lan Isparta ve Termopilai sava\u015flar\u0131ndan 50 y\u0131l sonraki d\u00f6nemi ele alan Sava\u015f Dalgalar\u0131, Yunan tarihinin belki de en dramatik d\u00f6nemini g\u00f6zler \u00f6n\u00fcne sermektedir. Bu d\u00f6nem, Perikles, Sophokles ve Sokrates\u2019in ya\u015fad\u0131\u011f\u0131 d\u00f6nemdir. Atina \u015fehir devleti g\u00fc\u00e7lenmi\u015f ve Isparta\u2019y\u0131 tehdit etmeye ba\u015flam\u0131\u015ft\u0131r. Ya\u015fanan bu \u00e7alkant\u0131l\u0131 d\u00f6nemde, yapt\u0131klar\u0131yla herkesin dikkatini \u00e7eken ve Atina\u2019y\u0131 neredeyse y\u0131kan bir adam vard\u0131: Alkibiades. Ba\u015far\u0131l\u0131 bir komutand\u0131, son derece g\u00fc\u00e7l\u00fcyd\u00fc, yak\u0131\u015f\u0131kl\u0131yd\u0131 ve ayn\u0131 zamanda da \u00fcst\u00fcn bir zekaya sahipti. Ispartal\u0131lar\u2019la sava\u015fmak i\u00e7in Atinal\u0131lar\u2019\u0131 ikna edemeyince, Ispartal\u0131lar\u2019\u0131n yan\u0131na gidip Atinal\u0131lar\u2019a kar\u015f\u0131 sava\u015ft\u0131. <\/p>\n","protected":false},"excerpt":{"rendered":"<p>Pressfield\u2019in ilk kitab\u0131 Ate\u015f Ge\u00e7itleri\u2019nde anlat\u0131lan Isparta ve Termopilai sava\u015flar\u0131ndan 50 y\u0131l sonraki d\u00f6nemi ele alan Sava\u015f Dalgalar\u0131, Yunan tarihinin belki de en dramatik d\u00f6nemini g\u00f6zler<span class=\"excerpt-hellip\"> [\u2026]<\/span><\/p>\n","protected":false},"featured_media":0,"template":"","meta":{"_monsterinsights_skip_tracking":false,"_monsterinsights_sitenote_active":false,"_monsterinsights_sitenote_note":"","_monsterinsights_sitenote_category":0},"product_brand":[],"product_cat":[12891,12291],"product_tag":[],"class_list":{"0":"post-696929","1":"product","2":"type-product","3":"status-publish","5":"product_cat-amerikan-edebiyati","6":"product_cat-edebiyat","7":"pa_tur-kitap","8":"pa_yayinevi-bilge-kultur-sanat","9":"pa_yazar-steven-pressfield","11":"first","12":"instock","13":"sale","14":"shipping-taxable","15":"purchasable","16":"product-type-simple"},"_links":{"self":[{"href":"https:\/\/roveyayinevi.com.tr\/index.php\/wp-json\/wp\/v2\/product\/696929","targetHints":{"allow":["GET"]}}],"collection":[{"href":"https:\/\/roveyayinevi.com.tr\/index.php\/wp-json\/wp\/v2\/product"}],"about":[{"href":"https:\/\/roveyayinevi.com.tr\/index.php\/wp-json\/wp\/v2\/types\/product"}],"wp:attachment":[{"href":"https:\/\/roveyayinevi.com.tr\/index.php\/wp-json\/wp\/v2\/media?parent=696929"}],"wp:term":[{"taxonomy":"product_brand","embeddable":true,"href":"https:\/\/roveyayinevi.com.tr\/index.php\/wp-json\/wp\/v2\/product_brand?post=696929"},{"taxonomy":"product_cat","embeddable":true,"href":"https:\/\/roveyayinevi.com.tr\/index.php\/wp-json\/wp\/v2\/product_cat?post=696929"},{"taxonomy":"product_tag","embeddable":true,"href":"https:\/\/roveyayinevi.com.tr\/index.php\/wp-json\/wp\/v2\/product_tag?post=696929"}],"curies":[{"name":"wp","href":"https:\/\/api.w.org\/{rel}","templated":true}]}}