{"id":696928,"date":"2025-08-27T14:37:18","date_gmt":"2025-08-27T11:37:18","guid":{"rendered":"https:\/\/roveyayinevi.com.tr\/index.php\/urun\/safran-yetistiriciligi\/"},"modified":"2026-04-16T02:06:47","modified_gmt":"2026-04-15T23:06:47","slug":"safran-yetistiriciligi","status":"publish","type":"product","link":"https:\/\/roveyayinevi.com.tr\/index.php\/urun\/safran-yetistiriciligi\/","title":{"rendered":"Safran Yeti\u015ftiricili\u011fi"},"content":{"rendered":"<p>Safran\u0131n, d\u00fcnyan\u0131n en pahal\u0131 baharat\u0131 oldu\u011funu biliyorsunuz, fakat nerede, nas\u0131l, ni\u00e7in kullan\u0131ld\u0131\u011f\u0131n\u0131, sa\u011fl\u0131\u011f\u0131n\u0131z a\u00e7\u0131s\u0131ndan hangi hastal\u0131klar\u0131n tedavisinde ya da cilt bak\u0131m\u0131nda hangi sorunlar\u0131n \u00e7\u00f6z\u00fcm\u00fcnde yararlan\u0131labilece\u011fini, \u00fclkemizde yeti\u015ftirilip yeti\u015ftirilmedi\u011fini, tar\u0131m\u0131n\u0131n nas\u0131l yap\u0131ld\u0131\u011f\u0131n\u0131, iklim-toprak isteklerini, so\u011fan\u0131n\u0131n nereden temin edilebilece\u011fini bilmek; tarla haz\u0131rl\u0131\u011f\u0131ndan dikimine, bak\u0131m\u0131ndan hasad\u0131na, kurutulmas\u0131ndan muhafazas\u0131na, \u00fcr\u00fcn\u00fc pazara sunarken ve sat\u0131n al\u0131rken nelere dikkat edilece\u011fine kadar zihninizde mevcut bir dizi m\u00fcphem konu, soru, ku\u015fku, merak ve endi\u015felerle ilgili bilgilenmek mi istiyorsunuz? \u0130\u015fte elinizdeki bu kitap, safranla ilgili bu ve benzeri konularda do\u011fru bilgilenip do\u011fru karar verebilmek i\u00e7in g\u00fcvenece\u011finiz do\u011fru bir rehber ve canl\u0131 bir dan\u0131\u015fmand\u0131r. <\/p>\n","protected":false},"excerpt":{"rendered":"<p>Safran\u0131n, d\u00fcnyan\u0131n en pahal\u0131 baharat\u0131 oldu\u011funu biliyorsunuz, fakat nerede, nas\u0131l, ni\u00e7in kullan\u0131ld\u0131\u011f\u0131n\u0131, sa\u011fl\u0131\u011f\u0131n\u0131z a\u00e7\u0131s\u0131ndan hangi hastal\u0131klar\u0131n tedavisinde ya da cilt bak\u0131m\u0131nda hangi sorunlar\u0131n \u00e7\u00f6z\u00fcm\u00fcnde yararlan\u0131labilece\u011fini, \u00fclkemizde<span class=\"excerpt-hellip\"> [\u2026]<\/span><\/p>\n","protected":false},"featured_media":0,"template":"","meta":{"_monsterinsights_skip_tracking":false,"_monsterinsights_sitenote_active":false,"_monsterinsights_sitenote_note":"","_monsterinsights_sitenote_category":0},"product_brand":[],"product_cat":[13397,13365],"product_tag":[],"class_list":{"0":"post-696928","1":"product","2":"type-product","3":"status-publish","5":"product_cat-alternatif-tip-sifali-bitkiler","6":"product_cat-saglik","7":"pa_cilt-ciltsiz","8":"pa_tur-kitap","9":"pa_yayinevi-bilge-kultur-sanat","10":"pa_yazar-huseyin-koc","12":"first","13":"instock","14":"sale","15":"shipping-taxable","16":"purchasable","17":"product-type-simple"},"_links":{"self":[{"href":"https:\/\/roveyayinevi.com.tr\/index.php\/wp-json\/wp\/v2\/product\/696928","targetHints":{"allow":["GET"]}}],"collection":[{"href":"https:\/\/roveyayinevi.com.tr\/index.php\/wp-json\/wp\/v2\/product"}],"about":[{"href":"https:\/\/roveyayinevi.com.tr\/index.php\/wp-json\/wp\/v2\/types\/product"}],"wp:attachment":[{"href":"https:\/\/roveyayinevi.com.tr\/index.php\/wp-json\/wp\/v2\/media?parent=696928"}],"wp:term":[{"taxonomy":"product_brand","embeddable":true,"href":"https:\/\/roveyayinevi.com.tr\/index.php\/wp-json\/wp\/v2\/product_brand?post=696928"},{"taxonomy":"product_cat","embeddable":true,"href":"https:\/\/roveyayinevi.com.tr\/index.php\/wp-json\/wp\/v2\/product_cat?post=696928"},{"taxonomy":"product_tag","embeddable":true,"href":"https:\/\/roveyayinevi.com.tr\/index.php\/wp-json\/wp\/v2\/product_tag?post=696928"}],"curies":[{"name":"wp","href":"https:\/\/api.w.org\/{rel}","templated":true}]}}