{"id":696919,"date":"2025-08-27T14:37:16","date_gmt":"2025-08-27T11:37:16","guid":{"rendered":"https:\/\/roveyayinevi.com.tr\/index.php\/urun\/turk-hun-tarihi\/"},"modified":"2025-12-30T09:46:29","modified_gmt":"2025-12-30T06:46:29","slug":"turk-hun-tarihi","status":"publish","type":"product","link":"https:\/\/roveyayinevi.com.tr\/index.php\/urun\/turk-hun-tarihi\/","title":{"rendered":"T\u00fcrk-Hun Tarihi"},"content":{"rendered":"<p>\u015eimdiye kadar Orta Asya T\u00fcrk Tarihinin \u00e7e\u015fitli devirlerine dair bir dizi \u00e7al\u0131\u015fmalar yapt\u0131k. K\u00f6k T\u00fcrk, Uygur ve K\u0131rg\u0131z \u00e7a\u011flar\u0131n\u0131 belgelerin yard\u0131m\u0131yla, b\u00fct\u00fcnc\u00fcl bir yap\u0131 i\u00e7inde de\u011ferlendirdik. Biz burada hem akademisyenlerin hem de b\u00fct\u00fcn halk\u0131m\u0131z\u0131n kavrayabilece\u011fi bir usl\u00fbpla, herkese hitap etmeyi ama\u00e7lad\u0131k. \u00c7\u00fcnk\u00fc T\u00fcrk milleti \u015fanl\u0131 tarihinin bu eski d\u00f6nemi konusunda B\u00f6r\u00fc Tonga (Tokta\/Mo-tun) Kagan ile babas\u0131n\u0131n m\u00fccadelesinden ba\u015fka bir \u015fey bilmemektedir. \u0130\u015fte buna ba\u011fl\u0131 olarak b\u00fcy\u00fck Hun Devleti y\u0131k\u0131ld\u0131ktan sonra, onun miras\u00e7\u0131s\u0131 durumundaki k\u00fc\u00e7\u00fck T\u00fcrk siyasi te\u015fekk\u00fcllerini bir nebze de olsa g\u00f6zler \u00f6n\u00fcne sermeye gayret ettik. Muhakkak ki, en m\u00fckemmelini yapt\u0131\u011f\u0131m\u0131z iddias\u0131nda de\u011filiz. Muhtemelen elinizde bulunan T\u00fcrk-Hun Tarihi kitab\u0131 konusunda m\u00fcspet ya da menfi pek\u00e7ok ele\u015ftiri olacakt\u0131r. Ama en az\u0131ndan, 18. as\u0131rdan beridir bir eksiklik olarak g\u00f6rd\u00fc\u011f\u00fcm\u00fcz, T\u00fcrk tarihinin bu ilk devirlerini yazarak T\u00fcrkl\u00fck bilimcilere bir par\u00e7a da olsa yol a\u00e7t\u0131\u011f\u0131m\u0131z\u0131 d\u00fc\u015f\u00fcn\u00fcyoruz. <\/p>\n","protected":false},"excerpt":{"rendered":"<p>\u015eimdiye kadar Orta Asya T\u00fcrk Tarihinin \u00e7e\u015fitli devirlerine dair bir dizi \u00e7al\u0131\u015fmalar yapt\u0131k. K\u00f6k T\u00fcrk, Uygur ve K\u0131rg\u0131z \u00e7a\u011flar\u0131n\u0131 belgelerin yard\u0131m\u0131yla, b\u00fct\u00fcnc\u00fcl bir yap\u0131 i\u00e7inde de\u011ferlendirdik.<span class=\"excerpt-hellip\"> [\u2026]<\/span><\/p>\n","protected":false},"featured_media":0,"template":"","meta":{"_monsterinsights_skip_tracking":false,"_monsterinsights_sitenote_active":false,"_monsterinsights_sitenote_note":"","_monsterinsights_sitenote_category":0},"product_brand":[],"product_cat":[12304,13650],"product_tag":[],"class_list":{"0":"post-696919","1":"product","2":"type-product","3":"status-publish","5":"product_cat-tarih","6":"product_cat-turk-tarihi-arastirmalari","7":"pa_cilt-ciltsiz","8":"pa_tur-kitap","9":"pa_yayinevi-berikan-yayinlari","10":"pa_yazar-saadettin-yagmur-gomec","12":"first","13":"instock","14":"sale","15":"shipping-taxable","16":"purchasable","17":"product-type-simple"},"_links":{"self":[{"href":"https:\/\/roveyayinevi.com.tr\/index.php\/wp-json\/wp\/v2\/product\/696919","targetHints":{"allow":["GET"]}}],"collection":[{"href":"https:\/\/roveyayinevi.com.tr\/index.php\/wp-json\/wp\/v2\/product"}],"about":[{"href":"https:\/\/roveyayinevi.com.tr\/index.php\/wp-json\/wp\/v2\/types\/product"}],"wp:attachment":[{"href":"https:\/\/roveyayinevi.com.tr\/index.php\/wp-json\/wp\/v2\/media?parent=696919"}],"wp:term":[{"taxonomy":"product_brand","embeddable":true,"href":"https:\/\/roveyayinevi.com.tr\/index.php\/wp-json\/wp\/v2\/product_brand?post=696919"},{"taxonomy":"product_cat","embeddable":true,"href":"https:\/\/roveyayinevi.com.tr\/index.php\/wp-json\/wp\/v2\/product_cat?post=696919"},{"taxonomy":"product_tag","embeddable":true,"href":"https:\/\/roveyayinevi.com.tr\/index.php\/wp-json\/wp\/v2\/product_tag?post=696919"}],"curies":[{"name":"wp","href":"https:\/\/api.w.org\/{rel}","templated":true}]}}