{"id":696916,"date":"2025-08-27T14:37:15","date_gmt":"2025-08-27T11:37:15","guid":{"rendered":"https:\/\/roveyayinevi.com.tr\/index.php\/urun\/gumus-patenler-2\/"},"modified":"2026-04-16T02:06:47","modified_gmt":"2026-04-15T23:06:47","slug":"gumus-patenler-2","status":"publish","type":"product","link":"https:\/\/roveyayinevi.com.tr\/index.php\/urun\/gumus-patenler-2\/","title":{"rendered":"G\u00fcm\u00fc\u015f Patenler"},"content":{"rendered":"<p>\u00c7ocuk edebiyat\u0131n\u0131n en se\u00e7kin \u00f6rneklerinin yer ald\u0131\u011f\u0131 Arkada\u015f \u00c7ocuk Serisi&#8217;ne tamam\u0131 resimli yeni iki kitap daha eklendi. Ali Aydo\u011fan taraf\u0131ndan, \u00f6zenli ve titiz bir \u00e7al\u0131\u015fmayla dilimize uyarlanan, tamam\u0131 \u00f6zg\u00fcn \u00e7izimlerle bezenmi\u015f kitaplar, \u00e7ocuklar\u0131n dil e\u011fitimine \u00f6nemli katk\u0131da bulunacak.  \u0130\u00e7erdikleri hikaye ve masallarla \u00e7ocuklara iyili\u011fi ve k\u00f6t\u00fcl\u00fc\u011f\u00fc, adaleti, payla\u015fmay\u0131, empati kurmay\u0131, do\u011fay\u0131 sevmeyi, kalabal\u0131k i\u00e7inde birey olabilmeyi anlatan bu kitaplar, ak\u0131c\u0131 anlat\u0131mlar\u0131 ve birbirinden g\u00fczel \u00e7izimleriyle \u00f6ne \u00e7\u0131k\u0131yorlar.  \u0130lk\u00f6\u011fretim \u00f6\u011frencileri taraf\u0131ndan okunmas\u0131 tavsiye edilen eserlerden olu\u015fan bu \u00f6zel \u00e7al\u0131\u015fmay\u0131 gen\u00e7 okurlara sunmaktan mutluluk duyuyoruz.  \u2026Raff Brinker ge\u00e7irdi\u011fi bir kaza sonucuyaralanm\u0131\u015fve belle\u011fini yitirmi\u015ftir. Babalar\u0131n\u0131nzor g\u00fcnler i\u00e7in biriktirdi\u011fialt\u0131nlar\u0131n yerini de kimse bilmiyordur. Bayan Brinkerdi\u011fer evlere temizli\u011fe giderek ve yapt\u0131\u011f\u0131 el i\u015flerini satarak kazand\u0131\u011f\u0131 parayla evini ge\u00e7indirmektedir.Aradan on y\u0131l ge\u00e7er. Hans 15, Gretel ise 12 ya\u015f\u0131ndad\u0131r art\u0131k. \u0130ki karde\u015f, ev i\u015flerinden ve \u00e7al\u0131\u015fmaktan arta kalan 1-2 saatlik zamanlar\u0131nda paten kaymaktan b\u00fcy\u00fck keyif almaktad\u0131rlar. Ancakger\u00e7ek patenler almak i\u00e7in paralar\u0131 yoktur ve tahtadan yapt\u0131klar\u0131 patenlerle kaymak da \u00e7ok zordur\u2026 Belediye Ba\u015fkan\u0131 k\u0131z\u0131n\u0131n do\u011fum g\u00fcn\u00fc i\u00e7in bir paten yar\u0131\u015fmas\u0131 d\u00fczenler. Acaba Hans ve Gretel, kasabada d\u00fczenlenen ve kazanana g\u00fcm\u00fc\u015f patenler verilecek olanbu yar\u0131\u015fmayakat\u0131labilecek midir? Babalar\u0131 bir g\u00fcn iyile\u015febilecek midir?  Mary E. Mapes Dodge, \u00e7ocuk klasikleri aras\u0131nda kabul edilen G\u00fcm\u00fc\u015f Patenler&#8217;de, sizleri so\u011fuk bir Hollanda k\u0131\u015f\u0131nda kalpleri sevgiyle dolu insanlar\u0131n s\u0131cac\u0131k hik\u00e2yelerini payla\u015fmaya davet ediyor. <\/p>\n","protected":false},"excerpt":{"rendered":"<p>\u00c7ocuk edebiyat\u0131n\u0131n en se\u00e7kin \u00f6rneklerinin yer ald\u0131\u011f\u0131 Arkada\u015f \u00c7ocuk Serisi&#8217;ne tamam\u0131 resimli yeni iki kitap daha eklendi. Ali Aydo\u011fan taraf\u0131ndan, \u00f6zenli ve titiz bir \u00e7al\u0131\u015fmayla dilimize<span class=\"excerpt-hellip\"> [\u2026]<\/span><\/p>\n","protected":false},"featured_media":0,"template":"","meta":{"_monsterinsights_skip_tracking":false,"_monsterinsights_sitenote_active":false,"_monsterinsights_sitenote_note":"","_monsterinsights_sitenote_category":0},"product_brand":[],"product_cat":[12274,12467],"product_tag":[],"class_list":{"0":"post-696916","1":"product","2":"type-product","3":"status-publish","5":"product_cat-cocuk-ve-genclik-kitaplari","6":"product_cat-dunya-klasikleri","7":"pa_cilt-ciltsiz","8":"pa_tur-kitap","9":"pa_yayinevi-arkadas-yayinlari","10":"pa_yazar-elisabeth-maspes-dodge","12":"first","13":"instock","14":"sale","15":"shipping-taxable","16":"purchasable","17":"product-type-simple"},"_links":{"self":[{"href":"https:\/\/roveyayinevi.com.tr\/index.php\/wp-json\/wp\/v2\/product\/696916","targetHints":{"allow":["GET"]}}],"collection":[{"href":"https:\/\/roveyayinevi.com.tr\/index.php\/wp-json\/wp\/v2\/product"}],"about":[{"href":"https:\/\/roveyayinevi.com.tr\/index.php\/wp-json\/wp\/v2\/types\/product"}],"wp:attachment":[{"href":"https:\/\/roveyayinevi.com.tr\/index.php\/wp-json\/wp\/v2\/media?parent=696916"}],"wp:term":[{"taxonomy":"product_brand","embeddable":true,"href":"https:\/\/roveyayinevi.com.tr\/index.php\/wp-json\/wp\/v2\/product_brand?post=696916"},{"taxonomy":"product_cat","embeddable":true,"href":"https:\/\/roveyayinevi.com.tr\/index.php\/wp-json\/wp\/v2\/product_cat?post=696916"},{"taxonomy":"product_tag","embeddable":true,"href":"https:\/\/roveyayinevi.com.tr\/index.php\/wp-json\/wp\/v2\/product_tag?post=696916"}],"curies":[{"name":"wp","href":"https:\/\/api.w.org\/{rel}","templated":true}]}}