{"id":696915,"date":"2025-08-27T14:37:15","date_gmt":"2025-08-27T11:37:15","guid":{"rendered":"https:\/\/roveyayinevi.com.tr\/index.php\/urun\/guliver-kucuk-insanlar-ulkesinde\/"},"modified":"2026-04-16T02:06:47","modified_gmt":"2026-04-15T23:06:47","slug":"guliver-kucuk-insanlar-ulkesinde","status":"publish","type":"product","link":"https:\/\/roveyayinevi.com.tr\/index.php\/urun\/guliver-kucuk-insanlar-ulkesinde\/","title":{"rendered":"G\u00fcliver K\u00fc\u00e7\u00fck \u0130nsanlar \u00dclkesinde"},"content":{"rendered":"<p>\u00c7ocuk edebiyat\u0131n\u0131n en se\u00e7kin \u00f6rneklerinin yer ald\u0131\u011f\u0131 Arkada\u015f \u00c7ocuk Serisi&#8217;ne tamam\u0131 resimli yepyeni sekiz kitap eklendi. Ali Aydo\u011fan taraf\u0131ndan, \u00f6zenli ve titiz bir \u00e7al\u0131\u015fmayla dilimize uyarlanan, tamam\u0131 \u00f6zg\u00fcn \u00e7izimlerle bezenmi\u015f kitaplar, \u00e7ocuklar\u0131n dil e\u011fitimine \u00f6nemli katk\u0131da bulunacak. Peter Pan, Alice D\u00fc\u015fler \u00dclkesinde, Parmak K\u0131z \/ Parmak \u00c7ocuk, Ezop Masallar\u0131, Ar\u0131 Maya, G\u00fcliver K\u00fc\u00e7\u00fck \u0130nsanlar \u00dclkesinde, Mutlu Prens ve Pinokyo&#8217;nun eklenmesiyle Arkada\u015f \u00c7ocuk Serisi yazarlar\u0131 aras\u0131na Oscar Wilde, Lewis Carroll, Jonathan Swift, Valdemar Bonsels, Hans Christian Andersen, Carlo Collodi, J.M. Barrie gibi d\u00fcnya edebiyat\u0131n\u0131n \u00f6nemli isimleri dahil oluyor. \u0130\u00e7erdikleri hikaye ve masallarla \u00e7ocuklara iyili\u011fi ve k\u00f6t\u00fcl\u00fc\u011f\u00fc, adaleti, payla\u015fmay\u0131, empati kurmay\u0131, do\u011fay\u0131 sevmeyi, kalabal\u0131k i\u00e7inde birey olabilmeyi anlatan bu kitaplar, ak\u0131c\u0131 anlat\u0131mlar\u0131 ve birbirinden g\u00fczel \u00e7izimleriyle \u00f6ne \u00e7\u0131k\u0131yorlar. \u0130lk\u00f6\u011fretim \u00f6\u011frencileri taraf\u0131ndan okunmas\u0131 tavsiye edilen eserlerden olu\u015fan bu \u00f6zel \u00e7al\u0131\u015fmay\u0131 gen\u00e7 okurlara sunmaktan mutluluk duyuyoruz.<\/p>\n","protected":false},"excerpt":{"rendered":"<p>\u00c7ocuk edebiyat\u0131n\u0131n en se\u00e7kin \u00f6rneklerinin yer ald\u0131\u011f\u0131 Arkada\u015f \u00c7ocuk Serisi&#8217;ne tamam\u0131 resimli yepyeni sekiz kitap eklendi. Ali Aydo\u011fan taraf\u0131ndan, \u00f6zenli ve titiz bir \u00e7al\u0131\u015fmayla dilimize uyarlanan,<span class=\"excerpt-hellip\"> [\u2026]<\/span><\/p>\n","protected":false},"featured_media":0,"template":"","meta":{"_monsterinsights_skip_tracking":false,"_monsterinsights_sitenote_active":false,"_monsterinsights_sitenote_note":"","_monsterinsights_sitenote_category":0},"product_brand":[],"product_cat":[12274,12523],"product_tag":[],"class_list":{"0":"post-696915","1":"product","2":"type-product","3":"status-publish","5":"product_cat-cocuk-ve-genclik-kitaplari","6":"product_cat-masallar","7":"pa_cilt-ciltsiz","8":"pa_tur-kitap","9":"pa_yayinevi-arkadas-yayinlari","10":"pa_yazar-jonathan-swift","12":"first","13":"instock","14":"sale","15":"shipping-taxable","16":"purchasable","17":"product-type-simple"},"_links":{"self":[{"href":"https:\/\/roveyayinevi.com.tr\/index.php\/wp-json\/wp\/v2\/product\/696915","targetHints":{"allow":["GET"]}}],"collection":[{"href":"https:\/\/roveyayinevi.com.tr\/index.php\/wp-json\/wp\/v2\/product"}],"about":[{"href":"https:\/\/roveyayinevi.com.tr\/index.php\/wp-json\/wp\/v2\/types\/product"}],"wp:attachment":[{"href":"https:\/\/roveyayinevi.com.tr\/index.php\/wp-json\/wp\/v2\/media?parent=696915"}],"wp:term":[{"taxonomy":"product_brand","embeddable":true,"href":"https:\/\/roveyayinevi.com.tr\/index.php\/wp-json\/wp\/v2\/product_brand?post=696915"},{"taxonomy":"product_cat","embeddable":true,"href":"https:\/\/roveyayinevi.com.tr\/index.php\/wp-json\/wp\/v2\/product_cat?post=696915"},{"taxonomy":"product_tag","embeddable":true,"href":"https:\/\/roveyayinevi.com.tr\/index.php\/wp-json\/wp\/v2\/product_tag?post=696915"}],"curies":[{"name":"wp","href":"https:\/\/api.w.org\/{rel}","templated":true}]}}