{"id":696912,"date":"2025-08-27T14:37:14","date_gmt":"2025-08-27T11:37:14","guid":{"rendered":"https:\/\/roveyayinevi.com.tr\/index.php\/urun\/canavar-pesinde-serisi-12-altin-zirh-uc-basli-aslan-trillion\/"},"modified":"2026-04-13T02:08:24","modified_gmt":"2026-04-12T23:08:24","slug":"canavar-pesinde-serisi-12-altin-zirh-uc-basli-aslan-trillion","status":"publish","type":"product","link":"https:\/\/roveyayinevi.com.tr\/index.php\/urun\/canavar-pesinde-serisi-12-altin-zirh-uc-basli-aslan-trillion\/","title":{"rendered":"Canavar Pe\u015finde Serisi 12 &#8211; Alt\u0131n Z\u0131rh (\u00dc\u00e7 Ba\u015fl\u0131 Aslan Trillion)"},"content":{"rendered":"<p>K\u00f6t\u00fc B\u00fcy\u00fcc\u00fc Malvel sihirli alt\u0131n z\u0131rh\u0131 \u00e7ald\u0131 ve par\u00e7alar\u0131n\u0131 Avantia\u2019n\u0131n d\u00f6rt bir yan\u0131na gizledi. Tom bu par\u00e7alar\u0131 bulmak zorunda ancak her biri, Malvel\u2019in yaratt\u0131\u011f\u0131 alt\u0131 korkun\u00e7 canavar taraf\u0131ndan korunuyor. Tom\u2019un alt\u0131n z\u0131rh\u0131 tamamlamak i\u00e7in son bir k\u00f6t\u00fc canavarla kar\u015f\u0131la\u015fmas\u0131 gerekiyor: \u00dc\u00e7 Ba\u015fl\u0131 Aslan Trillion. Avantia\u2019ya deh\u015fet sa\u00e7an bu korkun\u00e7 canavar\u0131n yenilmesi ve alt\u0131n z\u0131rh\u0131n son par\u00e7as\u0131n\u0131n da geri al\u0131nmas\u0131 gerek. Alt\u0131n Z\u0131rh maceras\u0131n\u0131n bu sonuncu kitab\u0131n\u0131 soluk solu\u011fa okuyacaks\u0131n\u0131z! \ufffcTan\u0131t\u0131m Metni<\/p>\n","protected":false},"excerpt":{"rendered":"<p>K\u00f6t\u00fc B\u00fcy\u00fcc\u00fc Malvel sihirli alt\u0131n z\u0131rh\u0131 \u00e7ald\u0131 ve par\u00e7alar\u0131n\u0131 Avantia\u2019n\u0131n d\u00f6rt bir yan\u0131na gizledi. Tom bu par\u00e7alar\u0131 bulmak zorunda ancak her biri, Malvel\u2019in yaratt\u0131\u011f\u0131 alt\u0131 korkun\u00e7<span class=\"excerpt-hellip\"> [\u2026]<\/span><\/p>\n","protected":false},"featured_media":0,"template":"","meta":{"_monsterinsights_skip_tracking":false,"_monsterinsights_sitenote_active":false,"_monsterinsights_sitenote_note":"","_monsterinsights_sitenote_category":0},"product_brand":[],"product_cat":[12274,12284],"product_tag":[],"class_list":{"0":"post-696912","1":"product","2":"type-product","3":"status-publish","5":"product_cat-cocuk-ve-genclik-kitaplari","6":"product_cat-hikayeler","7":"pa_cilt-ciltsiz","8":"pa_tur-kitap","9":"pa_yayinevi-beyaz-balina-yayinlari","10":"pa_yazar-adam-blade","12":"first","13":"instock","14":"sale","15":"shipping-taxable","16":"purchasable","17":"product-type-simple"},"_links":{"self":[{"href":"https:\/\/roveyayinevi.com.tr\/index.php\/wp-json\/wp\/v2\/product\/696912","targetHints":{"allow":["GET"]}}],"collection":[{"href":"https:\/\/roveyayinevi.com.tr\/index.php\/wp-json\/wp\/v2\/product"}],"about":[{"href":"https:\/\/roveyayinevi.com.tr\/index.php\/wp-json\/wp\/v2\/types\/product"}],"wp:attachment":[{"href":"https:\/\/roveyayinevi.com.tr\/index.php\/wp-json\/wp\/v2\/media?parent=696912"}],"wp:term":[{"taxonomy":"product_brand","embeddable":true,"href":"https:\/\/roveyayinevi.com.tr\/index.php\/wp-json\/wp\/v2\/product_brand?post=696912"},{"taxonomy":"product_cat","embeddable":true,"href":"https:\/\/roveyayinevi.com.tr\/index.php\/wp-json\/wp\/v2\/product_cat?post=696912"},{"taxonomy":"product_tag","embeddable":true,"href":"https:\/\/roveyayinevi.com.tr\/index.php\/wp-json\/wp\/v2\/product_tag?post=696912"}],"curies":[{"name":"wp","href":"https:\/\/api.w.org\/{rel}","templated":true}]}}