{"id":696908,"date":"2025-08-27T14:37:13","date_gmt":"2025-08-27T11:37:13","guid":{"rendered":"https:\/\/roveyayinevi.com.tr\/index.php\/urun\/canavar-pesinde-serisi-04-at-adam-tagus-beast-quest-tagus-the-horse-man\/"},"modified":"2026-04-13T02:08:24","modified_gmt":"2026-04-12T23:08:24","slug":"canavar-pesinde-serisi-04-at-adam-tagus-beast-quest-tagus-the-horse-man","status":"publish","type":"product","link":"https:\/\/roveyayinevi.com.tr\/index.php\/urun\/canavar-pesinde-serisi-04-at-adam-tagus-beast-quest-tagus-the-horse-man\/","title":{"rendered":"Canavar Pe\u015finde Serisi 04 &#8211; At Adam Tagus (Beast Quest Tagus The Horse-Man)"},"content":{"rendered":"<p>Avantia\u2019y\u0131 korumakta olan alt\u0131 canavar var: Ate\u015f Ejderhas\u0131 Ferno, Deniz Y\u0131lan\u0131 Sepron, Da\u011f Trol\u00fc Arkta, At-Adam Tagus, Kar Canavar\u0131 Nanuk ve Alev Ku\u015fu Epos. Bu canavarlar, Kara B\u00fcy\u00fcc\u00fc Malvel\u2019in yapt\u0131\u011f\u0131 k\u00f6t\u00fc b\u00fcy\u00fc nedeniyle, bir zamanlar koruduklar\u0131 topraklar\u0131 yerle bir etmeye ba\u015flad\u0131lar. At-Adam Tagus, ovalarda ya\u015fayan insanlara ve hayvan s\u00fcr\u00fclerine korku sa\u00e7\u0131yor. Tom, onu durdurabilecek mi?  <\/p>\n","protected":false},"excerpt":{"rendered":"<p>Avantia\u2019y\u0131 korumakta olan alt\u0131 canavar var: Ate\u015f Ejderhas\u0131 Ferno, Deniz Y\u0131lan\u0131 Sepron, Da\u011f Trol\u00fc Arkta, At-Adam Tagus, Kar Canavar\u0131 Nanuk ve Alev Ku\u015fu Epos. Bu canavarlar,<span class=\"excerpt-hellip\"> [\u2026]<\/span><\/p>\n","protected":false},"featured_media":0,"template":"","meta":{"_monsterinsights_skip_tracking":false,"_monsterinsights_sitenote_active":false,"_monsterinsights_sitenote_note":"","_monsterinsights_sitenote_category":0},"product_brand":[],"product_cat":[12274,12284],"product_tag":[],"class_list":{"0":"post-696908","1":"product","2":"type-product","3":"status-publish","5":"product_cat-cocuk-ve-genclik-kitaplari","6":"product_cat-hikayeler","7":"pa_cilt-ciltsiz","8":"pa_tur-kitap","9":"pa_yayinevi-beyaz-balina-yayinlari","10":"pa_yazar-adam-blade","12":"first","13":"instock","14":"sale","15":"shipping-taxable","16":"purchasable","17":"product-type-simple"},"_links":{"self":[{"href":"https:\/\/roveyayinevi.com.tr\/index.php\/wp-json\/wp\/v2\/product\/696908","targetHints":{"allow":["GET"]}}],"collection":[{"href":"https:\/\/roveyayinevi.com.tr\/index.php\/wp-json\/wp\/v2\/product"}],"about":[{"href":"https:\/\/roveyayinevi.com.tr\/index.php\/wp-json\/wp\/v2\/types\/product"}],"wp:attachment":[{"href":"https:\/\/roveyayinevi.com.tr\/index.php\/wp-json\/wp\/v2\/media?parent=696908"}],"wp:term":[{"taxonomy":"product_brand","embeddable":true,"href":"https:\/\/roveyayinevi.com.tr\/index.php\/wp-json\/wp\/v2\/product_brand?post=696908"},{"taxonomy":"product_cat","embeddable":true,"href":"https:\/\/roveyayinevi.com.tr\/index.php\/wp-json\/wp\/v2\/product_cat?post=696908"},{"taxonomy":"product_tag","embeddable":true,"href":"https:\/\/roveyayinevi.com.tr\/index.php\/wp-json\/wp\/v2\/product_tag?post=696908"}],"curies":[{"name":"wp","href":"https:\/\/api.w.org\/{rel}","templated":true}]}}