{"id":696904,"date":"2025-08-27T14:37:12","date_gmt":"2025-08-27T11:37:12","guid":{"rendered":"https:\/\/roveyayinevi.com.tr\/index.php\/urun\/ezop-masallari-3\/"},"modified":"2026-04-16T02:06:47","modified_gmt":"2026-04-15T23:06:47","slug":"ezop-masallari-3","status":"publish","type":"product","link":"https:\/\/roveyayinevi.com.tr\/index.php\/urun\/ezop-masallari-3\/","title":{"rendered":"Ezop Masallar\u0131"},"content":{"rendered":"<p>D\u00fcnya Klasikleri aras\u0131nda \u00f6nemli bir yere sahip olan Ezop Masallar\u0131, \u00fcnl\u00fc Yunan d\u00fc\u015f\u00fcn\u00fcr Ezop&#8217;un, kahramanlar\u0131 hayvanlar olan fabllar\u0131ndan olu\u015fuyor. Bu kitapta, aralar\u0131nda &#8220;Kurt ile Kuzu&#8221;, &#8220;Tilki ile \u00dcz\u00fcmler&#8221; ve &#8220;\u00c7oban ile Kurt&#8221; gibi \u00e7ok tan\u0131nanlar\u0131n da bulundu\u011fu 62 fabl yer al\u0131yor.Ezop&#8217;un s\u00f6zl\u00fc olarak anlatt\u0131\u011f\u0131 bu \u00f6yk\u00fclerin ilk kez M\u00d6 300 y\u0131llar\u0131 civar\u0131nda derlenerek yaz\u0131ya ge\u00e7irildi\u011fi san\u0131l\u0131yor. \u00dcnl\u00fc Frans\u0131z yazar Jean de La Fontaine&#8217;e de ilham kayna\u011f\u0131 olan fabllar, A\u011fustos B\u00f6ce\u011fi ve Kar\u0131nca \u00f6yk\u00fcs\u00fcnde oldu\u011fu gibi birbirleriyle b\u00fcy\u00fck benzerlikler g\u00f6steriyor. Ger\u00e7ekte, insanlar aras\u0131nda ge\u00e7en olaylar\u0131, hayvanlar aras\u0131nda ge\u00e7iyormu\u015f gibi anlatan ve ders veren fabllar, kimi zaman g\u00fcld\u00fcrerek kimi zaman da d\u00fc\u015f\u00fcnd\u00fcrerek \u00f6\u011f\u00fctler veriyor.<\/p>\n","protected":false},"excerpt":{"rendered":"<p>D\u00fcnya Klasikleri aras\u0131nda \u00f6nemli bir yere sahip olan Ezop Masallar\u0131, \u00fcnl\u00fc Yunan d\u00fc\u015f\u00fcn\u00fcr Ezop&#8217;un, kahramanlar\u0131 hayvanlar olan fabllar\u0131ndan olu\u015fuyor. Bu kitapta, aralar\u0131nda &#8220;Kurt ile Kuzu&#8221;, &#8220;Tilki<span class=\"excerpt-hellip\"> [\u2026]<\/span><\/p>\n","protected":false},"featured_media":0,"template":"","meta":{"_monsterinsights_skip_tracking":false,"_monsterinsights_sitenote_active":false,"_monsterinsights_sitenote_note":"","_monsterinsights_sitenote_category":0},"product_brand":[],"product_cat":[12274,12523],"product_tag":[],"class_list":{"0":"post-696904","1":"product","2":"type-product","3":"status-publish","5":"product_cat-cocuk-ve-genclik-kitaplari","6":"product_cat-masallar","7":"pa_cilt-ciltsiz","8":"pa_tur-kitap","9":"pa_yayinevi-arkadas-yayinlari","10":"pa_yazar-ezop","12":"first","13":"instock","14":"sale","15":"shipping-taxable","16":"purchasable","17":"product-type-simple"},"_links":{"self":[{"href":"https:\/\/roveyayinevi.com.tr\/index.php\/wp-json\/wp\/v2\/product\/696904","targetHints":{"allow":["GET"]}}],"collection":[{"href":"https:\/\/roveyayinevi.com.tr\/index.php\/wp-json\/wp\/v2\/product"}],"about":[{"href":"https:\/\/roveyayinevi.com.tr\/index.php\/wp-json\/wp\/v2\/types\/product"}],"wp:attachment":[{"href":"https:\/\/roveyayinevi.com.tr\/index.php\/wp-json\/wp\/v2\/media?parent=696904"}],"wp:term":[{"taxonomy":"product_brand","embeddable":true,"href":"https:\/\/roveyayinevi.com.tr\/index.php\/wp-json\/wp\/v2\/product_brand?post=696904"},{"taxonomy":"product_cat","embeddable":true,"href":"https:\/\/roveyayinevi.com.tr\/index.php\/wp-json\/wp\/v2\/product_cat?post=696904"},{"taxonomy":"product_tag","embeddable":true,"href":"https:\/\/roveyayinevi.com.tr\/index.php\/wp-json\/wp\/v2\/product_tag?post=696904"}],"curies":[{"name":"wp","href":"https:\/\/api.w.org\/{rel}","templated":true}]}}