{"id":696902,"date":"2025-08-27T14:37:11","date_gmt":"2025-08-27T11:37:11","guid":{"rendered":"https:\/\/roveyayinevi.com.tr\/index.php\/urun\/canavar-pesinde-serisi-07-altin-zirh-korkunc-ahtapot-zepha\/"},"modified":"2026-04-13T02:08:24","modified_gmt":"2026-04-12T23:08:24","slug":"canavar-pesinde-serisi-07-altin-zirh-korkunc-ahtapot-zepha","status":"publish","type":"product","link":"https:\/\/roveyayinevi.com.tr\/index.php\/urun\/canavar-pesinde-serisi-07-altin-zirh-korkunc-ahtapot-zepha\/","title":{"rendered":"Canavar Pe\u015finde Serisi 07 &#8211; Alt\u0131n Z\u0131rh (Korkun\u00e7 Ahtapot Zepha)"},"content":{"rendered":"<p>K\u00f6t\u00fc b\u00fcy\u00fcc\u00fc Malvel sihirli alt\u0131n z\u0131rh\u0131 \u00e7ald\u0131 ve par\u00e7alar\u0131n\u0131 Avantia\u2019n\u0131n d\u00f6rt bir yan\u0131na gizledi. Tom bu par\u00e7alan bulmak zorunda ancak her biri Malverin yaratt\u0131\u011f\u0131 alt\u0131 korkun\u00e7 canavar taraf\u0131ndan korunuyor. Tom\u2019un alt\u0131n z\u0131rh maceras\u0131ndaki ilk g\u00f6revi Korkun\u00e7 Ahtapot Zepha ile kar\u015f\u0131la\u015fmak. Kahraman\u0131m\u0131z su alt\u0131ndaki bu zorlu m\u00fccadeleyi kazanacak m\u0131? \ufffcTan\u0131t\u0131m Metni<\/p>\n","protected":false},"excerpt":{"rendered":"<p>K\u00f6t\u00fc b\u00fcy\u00fcc\u00fc Malvel sihirli alt\u0131n z\u0131rh\u0131 \u00e7ald\u0131 ve par\u00e7alar\u0131n\u0131 Avantia\u2019n\u0131n d\u00f6rt bir yan\u0131na gizledi. Tom bu par\u00e7alan bulmak zorunda ancak her biri Malverin yaratt\u0131\u011f\u0131 alt\u0131 korkun\u00e7<span class=\"excerpt-hellip\"> [\u2026]<\/span><\/p>\n","protected":false},"featured_media":0,"template":"","meta":{"_monsterinsights_skip_tracking":false,"_monsterinsights_sitenote_active":false,"_monsterinsights_sitenote_note":"","_monsterinsights_sitenote_category":0},"product_brand":[],"product_cat":[12274,12284],"product_tag":[],"class_list":{"0":"post-696902","1":"product","2":"type-product","3":"status-publish","5":"product_cat-cocuk-ve-genclik-kitaplari","6":"product_cat-hikayeler","7":"pa_cilt-ciltsiz","8":"pa_tur-kitap","9":"pa_yayinevi-beyaz-balina-yayinlari","10":"pa_yazar-adam-blade","12":"first","13":"instock","14":"sale","15":"shipping-taxable","16":"purchasable","17":"product-type-simple"},"_links":{"self":[{"href":"https:\/\/roveyayinevi.com.tr\/index.php\/wp-json\/wp\/v2\/product\/696902","targetHints":{"allow":["GET"]}}],"collection":[{"href":"https:\/\/roveyayinevi.com.tr\/index.php\/wp-json\/wp\/v2\/product"}],"about":[{"href":"https:\/\/roveyayinevi.com.tr\/index.php\/wp-json\/wp\/v2\/types\/product"}],"wp:attachment":[{"href":"https:\/\/roveyayinevi.com.tr\/index.php\/wp-json\/wp\/v2\/media?parent=696902"}],"wp:term":[{"taxonomy":"product_brand","embeddable":true,"href":"https:\/\/roveyayinevi.com.tr\/index.php\/wp-json\/wp\/v2\/product_brand?post=696902"},{"taxonomy":"product_cat","embeddable":true,"href":"https:\/\/roveyayinevi.com.tr\/index.php\/wp-json\/wp\/v2\/product_cat?post=696902"},{"taxonomy":"product_tag","embeddable":true,"href":"https:\/\/roveyayinevi.com.tr\/index.php\/wp-json\/wp\/v2\/product_tag?post=696902"}],"curies":[{"name":"wp","href":"https:\/\/api.w.org\/{rel}","templated":true}]}}