{"id":696900,"date":"2025-08-27T14:37:11","date_gmt":"2025-08-27T11:37:11","guid":{"rendered":"https:\/\/roveyayinevi.com.tr\/index.php\/urun\/canavar-pesinde-serisi-03-dag-trolu-arkta-beast-quest-arcta-the-mountain-giant\/"},"modified":"2026-04-13T02:08:24","modified_gmt":"2026-04-12T23:08:24","slug":"canavar-pesinde-serisi-03-dag-trolu-arkta-beast-quest-arcta-the-mountain-giant","status":"publish","type":"product","link":"https:\/\/roveyayinevi.com.tr\/index.php\/urun\/canavar-pesinde-serisi-03-dag-trolu-arkta-beast-quest-arcta-the-mountain-giant\/","title":{"rendered":"Canavar Pe\u015finde Serisi 03 &#8211; Da\u011f Trol\u00fc Arkta (Beast Quest Arcta The Mountain Giant)"},"content":{"rendered":"<p>Avantia\u2019y\u0131 korumakta olan alt\u0131 canavar var: Ate\u015f Ejderhas\u0131 Ferno, Deniz Y\u0131lan\u0131 Sepron, Da\u011f Trol\u00fc Arkta, At-Adam Tagus, Kar Canavar\u0131 Nanuk ve Alev Ku\u015fu Epos. Bu canavarlar, Kara B\u00fcy\u00fcc\u00fc Malvel\u2019in yapt\u0131\u011f\u0131 k\u00f6t\u00fc b\u00fcy\u00fc nedeniyle, bir zamanlar koruduklar\u0131 topraklar\u0131 yerle bir etmeye ba\u015flad\u0131lar. Tom, B\u00fcy\u00fcc\u00fc Aduro\u2019dan ald\u0131\u011f\u0131 k\u0131l\u0131\u00e7 ve kalkanla yeni bir maceraya at\u0131l\u0131yor. Bu kez Da\u011f Trol\u00fc Arkta ile kar\u015f\u0131 kar\u015f\u0131ya. Tom, \u00fclkesini yok olmaktan kurtarabilecek mi? \ufffc<\/p>\n","protected":false},"excerpt":{"rendered":"<p>Avantia\u2019y\u0131 korumakta olan alt\u0131 canavar var: Ate\u015f Ejderhas\u0131 Ferno, Deniz Y\u0131lan\u0131 Sepron, Da\u011f Trol\u00fc Arkta, At-Adam Tagus, Kar Canavar\u0131 Nanuk ve Alev Ku\u015fu Epos. Bu canavarlar,<span class=\"excerpt-hellip\"> [\u2026]<\/span><\/p>\n","protected":false},"featured_media":0,"template":"","meta":{"_monsterinsights_skip_tracking":false,"_monsterinsights_sitenote_active":false,"_monsterinsights_sitenote_note":"","_monsterinsights_sitenote_category":0},"product_brand":[],"product_cat":[12274,12284],"product_tag":[],"class_list":{"0":"post-696900","1":"product","2":"type-product","3":"status-publish","5":"product_cat-cocuk-ve-genclik-kitaplari","6":"product_cat-hikayeler","7":"pa_cilt-ciltsiz","8":"pa_tur-kitap","9":"pa_yayinevi-beyaz-balina-yayinlari","10":"pa_yazar-adam-blade","12":"first","13":"instock","14":"sale","15":"shipping-taxable","16":"purchasable","17":"product-type-simple"},"_links":{"self":[{"href":"https:\/\/roveyayinevi.com.tr\/index.php\/wp-json\/wp\/v2\/product\/696900","targetHints":{"allow":["GET"]}}],"collection":[{"href":"https:\/\/roveyayinevi.com.tr\/index.php\/wp-json\/wp\/v2\/product"}],"about":[{"href":"https:\/\/roveyayinevi.com.tr\/index.php\/wp-json\/wp\/v2\/types\/product"}],"wp:attachment":[{"href":"https:\/\/roveyayinevi.com.tr\/index.php\/wp-json\/wp\/v2\/media?parent=696900"}],"wp:term":[{"taxonomy":"product_brand","embeddable":true,"href":"https:\/\/roveyayinevi.com.tr\/index.php\/wp-json\/wp\/v2\/product_brand?post=696900"},{"taxonomy":"product_cat","embeddable":true,"href":"https:\/\/roveyayinevi.com.tr\/index.php\/wp-json\/wp\/v2\/product_cat?post=696900"},{"taxonomy":"product_tag","embeddable":true,"href":"https:\/\/roveyayinevi.com.tr\/index.php\/wp-json\/wp\/v2\/product_tag?post=696900"}],"curies":[{"name":"wp","href":"https:\/\/api.w.org\/{rel}","templated":true}]}}