{"id":696899,"date":"2025-08-27T14:37:11","date_gmt":"2025-08-27T11:37:11","guid":{"rendered":"https:\/\/roveyayinevi.com.tr\/index.php\/urun\/modernligin-sikintilari\/"},"modified":"2026-04-16T02:06:46","modified_gmt":"2026-04-15T23:06:46","slug":"modernligin-sikintilari","status":"publish","type":"product","link":"https:\/\/roveyayinevi.com.tr\/index.php\/urun\/modernligin-sikintilari\/","title":{"rendered":"Modernli\u011fin S\u0131k\u0131nt\u0131lar\u0131"},"content":{"rendered":"<p>Taylor, kitab\u0131n b\u00fcy\u00fck b\u00f6l\u00fcm\u00fcn\u00fc, insan\u0131n anlam ufkunu daraltan bireycili\u011fin temelinde yatt\u0131\u011f\u0131n\u0131 d\u00fc\u015f\u00fcnd\u00fc\u011f\u00fc pozitif ideali tan\u0131mlamaya ay\u0131r\u0131yor. Taylor\u2019\u0131n \u201csahicilik eti\u011fi\u201d dedi\u011fi bu ideal, ki\u015finin kendine kar\u015f\u0131 d\u00fcr\u00fcst olmas\u0131, hayat\u0131n\u0131 kendisine g\u00f6re, ba\u015fka kimseye \u00f6yk\u00fcnmeden ya\u015famas\u0131, ya\u015fam modelini kendi i\u00e7inde bulmas\u0131 gerekti\u011fi d\u00fc\u015f\u00fcncesine dayan\u0131r. Burada, do\u011fruyu yanl\u0131\u015f\u0131 bilme, yani \u00e2hlak, herkesin kendi i\u00e7 sesine kulak vermesinin sonucudur. Sahicilik bir \u00f6zg\u00fcrl\u00fck idealidir, insan\u0131 kendine kar\u015f\u0131 sorumlu k\u0131lar. Sahicilik \u201cbenmerkezcilik\u201d de\u011fildir; \u00e7\u00fcnk\u00fc insan kendi kimli\u011fini ancak insan dillerinin zengin anlat\u0131m ara\u00e7lar\u0131n\u0131 edinerek, t\u00fcm hayat\u0131 boyunca \u201canlaml\u0131 \u00f6tekiler\u201dle diyalog, hatta m\u00fccadele i\u00e7inde bi\u00e7imlendirir. Kendini tan\u0131mlamak, \u00f6tekilerle arandaki farkta neyin \u00f6nemli oldu\u011funu belirleyecek bir anlam ufkunu gerektirir. Baz\u0131 se\u00e7imlerin di\u011ferlerinden daha de\u011ferli olmas\u0131n\u0131 da yine bu anlam ufku m\u00fcmk\u00fcn k\u0131lar. Yani ki\u015fi ancak tarihin, do\u011fan\u0131n taleplerinin, di\u011fer insanlar\u0131n ihtiya\u00e7lar\u0131n\u0131n, yurtta\u015fl\u0131k g\u00f6revlerinin \u00f6nemli oldu\u011fu bir ortamda anlaml\u0131 bir kimlik edinebilir. <\/p>\n","protected":false},"excerpt":{"rendered":"<p>Taylor, kitab\u0131n b\u00fcy\u00fck b\u00f6l\u00fcm\u00fcn\u00fc, insan\u0131n anlam ufkunu daraltan bireycili\u011fin temelinde yatt\u0131\u011f\u0131n\u0131 d\u00fc\u015f\u00fcnd\u00fc\u011f\u00fc pozitif ideali tan\u0131mlamaya ay\u0131r\u0131yor. Taylor\u2019\u0131n \u201csahicilik eti\u011fi\u201d dedi\u011fi bu ideal, ki\u015finin kendine kar\u015f\u0131 d\u00fcr\u00fcst<span class=\"excerpt-hellip\"> [\u2026]<\/span><\/p>\n","protected":false},"featured_media":0,"template":"","meta":{"_monsterinsights_skip_tracking":false,"_monsterinsights_sitenote_active":false,"_monsterinsights_sitenote_note":"","_monsterinsights_sitenote_category":0},"product_brand":[],"product_cat":[12388,15309],"product_tag":[],"class_list":{"0":"post-696899","1":"product","2":"type-product","3":"status-publish","5":"product_cat-felsefe","6":"product_cat-felsefi-akimlar","7":"pa_cilt-ciltsiz","8":"pa_tur-kitap","9":"pa_yayinevi-ayrinti-yayinlari","10":"pa_yazar-charles-taylor","12":"first","13":"instock","14":"sale","15":"shipping-taxable","16":"purchasable","17":"product-type-simple"},"_links":{"self":[{"href":"https:\/\/roveyayinevi.com.tr\/index.php\/wp-json\/wp\/v2\/product\/696899","targetHints":{"allow":["GET"]}}],"collection":[{"href":"https:\/\/roveyayinevi.com.tr\/index.php\/wp-json\/wp\/v2\/product"}],"about":[{"href":"https:\/\/roveyayinevi.com.tr\/index.php\/wp-json\/wp\/v2\/types\/product"}],"wp:attachment":[{"href":"https:\/\/roveyayinevi.com.tr\/index.php\/wp-json\/wp\/v2\/media?parent=696899"}],"wp:term":[{"taxonomy":"product_brand","embeddable":true,"href":"https:\/\/roveyayinevi.com.tr\/index.php\/wp-json\/wp\/v2\/product_brand?post=696899"},{"taxonomy":"product_cat","embeddable":true,"href":"https:\/\/roveyayinevi.com.tr\/index.php\/wp-json\/wp\/v2\/product_cat?post=696899"},{"taxonomy":"product_tag","embeddable":true,"href":"https:\/\/roveyayinevi.com.tr\/index.php\/wp-json\/wp\/v2\/product_tag?post=696899"}],"curies":[{"name":"wp","href":"https:\/\/api.w.org\/{rel}","templated":true}]}}