{"id":696897,"date":"2025-08-27T14:37:10","date_gmt":"2025-08-27T11:37:10","guid":{"rendered":"https:\/\/roveyayinevi.com.tr\/index.php\/urun\/turkiyede-balik-ve-balikcilik\/"},"modified":"2026-04-16T02:06:46","modified_gmt":"2026-04-15T23:06:46","slug":"turkiyede-balik-ve-balikcilik","status":"publish","type":"product","link":"https:\/\/roveyayinevi.com.tr\/index.php\/urun\/turkiyede-balik-ve-balikcilik\/","title":{"rendered":"T\u00fcrkiye&#8217;de Bal\u0131k ve Bal\u0131k\u00e7\u0131l\u0131k"},"content":{"rendered":"<p>1910-1917 y\u0131llar\u0131 aras\u0131nda \u0130stanbul Bal\u0131khanesi m\u00fcd\u00fcrl\u00fc\u011f\u00fc ve daha sonra da bal\u0131k i\u015fleri ba\u015fm\u00fcfetti\u015fli\u011fi yapm\u0131\u015f olan Karekin Efendi Deveciyan&#8217;\u0131n (1867, Harput-1964, \u0130stanbul). \u0130stanbul&#8217;da, 1915&#8217;te Osmanl\u0131ca, 1926&#8217;da ise geli\u015ftirilmi\u015f Frans\u0131zca bas\u0131m\u0131 yap\u0131lan T\u00fcrkiye&#8217;de Bal\u0131k ve Bal\u0131k\u00e7\u0131l\u0131k adl\u0131 eseri T\u00fcrkiye&#8217;de bal\u0131k\u00e7\u0131l\u0131k konusunda yaz\u0131lm\u0131\u015f en \u00f6nemli eserlerin ba\u015f\u0131nda gelir ve konuyla ilgilenen herkesin takdirini kazanm\u0131\u015f olmas\u0131n\u0131n yan\u0131 s\u0131ra, son y\u0131llarda say\u0131lar\u0131 h\u0131zla artarak yay\u0131mlanan bal\u0131k ve bal\u0131k\u00e7\u0131l\u0131kla ilgili kitaplar\u0131n hemen hepsinin ba\u015fvuru kayna\u011f\u0131 da olmu\u015ftur. <\/p>\n","protected":false},"excerpt":{"rendered":"<p>1910-1917 y\u0131llar\u0131 aras\u0131nda \u0130stanbul Bal\u0131khanesi m\u00fcd\u00fcrl\u00fc\u011f\u00fc ve daha sonra da bal\u0131k i\u015fleri ba\u015fm\u00fcfetti\u015fli\u011fi yapm\u0131\u015f olan Karekin Efendi Deveciyan&#8217;\u0131n (1867, Harput-1964, \u0130stanbul). \u0130stanbul&#8217;da, 1915&#8217;te Osmanl\u0131ca, 1926&#8217;da ise<span class=\"excerpt-hellip\"> [\u2026]<\/span><\/p>\n","protected":false},"featured_media":0,"template":"","meta":{"_monsterinsights_skip_tracking":false,"_monsterinsights_sitenote_active":false,"_monsterinsights_sitenote_note":"","_monsterinsights_sitenote_category":0},"product_brand":[],"product_cat":[12312,12304],"product_tag":[],"class_list":{"0":"post-696897","1":"product","2":"type-product","3":"status-publish","5":"product_cat-diger","6":"product_cat-tarih","7":"pa_cilt-ciltsiz","8":"pa_tur-kitap","9":"pa_yayinevi-aras-yayinlari","10":"pa_yazar-karekin-deveciyan","12":"first","13":"instock","14":"sale","15":"shipping-taxable","16":"purchasable","17":"product-type-simple"},"_links":{"self":[{"href":"https:\/\/roveyayinevi.com.tr\/index.php\/wp-json\/wp\/v2\/product\/696897","targetHints":{"allow":["GET"]}}],"collection":[{"href":"https:\/\/roveyayinevi.com.tr\/index.php\/wp-json\/wp\/v2\/product"}],"about":[{"href":"https:\/\/roveyayinevi.com.tr\/index.php\/wp-json\/wp\/v2\/types\/product"}],"wp:attachment":[{"href":"https:\/\/roveyayinevi.com.tr\/index.php\/wp-json\/wp\/v2\/media?parent=696897"}],"wp:term":[{"taxonomy":"product_brand","embeddable":true,"href":"https:\/\/roveyayinevi.com.tr\/index.php\/wp-json\/wp\/v2\/product_brand?post=696897"},{"taxonomy":"product_cat","embeddable":true,"href":"https:\/\/roveyayinevi.com.tr\/index.php\/wp-json\/wp\/v2\/product_cat?post=696897"},{"taxonomy":"product_tag","embeddable":true,"href":"https:\/\/roveyayinevi.com.tr\/index.php\/wp-json\/wp\/v2\/product_tag?post=696897"}],"curies":[{"name":"wp","href":"https:\/\/api.w.org\/{rel}","templated":true}]}}