{"id":696893,"date":"2025-08-27T14:37:09","date_gmt":"2025-08-27T11:37:09","guid":{"rendered":"https:\/\/roveyayinevi.com.tr\/index.php\/urun\/sosyolojik-dusunmek\/"},"modified":"2026-04-16T02:06:46","modified_gmt":"2026-04-15T23:06:46","slug":"sosyolojik-dusunmek","status":"publish","type":"product","link":"https:\/\/roveyayinevi.com.tr\/index.php\/urun\/sosyolojik-dusunmek\/","title":{"rendered":"Sosyolojik D\u00fc\u015f\u00fcnmek"},"content":{"rendered":"<p>K\u0131sa s\u00fcre \u00f6nce hayata veda eden Zygmunt Bauman\u2019\u0131n en \u00f6nemli \u00e7al\u0131\u015fmalar\u0131ndan biridir Sosyolojik D\u00fc\u015f\u00fcnmek. \u00d6zellikle modernlik ve postmodernlik \u00e7al\u0131\u015fmalar\u0131yla ses getiren Bauman, sosyal bilimler alan\u0131nda son derece ilgin\u00e7 bir kitap sunuyor bize. Sosyolojik D\u00fc\u015f\u00fcnmek, herkesin sosyolojinin anlam\u0131 ve i\u015flevi, sosyolojide de\u011fi\u015fik tarzlar ve yakla\u015f\u0131mlar \u00fczerine bilgilenmesini sa\u011flayacak \u00f6nemli bir kaynak.Bauman, sosyolojinin inceleme konusu olan ikilik ve kar\u015f\u0131tl\u0131klar\u0131 \u00e7okboyutlu bir bak\u0131\u015fla irdeliyor: Birey olma ile toplum i\u00e7inde var olma aras\u0131ndaki b\u00fct\u00fcnl\u00fck ve \u00e7at\u0131\u015fma; toplumlar\u0131n ya da genel olarak insan gruplar\u0131n\u0131n kendini ve kar\u015f\u0131t\u0131n\u0131 tan\u0131mlamas\u0131; birey ile grup, do\u011fa ile k\u00fclt\u00fcr, millet ile devlet, birliktelik ile ayr\u0131l\u0131k, bireysel varl\u0131\u011f\u0131n\u0131 koruma ile ahlaki y\u00fck\u00fcml\u00fcl\u00fck aras\u0131ndaki \u00e7at\u0131\u015fmalar, kitapta incelenen ikiliklerden baz\u0131lar\u0131.Bauman, sosyolojinin asla tamamlanm\u0131\u015f ve kesin bir bak\u0131\u015f a\u00e7\u0131s\u0131 olu\u015fturamayaca\u011f\u0131n\u0131 belirtiyor. Dolay\u0131s\u0131yla hi\u00e7bir bak\u0131\u015f tek ba\u015f\u0131na kusursuz ya da ayr\u0131cal\u0131kl\u0131 olamaz; hayata ili\u015fkin de\u011fi\u015fik yorumlar\u0131n her biri, olsa olsa kavray\u0131\u015f b\u00fct\u00fcnl\u00fc\u011f\u00fcm\u00fcze kendi zenginli\u011fini katacakt\u0131r. Sosyolojik d\u00fc\u015f\u00fcnmek, kesinli\u011fe varacak bir yol sa\u011flamak \u015f\u00f6yle dursun, her t\u00fcrl\u00fc m\u00fcphemli\u011fi \u00e7o\u011faltacakt\u0131r. Ama m\u00fcphemlikten korkmamak gerekir; d\u00fcnyaya ili\u015fkin ger\u00e7ek bir kavray\u0131\u015f \u00f6zg\u00fcrl\u00fc\u011f\u00fcn\u00fcn ve ho\u015fg\u00f6r\u00fcn\u00fcn temelinde bu m\u00fcphemli\u011fin, bak\u0131\u015f zenginli\u011finin kabul\u00fc yatar. Bu anlamda sosyoloji ve sosyolojik d\u00fc\u015f\u00fcnmek, Bauman\u2019\u0131n s\u00f6zleriyle ifade edecek olursak \u201c\u00f6zg\u00fcrl\u00fck davas\u0131na hizmet eder. \u201d <\/p>\n","protected":false},"excerpt":{"rendered":"<p>K\u0131sa s\u00fcre \u00f6nce hayata veda eden Zygmunt Bauman\u2019\u0131n en \u00f6nemli \u00e7al\u0131\u015fmalar\u0131ndan biridir Sosyolojik D\u00fc\u015f\u00fcnmek. \u00d6zellikle modernlik ve postmodernlik \u00e7al\u0131\u015fmalar\u0131yla ses getiren Bauman, sosyal bilimler alan\u0131nda son<span class=\"excerpt-hellip\"> [\u2026]<\/span><\/p>\n","protected":false},"featured_media":0,"template":"","meta":{"_monsterinsights_skip_tracking":false,"_monsterinsights_sitenote_active":false,"_monsterinsights_sitenote_note":"","_monsterinsights_sitenote_category":0},"product_brand":[],"product_cat":[12312,12304],"product_tag":[],"class_list":{"0":"post-696893","1":"product","2":"type-product","3":"status-publish","5":"product_cat-diger","6":"product_cat-tarih","7":"pa_cilt-ciltsiz","8":"pa_tur-kitap","9":"pa_yayinevi-ayrinti-yayinlari","10":"pa_yazar-zygmunt-bauman","12":"first","13":"instock","14":"sale","15":"shipping-taxable","16":"purchasable","17":"product-type-simple"},"_links":{"self":[{"href":"https:\/\/roveyayinevi.com.tr\/index.php\/wp-json\/wp\/v2\/product\/696893","targetHints":{"allow":["GET"]}}],"collection":[{"href":"https:\/\/roveyayinevi.com.tr\/index.php\/wp-json\/wp\/v2\/product"}],"about":[{"href":"https:\/\/roveyayinevi.com.tr\/index.php\/wp-json\/wp\/v2\/types\/product"}],"wp:attachment":[{"href":"https:\/\/roveyayinevi.com.tr\/index.php\/wp-json\/wp\/v2\/media?parent=696893"}],"wp:term":[{"taxonomy":"product_brand","embeddable":true,"href":"https:\/\/roveyayinevi.com.tr\/index.php\/wp-json\/wp\/v2\/product_brand?post=696893"},{"taxonomy":"product_cat","embeddable":true,"href":"https:\/\/roveyayinevi.com.tr\/index.php\/wp-json\/wp\/v2\/product_cat?post=696893"},{"taxonomy":"product_tag","embeddable":true,"href":"https:\/\/roveyayinevi.com.tr\/index.php\/wp-json\/wp\/v2\/product_tag?post=696893"}],"curies":[{"name":"wp","href":"https:\/\/api.w.org\/{rel}","templated":true}]}}