{"id":696892,"date":"2025-08-27T14:37:09","date_gmt":"2025-08-27T11:37:09","guid":{"rendered":"https:\/\/roveyayinevi.com.tr\/index.php\/urun\/canavar-pesinde-serisi-11-altin-zirh-orumcek-kral-araknid\/"},"modified":"2026-04-16T02:06:46","modified_gmt":"2026-04-15T23:06:46","slug":"canavar-pesinde-serisi-11-altin-zirh-orumcek-kral-araknid","status":"publish","type":"product","link":"https:\/\/roveyayinevi.com.tr\/index.php\/urun\/canavar-pesinde-serisi-11-altin-zirh-orumcek-kral-araknid\/","title":{"rendered":"Canavar Pe\u015finde Serisi 11 &#8211; Alt\u0131n Z\u0131rh (\u00d6r\u00fcmcek Kral Araknid)"},"content":{"rendered":"<p>K\u00f6t\u00fc B\u00fcy\u00fcc\u00fc Malvel sihirli alt\u0131n z\u0131rh\u0131 \u00e7ald\u0131 ve par\u00e7alar\u0131n\u0131 Avantia\u2019n\u0131n d\u00f6rt bir yan\u0131na gizledi. Tom bu par\u00e7alar\u0131 bulmak zorunda ancak her biri, Malvel\u2019in yaratt\u0131\u011f\u0131 alt\u0131 korkun\u00e7 canavar taraf\u0131ndan korunuyor. Avantia ma\u011faralar\u0131nda pusuya yatm\u0131\u015f bekleyen korkun\u00e7 bir canavar var: \u00d6r\u00fcmcek Kral Araknid&#8230; Y\u00f6re halk\u0131n\u0131n k\u00e2busu olan bu kocaman canavar, alt\u0131n z\u0131rh\u0131n bir ba\u015fka par\u00e7as\u0131n\u0131 koruyor. Tom bu par\u00e7ay\u0131 canavardan almak zorunda, yoksa krall\u0131\u011f\u0131 kurtaramayacak&#8230;<\/p>\n","protected":false},"excerpt":{"rendered":"<p>K\u00f6t\u00fc B\u00fcy\u00fcc\u00fc Malvel sihirli alt\u0131n z\u0131rh\u0131 \u00e7ald\u0131 ve par\u00e7alar\u0131n\u0131 Avantia\u2019n\u0131n d\u00f6rt bir yan\u0131na gizledi. Tom bu par\u00e7alar\u0131 bulmak zorunda ancak her biri, Malvel\u2019in yaratt\u0131\u011f\u0131 alt\u0131 korkun\u00e7<span class=\"excerpt-hellip\"> [\u2026]<\/span><\/p>\n","protected":false},"featured_media":0,"template":"","meta":{"_monsterinsights_skip_tracking":false,"_monsterinsights_sitenote_active":false,"_monsterinsights_sitenote_note":"","_monsterinsights_sitenote_category":0},"product_brand":[],"product_cat":[12274,12631],"product_tag":[],"class_list":{"0":"post-696892","1":"product","2":"type-product","3":"status-publish","5":"product_cat-cocuk-ve-genclik-kitaplari","6":"product_cat-diger-cocuk-ve-genclik-kitaplari","7":"pa_cilt-ciltsiz","8":"pa_tur-kitap","9":"pa_yayinevi-beyaz-balina-yayinlari","10":"pa_yazar-adam-blade","12":"first","13":"instock","14":"sale","15":"shipping-taxable","16":"purchasable","17":"product-type-simple"},"_links":{"self":[{"href":"https:\/\/roveyayinevi.com.tr\/index.php\/wp-json\/wp\/v2\/product\/696892","targetHints":{"allow":["GET"]}}],"collection":[{"href":"https:\/\/roveyayinevi.com.tr\/index.php\/wp-json\/wp\/v2\/product"}],"about":[{"href":"https:\/\/roveyayinevi.com.tr\/index.php\/wp-json\/wp\/v2\/types\/product"}],"wp:attachment":[{"href":"https:\/\/roveyayinevi.com.tr\/index.php\/wp-json\/wp\/v2\/media?parent=696892"}],"wp:term":[{"taxonomy":"product_brand","embeddable":true,"href":"https:\/\/roveyayinevi.com.tr\/index.php\/wp-json\/wp\/v2\/product_brand?post=696892"},{"taxonomy":"product_cat","embeddable":true,"href":"https:\/\/roveyayinevi.com.tr\/index.php\/wp-json\/wp\/v2\/product_cat?post=696892"},{"taxonomy":"product_tag","embeddable":true,"href":"https:\/\/roveyayinevi.com.tr\/index.php\/wp-json\/wp\/v2\/product_tag?post=696892"}],"curies":[{"name":"wp","href":"https:\/\/api.w.org\/{rel}","templated":true}]}}