{"id":696880,"date":"2025-08-27T14:37:05","date_gmt":"2025-08-27T11:37:05","guid":{"rendered":"https:\/\/roveyayinevi.com.tr\/index.php\/urun\/bale-okulu-benim-guzel-pabuclarim\/"},"modified":"2026-04-16T02:06:46","modified_gmt":"2026-04-15T23:06:46","slug":"bale-okulu-benim-guzel-pabuclarim","status":"publish","type":"product","link":"https:\/\/roveyayinevi.com.tr\/index.php\/urun\/bale-okulu-benim-guzel-pabuclarim\/","title":{"rendered":"Bale Okulu &#8211; Benim G\u00fczel Pabu\u00e7lar\u0131m"},"content":{"rendered":"<p>6. 7. 8. S\u0131n\u0131f. Dostluk &#8211; Sadakat &#8211; Dayan\u0131\u015fma S\u0131nav heyecan\u0131yla sa\u011flam arkada\u015fl\u0131klar\u0131n temellerinin at\u0131ld\u0131\u011f\u0131, sevimli bir roman&#8230; Kat\u0131 disipliniyle tan\u0131nan Bale Okulu, bir\u00e7ok gencin r\u00fcyas\u0131. Dansa ve m\u00fczi\u011fe tutkuyla ba\u011fl\u0131 bir grup aday\u0131n gelece\u011fi, okulda girecekleri s\u0131nava ba\u011fl\u0131&#8230; \u00dcnl\u00fc bir balerine benzerli\u011fiyle dikkat \u00e7eken Viola ile arkada\u015flar\u0131, okula kabul edilecekler mi? Okula girseler bile kat\u0131 disiplin kurallar\u0131yla ba\u015fa \u00e7\u0131kmalar\u0131 gerekiyor&#8230;<\/p>\n","protected":false},"excerpt":{"rendered":"<p>6. 7. 8. S\u0131n\u0131f. Dostluk &#8211; Sadakat &#8211; Dayan\u0131\u015fma S\u0131nav heyecan\u0131yla sa\u011flam arkada\u015fl\u0131klar\u0131n temellerinin at\u0131ld\u0131\u011f\u0131, sevimli bir roman&#8230; Kat\u0131 disipliniyle tan\u0131nan Bale Okulu, bir\u00e7ok gencin r\u00fcyas\u0131.<span class=\"excerpt-hellip\"> [\u2026]<\/span><\/p>\n","protected":false},"featured_media":0,"template":"","meta":{"_monsterinsights_skip_tracking":false,"_monsterinsights_sitenote_active":false,"_monsterinsights_sitenote_note":"","_monsterinsights_sitenote_category":0},"product_brand":[],"product_cat":[12274,12284],"product_tag":[],"class_list":{"0":"post-696880","1":"product","2":"type-product","3":"status-publish","5":"product_cat-cocuk-ve-genclik-kitaplari","6":"product_cat-hikayeler","7":"pa_cilt-ciltsiz","8":"pa_tur-kitap","9":"pa_yayinevi-beyaz-balina-yayinlari","10":"pa_yazar-aurora-marsotto","12":"first","13":"instock","14":"sale","15":"shipping-taxable","16":"purchasable","17":"product-type-simple"},"_links":{"self":[{"href":"https:\/\/roveyayinevi.com.tr\/index.php\/wp-json\/wp\/v2\/product\/696880","targetHints":{"allow":["GET"]}}],"collection":[{"href":"https:\/\/roveyayinevi.com.tr\/index.php\/wp-json\/wp\/v2\/product"}],"about":[{"href":"https:\/\/roveyayinevi.com.tr\/index.php\/wp-json\/wp\/v2\/types\/product"}],"wp:attachment":[{"href":"https:\/\/roveyayinevi.com.tr\/index.php\/wp-json\/wp\/v2\/media?parent=696880"}],"wp:term":[{"taxonomy":"product_brand","embeddable":true,"href":"https:\/\/roveyayinevi.com.tr\/index.php\/wp-json\/wp\/v2\/product_brand?post=696880"},{"taxonomy":"product_cat","embeddable":true,"href":"https:\/\/roveyayinevi.com.tr\/index.php\/wp-json\/wp\/v2\/product_cat?post=696880"},{"taxonomy":"product_tag","embeddable":true,"href":"https:\/\/roveyayinevi.com.tr\/index.php\/wp-json\/wp\/v2\/product_tag?post=696880"}],"curies":[{"name":"wp","href":"https:\/\/api.w.org\/{rel}","templated":true}]}}