{"id":696877,"date":"2025-08-27T14:37:05","date_gmt":"2025-08-27T11:37:05","guid":{"rendered":"https:\/\/roveyayinevi.com.tr\/index.php\/urun\/ates-hanimin-col-dersleri-afacanlar-okulda\/"},"modified":"2026-04-16T02:06:46","modified_gmt":"2026-04-15T23:06:46","slug":"ates-hanimin-col-dersleri-afacanlar-okulda","status":"publish","type":"product","link":"https:\/\/roveyayinevi.com.tr\/index.php\/urun\/ates-hanimin-col-dersleri-afacanlar-okulda\/","title":{"rendered":"Ate\u015f Han\u0131m\u2019\u0131n \u00c7\u00f6l Dersleri &#8211; Afacanlar Okulda"},"content":{"rendered":"<p>E\u011flendirirken \u00f6\u011freten &#8220;Afacanlar Okulda&#8221; serisi, yeni kitaplarla devam ediyor! Ate\u015f Han\u0131m, &#8220;G\u00f6zlerinizi kapay\u0131n ve be\u015fe kadar say\u0131n,&#8221; dedi. G\u00f6z\u00fcm\u00fcz\u00fc a\u00e7t\u0131\u011f\u0131m\u0131zda, g\u00fcnd\u00fcz gece olmu\u015ftu! Bizim okulumuz, di\u011fer okullardan \u00e7ok farkl\u0131d\u0131r. \u00d6ncelikle, \u00f6\u011fretmenlerimizi ele alal\u0131m. Ate\u015f Han\u0131m, ad\u0131 gibi s\u0131cak \u00e7\u00f6llere bay\u0131l\u0131r. Onun dersleri, sahiden de sihirli! \u015eunlar\u0131 \u00f6\u011frendik: Dev kakt\u00fcs: Bir tanesi s\u0131n\u0131f\u0131m\u0131z\u0131n d\u00f6\u015femelerini par\u00e7alay\u0131p \u00fcst\u00fcm\u00fcze f\u0131rlad\u0131! Develer: Biriyle sohbet bile ettik! Sahra \u00c7\u00f6l\u00fc: S\u0131n\u0131f\u0131m\u0131z\u0131n dolab\u0131ndan ge\u00e7tik ve bu \u00fcnl\u00fc \u00e7\u00f6le \u00e7\u0131kt\u0131k! Buras\u0131 harika. Gelin de kendi g\u00f6zlerinizle g\u00f6r\u00fcn!.. \ufffc\ufffcTan\u0131t\u0131m Metni<\/p>\n","protected":false},"excerpt":{"rendered":"<p>E\u011flendirirken \u00f6\u011freten &#8220;Afacanlar Okulda&#8221; serisi, yeni kitaplarla devam ediyor! Ate\u015f Han\u0131m, &#8220;G\u00f6zlerinizi kapay\u0131n ve be\u015fe kadar say\u0131n,&#8221; dedi. G\u00f6z\u00fcm\u00fcz\u00fc a\u00e7t\u0131\u011f\u0131m\u0131zda, g\u00fcnd\u00fcz gece olmu\u015ftu! Bizim okulumuz, di\u011fer<span class=\"excerpt-hellip\"> [\u2026]<\/span><\/p>\n","protected":false},"featured_media":0,"template":"","meta":{"_monsterinsights_skip_tracking":false,"_monsterinsights_sitenote_active":false,"_monsterinsights_sitenote_note":"","_monsterinsights_sitenote_category":0},"product_brand":[],"product_cat":[12492,12274],"product_tag":[],"class_list":{"0":"post-696877","1":"product","2":"type-product","3":"status-publish","5":"product_cat-bilmece-bulmaca","6":"product_cat-cocuk-ve-genclik-kitaplari","7":"pa_cilt-ciltsiz","8":"pa_tur-kitap","9":"pa_yayinevi-beyaz-balina-yayinlari","10":"pa_yazar-valerie-wilding","12":"first","13":"instock","14":"sale","15":"shipping-taxable","16":"purchasable","17":"product-type-simple"},"_links":{"self":[{"href":"https:\/\/roveyayinevi.com.tr\/index.php\/wp-json\/wp\/v2\/product\/696877","targetHints":{"allow":["GET"]}}],"collection":[{"href":"https:\/\/roveyayinevi.com.tr\/index.php\/wp-json\/wp\/v2\/product"}],"about":[{"href":"https:\/\/roveyayinevi.com.tr\/index.php\/wp-json\/wp\/v2\/types\/product"}],"wp:attachment":[{"href":"https:\/\/roveyayinevi.com.tr\/index.php\/wp-json\/wp\/v2\/media?parent=696877"}],"wp:term":[{"taxonomy":"product_brand","embeddable":true,"href":"https:\/\/roveyayinevi.com.tr\/index.php\/wp-json\/wp\/v2\/product_brand?post=696877"},{"taxonomy":"product_cat","embeddable":true,"href":"https:\/\/roveyayinevi.com.tr\/index.php\/wp-json\/wp\/v2\/product_cat?post=696877"},{"taxonomy":"product_tag","embeddable":true,"href":"https:\/\/roveyayinevi.com.tr\/index.php\/wp-json\/wp\/v2\/product_tag?post=696877"}],"curies":[{"name":"wp","href":"https:\/\/api.w.org\/{rel}","templated":true}]}}