{"id":696874,"date":"2025-08-27T14:37:04","date_gmt":"2025-08-27T11:37:04","guid":{"rendered":"https:\/\/roveyayinevi.com.tr\/index.php\/urun\/islam-ekonomi-felsefesi\/"},"modified":"2026-04-16T02:06:46","modified_gmt":"2026-04-15T23:06:46","slug":"islam-ekonomi-felsefesi","status":"publish","type":"product","link":"https:\/\/roveyayinevi.com.tr\/index.php\/urun\/islam-ekonomi-felsefesi\/","title":{"rendered":"\u0130slam Ekonomi Felsefesi"},"content":{"rendered":"<p>T\u00fcrkiye\u2019de \u0130slam ekonomisi \u00fczerine yap\u0131lan \u00e7al\u0131\u015fmalar\u0131n say\u0131s\u0131 hen\u00fcz yeterli seviyeye ula\u015fm\u0131\u015f de\u011fildir. Gerek di\u011fer sistemlerle mukayeseli \u00e7al\u0131\u015fmalar, gerek teorik tespitler ve gerekse pratik ihtiya\u00e7lara y\u00f6nelik \u00e7al\u0131\u015fmalar, say\u0131lara yan\u0131nda muhteva olarak da hen\u00fcz ba\u015flang\u0131\u00e7 denilebilecek bir a\u015famadad\u0131r. Bu nedenle \u0130slam ekonomisi \u00fczerinde daha \u00e7ok \u00e7al\u0131\u015fmaya ve bu konudaki ara\u015ft\u0131rmac\u0131lara ihtiya\u00e7 vard\u0131r. Elinizdeki kitap, sekiz ayn\u0131 \u00e7al\u0131\u015fmadan olu\u015fmu\u015ftur. Bu derleme, \u00f6zellikle \u0130slam Ekonomisi \u00fczerinde ara\u015ft\u0131rma yapacaklara rehberlik edecektir. <\/p>\n","protected":false},"excerpt":{"rendered":"<p>T\u00fcrkiye\u2019de \u0130slam ekonomisi \u00fczerine yap\u0131lan \u00e7al\u0131\u015fmalar\u0131n say\u0131s\u0131 hen\u00fcz yeterli seviyeye ula\u015fm\u0131\u015f de\u011fildir. Gerek di\u011fer sistemlerle mukayeseli \u00e7al\u0131\u015fmalar, gerek teorik tespitler ve gerekse pratik ihtiya\u00e7lara y\u00f6nelik \u00e7al\u0131\u015fmalar,<span class=\"excerpt-hellip\"> [\u2026]<\/span><\/p>\n","protected":false},"featured_media":0,"template":"","meta":{"_monsterinsights_skip_tracking":false,"_monsterinsights_sitenote_active":false,"_monsterinsights_sitenote_note":"","_monsterinsights_sitenote_category":0},"product_brand":[],"product_cat":[12718,12719,13025],"product_tag":[],"class_list":{"0":"post-696874","1":"product","2":"type-product","3":"status-publish","5":"product_cat-din","6":"product_cat-islam","7":"product_cat-islam-ve-gunumuz-islam-dusuncesi","8":"pa_tur-kitap","9":"pa_yayinevi-berikan-yayinlari","10":"pa_yazar-faruk-yilmaz","12":"first","13":"instock","14":"sale","15":"shipping-taxable","16":"purchasable","17":"product-type-simple"},"_links":{"self":[{"href":"https:\/\/roveyayinevi.com.tr\/index.php\/wp-json\/wp\/v2\/product\/696874","targetHints":{"allow":["GET"]}}],"collection":[{"href":"https:\/\/roveyayinevi.com.tr\/index.php\/wp-json\/wp\/v2\/product"}],"about":[{"href":"https:\/\/roveyayinevi.com.tr\/index.php\/wp-json\/wp\/v2\/types\/product"}],"wp:attachment":[{"href":"https:\/\/roveyayinevi.com.tr\/index.php\/wp-json\/wp\/v2\/media?parent=696874"}],"wp:term":[{"taxonomy":"product_brand","embeddable":true,"href":"https:\/\/roveyayinevi.com.tr\/index.php\/wp-json\/wp\/v2\/product_brand?post=696874"},{"taxonomy":"product_cat","embeddable":true,"href":"https:\/\/roveyayinevi.com.tr\/index.php\/wp-json\/wp\/v2\/product_cat?post=696874"},{"taxonomy":"product_tag","embeddable":true,"href":"https:\/\/roveyayinevi.com.tr\/index.php\/wp-json\/wp\/v2\/product_tag?post=696874"}],"curies":[{"name":"wp","href":"https:\/\/api.w.org\/{rel}","templated":true}]}}