{"id":696870,"date":"2025-08-27T14:37:03","date_gmt":"2025-08-27T11:37:03","guid":{"rendered":"https:\/\/roveyayinevi.com.tr\/index.php\/urun\/olumluluk-olumsuzluk-ve-diger-hayat-stratejileri\/"},"modified":"2026-04-16T02:06:45","modified_gmt":"2026-04-15T23:06:45","slug":"olumluluk-olumsuzluk-ve-diger-hayat-stratejileri","status":"publish","type":"product","link":"https:\/\/roveyayinevi.com.tr\/index.php\/urun\/olumluluk-olumsuzluk-ve-diger-hayat-stratejileri\/","title":{"rendered":"\u00d6l\u00fcml\u00fcl\u00fck, \u00d6l\u00fcms\u00fczl\u00fck ve Di\u011fer Hayat Stratejileri"},"content":{"rendered":"<p>\u00d6l\u00fcml\u00fcl\u00fck, d\u00fcnya \u00fczerindeki her \u015feyi de\u011fi\u015ftirebilece\u011fi ve kendine uyarlayabilece\u011fi inanc\u0131ndan beslenen insanl\u0131\u011f\u0131n en b\u00fcy\u00fck yenilgisidir. \u201c\u00d6l\u00fcms\u00fcz eserler\u201d vermek yoluyla, bedeninin \u00f6l\u00fcml\u00fcl\u00fc\u011f\u00fcn\u00fc d\u00fc\u015f\u00fcncenin \u00f6l\u00fcms\u00fczl\u00fc\u011f\u00fcyle alt etme \u00e7abas\u0131, insan\u0131n \u00f6l\u00fcml\u00fcl\u00fck kar\u015f\u0131s\u0131ndaki en masum \u00e7abalar\u0131ndand\u0131r. Tarih, bir bak\u0131ma, y\u00f6netici s\u0131n\u0131flar\u0131n adlar\u0131n\u0131 \u00f6l\u00fcms\u00fczler listesine yazd\u0131rmak i\u00e7in yapt\u0131\u011f\u0131 fetihlerin kayd\u0131d\u0131r. D\u00fcnya y\u00fcz\u00fcndeki sava\u015flar, Yahudi soyk\u0131r\u0131m\u0131, etnik \u201ctemizlik\u201d hareketlerinin t\u00fcm\u00fc, \u00f6l\u00fcml\u00fcl\u00fc\u011f\u00fcn kayna\u011f\u0131 olarak g\u00f6r\u00fclen \u201ckirlili\u011fi\u201d kan ak\u0131tarak ortadan kald\u0131rmak ve b\u00f6ylece \u00f6l\u00fcms\u00fczl\u00fc\u011fe yakla\u015fmak i\u00e7in yap\u0131lm\u0131\u015f katliamlard\u0131r. Sa\u011fl\u0131k alan\u0131ndaki b\u00fct\u00fcn \u201cgeli\u015fmeler\u201d, hastal\u0131klara kar\u015f\u0131 al\u0131nan \u00f6nlemler, spor yapmak, beslenme rejimleri, hijyen saplant\u0131s\u0131\u2026 bunlar\u0131n hepsi, modernitenin ba\u015fa \u00e7\u0131kamad\u0131\u011f\u0131 \u00f6l\u00fcml\u00fcl\u00fc\u011f\u00fcn yap\u0131s\u0131n\u0131 bozarak onu \u00fcstesinden gelinebilir par\u00e7alara ay\u0131rma stratejisinin \u00f6\u011feleridir. Modernite, \u00f6l\u00fcm\u00fc tecrit etmi\u015f, mezarl\u0131klar\u0131 ve cenaze t\u00f6renlerini g\u00fcnl\u00fck ya\u015fam\u0131n uza\u011f\u0131na ta\u015f\u0131m\u0131\u015f, adeta ki\u015fisel bir su\u00e7a d\u00f6n\u00fc\u015ft\u00fcrm\u00fc\u015ft\u00fc: Nedensiz \u00f6l\u00fcm yoktur; \u00f6len ya sigara i\u00e7ti\u011fi i\u00e7in ya spor yapmad\u0131\u011f\u0131 i\u00e7in ya hastal\u0131klara kar\u015f\u0131 gerekli \u00f6nlemi almad\u0131\u011f\u0131 i\u00e7in ya da kar\u015f\u0131dan kar\u015f\u0131ya ge\u00e7erken sa\u011f\u0131na soluna bakmad\u0131\u011f\u0131 i\u00e7in \u00f6lm\u00fc\u015ft\u00fcr. Su\u00e7ludur! Ya\u015fam\u0131 s\u00fcrekli bir tiyatro sahnesine d\u00f6n\u00fc\u015ft\u00fcren postmodernite ise, \u00f6l\u00fcm\u00fc haber b\u00fcltenlerinde bir sonraki habere kadar ak\u0131lda kalacak bir olaya d\u00f6n\u00fc\u015ft\u00fcr\u00fcr; \u00f6l\u00fcms\u00fczl\u00fck, televizyon ekranlar\u0131nda birka\u00e7 saniye g\u00f6r\u00fcnerek \u015f\u00f6hret olmakta yatar. \u00d6l\u00fcm, ya\u015fam\u0131n nihai olarak sona eri\u015fi de\u011fil, \u015f\u00f6hretin zirvesinden d\u00fc\u015f\u00fcp ortadan kaybolmak demektir. Ortadan kaybolma, \u00f6l\u00fcml\u00fcl\u00fck kar\u015f\u0131s\u0131nda postmodernitenin ya\u015fam stratejisidir. ZygmuntBauman, \u00d6l\u00fcml\u00fcl\u00fck, \u00d6l\u00fcms\u00fczl\u00fck ve Di\u011fer Hayat Stratejileri adl\u0131 bu kitab\u0131nda sava\u015f\u0131, bilimi, teknolojiyi, a\u015fk\u0131, cinselli\u011fi, iktidar\u0131, medyay\u0131, k\u0131saca insanl\u0131k tarihini, ya\u015fam ve \u00f6l\u00fcm \u00fczerine yeniden kuruyor; insanl\u0131\u011f\u0131n ka\u00e7\u0131n\u0131lmaz ve de\u011fi\u015ftirilemez yazg\u0131s\u0131 olan \u00f6l\u00fcm kar\u015f\u0131s\u0131ndaki beyhude \u00e7abas\u0131n\u0131, ba\u015far\u0131s\u0131zl\u0131\u011f\u0131n\u0131 g\u00f6zler \u00f6n\u00fcne seriyor. Kulislere t\u0131k\u0131\u015f\u0131p oyundaki s\u0131ram\u0131z\u0131n gelmesini bekledi\u011fimiz bu tiyatro sahnesinde, \u00f6l\u00fcme ve \u00f6ld\u00fcrmeye kar\u015f\u0131ahl\u00e2ki tutumu ara\u015ft\u0131r\u0131yor. Derinlikli oldu\u011fu kadar k\u0131\u015fk\u0131rt\u0131c\u0131 da olan bu \u00e7al\u0131\u015fma, sosyoloji, antropoloji, teoloji ve felsefe alanlar\u0131n\u0131n m\u00fcdavimlerinin yan\u0131 s\u0131ra \u00f6l\u00fcm \u00fczerine d\u00fc\u015f\u00fcnen b\u00fct\u00fcn okurlar\u0131n ilgisini \u00e7ekecektir. <\/p>\n","protected":false},"excerpt":{"rendered":"<p>\u00d6l\u00fcml\u00fcl\u00fck, d\u00fcnya \u00fczerindeki her \u015feyi de\u011fi\u015ftirebilece\u011fi ve kendine uyarlayabilece\u011fi inanc\u0131ndan beslenen insanl\u0131\u011f\u0131n en b\u00fcy\u00fck yenilgisidir. \u201c\u00d6l\u00fcms\u00fcz eserler\u201d vermek yoluyla, bedeninin \u00f6l\u00fcml\u00fcl\u00fc\u011f\u00fcn\u00fc d\u00fc\u015f\u00fcncenin \u00f6l\u00fcms\u00fczl\u00fc\u011f\u00fcyle alt etme \u00e7abas\u0131,<span class=\"excerpt-hellip\"> [\u2026]<\/span><\/p>\n","protected":false},"featured_media":0,"template":"","meta":{"_monsterinsights_skip_tracking":false,"_monsterinsights_sitenote_active":false,"_monsterinsights_sitenote_note":"","_monsterinsights_sitenote_category":0},"product_brand":[],"product_cat":[12388,15309],"product_tag":[],"class_list":{"0":"post-696870","1":"product","2":"type-product","3":"status-publish","5":"product_cat-felsefe","6":"product_cat-felsefi-akimlar","7":"pa_cilt-ciltsiz","8":"pa_tur-kitap","9":"pa_yayinevi-ayrinti-yayinlari","10":"pa_yazar-zygmunt-bauman","12":"first","13":"instock","14":"sale","15":"shipping-taxable","16":"purchasable","17":"product-type-simple"},"_links":{"self":[{"href":"https:\/\/roveyayinevi.com.tr\/index.php\/wp-json\/wp\/v2\/product\/696870","targetHints":{"allow":["GET"]}}],"collection":[{"href":"https:\/\/roveyayinevi.com.tr\/index.php\/wp-json\/wp\/v2\/product"}],"about":[{"href":"https:\/\/roveyayinevi.com.tr\/index.php\/wp-json\/wp\/v2\/types\/product"}],"wp:attachment":[{"href":"https:\/\/roveyayinevi.com.tr\/index.php\/wp-json\/wp\/v2\/media?parent=696870"}],"wp:term":[{"taxonomy":"product_brand","embeddable":true,"href":"https:\/\/roveyayinevi.com.tr\/index.php\/wp-json\/wp\/v2\/product_brand?post=696870"},{"taxonomy":"product_cat","embeddable":true,"href":"https:\/\/roveyayinevi.com.tr\/index.php\/wp-json\/wp\/v2\/product_cat?post=696870"},{"taxonomy":"product_tag","embeddable":true,"href":"https:\/\/roveyayinevi.com.tr\/index.php\/wp-json\/wp\/v2\/product_tag?post=696870"}],"curies":[{"name":"wp","href":"https:\/\/api.w.org\/{rel}","templated":true}]}}